{"id":8117,"date":"2024-01-08T17:15:45","date_gmt":"2024-01-08T17:15:45","guid":{"rendered":"https:\/\/disderot.com\/?post_type=product&#038;p=8117"},"modified":"2025-03-19T19:04:07","modified_gmt":"2025-03-19T19:04:07","slug":"applique-b206","status":"publish","type":"product","link":"https:\/\/disderot.com\/en\/produit\/applique-b206\/","title":{"rendered":"APPLIQUE B206"},"content":{"rendered":"<div class=\"wpb-content-wrapper\"><p>[vc_row][vc_column width=&#8221;1\/3&#8243;][vc_single_image image=&#8221;8123&#8243; img_size=&#8221;full&#8221; alignment=&#8221;right&#8221; label=&#8221;&#8221;][\/vc_column][vc_column width=&#8221;2\/3&#8243;][vc_column_text]<p class='designer-name'>Michel Buffet<\/p><p class='designer-dates'>1931<\/p><\/p>\n<p class=\"p1\">His studies at ENSAD put him at the heart of the influential milieu of interior architects of the Reconstruction period, such as Marcel Gascoin, and he came into contact with the first generation of French interior designers who were just ahead of him, such as Andr\u00e9 Monpoix and Pierre Guariche, with whom he became friends&#8230;<\/p>\n<p><a class='to-button tiny standard square to-button-border to-icon-anim' style='color: #7c7c7c; background: none !important; border-color: #7c7c7c;' href='https:\/\/disderot.com\/en\/michel-buffet\/' target='_self'><span style='color: #7c7c7c;'>En savoir +<\/span><\/a>[\/vc_column_text][\/vc_column][\/vc_row]<\/p>\n<\/div>","protected":false},"excerpt":{"rendered":"<p class='product-designer'>Michel Buffet<\/p><p class='product-year'>1953<\/p><p class='product-price'>Starting from  893,45 \u20ac<\/p><p class='product-ecopart'>including eco participation:  0.16 \u20ac<\/p>\n<p style=\"text-align: left;\">Michel Buffet created the B206 wall lamp in 1953. Of his creations for the home, the lighting fixtures stand out. Their abstract geometric shapes have stood the test of time without going out of fashion. Sculptures when they are switched off, they illuminate by reflection in a play of light and shadow.<\/p>\n<p class='portfolio-edition'>Numbered Edition,<br> Delivered with authentication certificate,<br> Made in France<\/p>\n","protected":false},"featured_media":8118,"template":"","meta":{"_acf_changed":false,"_monsterinsights_skip_tracking":false,"_monsterinsights_sitenote_active":false,"_monsterinsights_sitenote_note":"","_monsterinsights_sitenote_category":0},"product_brand":[],"product_cat":[127,313],"product_tag":[],"class_list":{"0":"post-8117","1":"product","2":"type-product","3":"status-publish","4":"has-post-thumbnail","6":"product_cat-applique","7":"product_cat-michel-buffet","9":"first","10":"instock","11":"taxable","12":"shipping-taxable","13":"purchasable","14":"product-type-variable"},"acf":[],"yoast_head":"<!-- This site is optimized with the Yoast SEO plugin v27.2 - https:\/\/yoast.com\/product\/yoast-seo-wordpress\/ -->\n<title>Applique B206 de Michel Buffet<\/title>\n<meta name=\"description\" content=\"Michel Buffet cr\u00e9\u00e9 l\u2019applique B206 en 1953. De ses cr\u00e9ations pour l\u2019habitat, on retiendra les luminaires. Leurs formes g\u00e9om\u00e9triques abstraites, leur ont permis de traverser le temps sans se d\u00e9moder.\" \/>\n<meta name=\"robots\" content=\"index, follow, max-snippet:-1, max-image-preview:large, max-video-preview:-1\" \/>\n<link rel=\"canonical\" href=\"https:\/\/disderot.com\/en\/produit\/applique-b206\/\" \/>\n<meta property=\"og:locale\" content=\"en_US\" \/>\n<meta property=\"og:type\" content=\"article\" \/>\n<meta property=\"og:title\" content=\"Applique B206 de Michel Buffet\" \/>\n<meta property=\"og:description\" content=\"Michel Buffet cr\u00e9\u00e9 l\u2019applique B206 en 1953. De ses cr\u00e9ations pour l\u2019habitat, on retiendra les luminaires. Leurs formes g\u00e9om\u00e9triques abstraites, leur ont permis de traverser le temps sans se d\u00e9moder.\" \/>\n<meta property=\"og:url\" content=\"https:\/\/disderot.com\/en\/produit\/applique-b206\/\" \/>\n<meta property=\"og:site_name\" content=\"Disderot\" \/>\n<meta property=\"article:modified_time\" content=\"2025-03-19T19:04:07+00:00\" \/>\n<meta property=\"og:image\" content=\"https:\/\/disderot.com\/wp-content\/uploads\/2024\/01\/B206-ima1.jpg\" \/>\n\t<meta property=\"og:image:width\" content=\"2000\" \/>\n\t<meta property=\"og:image:height\" content=\"2000\" \/>\n\t<meta property=\"og:image:type\" content=\"image\/jpeg\" \/>\n<meta name=\"twitter:card\" content=\"summary_large_image\" \/>\n<meta name=\"twitter:site\" content=\"@disderot_now\" \/>\n<meta name=\"twitter:label1\" content=\"Est. reading time\" \/>\n\t<meta name=\"twitter:data1\" content=\"1 minute\" \/>\n<script type=\"application\/ld+json\" class=\"yoast-schema-graph\">{\"@context\":\"https:\/\/schema.org\",\"@graph\":[{\"@type\":\"WebPage\",\"@id\":\"https:\/\/disderot.com\/en\/produit\/applique-b206\/\",\"url\":\"https:\/\/disderot.com\/en\/produit\/applique-b206\/\",\"name\":\"Applique B206 de Michel Buffet\",\"isPartOf\":{\"@id\":\"https:\/\/disderot.com\/en\/#website\"},\"primaryImageOfPage\":{\"@id\":\"https:\/\/disderot.com\/en\/produit\/applique-b206\/#primaryimage\"},\"image\":{\"@id\":\"https:\/\/disderot.com\/produit\/applique-b206\/#primaryimage\"},\"thumbnailUrl\":\"https:\/\/disderot.com\/wp-content\/uploads\/2024\/01\/B206-ima1.jpg\",\"datePublished\":\"2024-01-08T17:15:45+00:00\",\"dateModified\":\"2025-03-19T19:04:07+00:00\",\"description\":\"Michel Buffet cr\u00e9\u00e9 l\u2019applique B206 en 1953. De ses cr\u00e9ations pour l\u2019habitat, on retiendra les luminaires. Leurs formes g\u00e9om\u00e9triques abstraites, leur ont permis de traverser le temps sans se d\u00e9moder.\",\"breadcrumb\":{\"@id\":\"https:\/\/disderot.com\/en\/produit\/applique-b206\/#breadcrumb\"},\"inLanguage\":\"en-US\",\"potentialAction\":[{\"@type\":\"ReadAction\",\"target\":[[\"https:\/\/disderot.com\/en\/produit\/applique-b206\/\"]]}]},{\"@type\":\"ImageObject\",\"inLanguage\":\"en-US\",\"@id\":\"https:\/\/disderot.com\/en\/produit\/applique-b206\/#primaryimage\",\"url\":\"https:\/\/disderot.com\/wp-content\/uploads\/2024\/01\/B206-ima1.jpg\",\"contentUrl\":\"https:\/\/disderot.com\/wp-content\/uploads\/2024\/01\/B206-ima1.jpg\",\"width\":2000,\"height\":2000,\"caption\":\"APPLIQUE B206 MICHEL BUFFET 1953\"},{\"@type\":\"BreadcrumbList\",\"@id\":\"https:\/\/disderot.com\/en\/produit\/applique-b206\/#breadcrumb\",\"itemListElement\":[{\"@type\":\"ListItem\",\"position\":1,\"name\":\"Accueil\",\"item\":\"https:\/\/disderot.com\/en\/\"},{\"@type\":\"ListItem\",\"position\":2,\"name\":\"Boutique\",\"item\":\"https:\/\/disderot.com\/en\/boutique\/\"},{\"@type\":\"ListItem\",\"position\":3,\"name\":\"APPLIQUE B206\"}]},{\"@type\":\"WebSite\",\"@id\":\"https:\/\/disderot.com\/en\/#website\",\"url\":\"https:\/\/disderot.com\/en\/\",\"name\":\"Disderot\",\"description\":\"Luminaires de collections\",\"inLanguage\":\"en-US\"}]}<\/script>\n<!-- \/ Yoast SEO plugin. -->","yoast_head_json":{"title":"Applique B206 de Michel Buffet","description":"Michel Buffet cr\u00e9\u00e9 l\u2019applique B206 en 1953. De ses cr\u00e9ations pour l\u2019habitat, on retiendra les luminaires. Leurs formes g\u00e9om\u00e9triques abstraites, leur ont permis de traverser le temps sans se d\u00e9moder.","robots":{"index":"index","follow":"follow","max-snippet":"max-snippet:-1","max-image-preview":"max-image-preview:large","max-video-preview":"max-video-preview:-1"},"canonical":"https:\/\/disderot.com\/en\/produit\/applique-b206\/","og_locale":"en_US","og_type":"article","og_title":"Applique B206 de Michel Buffet","og_description":"Michel Buffet cr\u00e9\u00e9 l\u2019applique B206 en 1953. De ses cr\u00e9ations pour l\u2019habitat, on retiendra les luminaires. Leurs formes g\u00e9om\u00e9triques abstraites, leur ont permis de traverser le temps sans se d\u00e9moder.","og_url":"https:\/\/disderot.com\/en\/produit\/applique-b206\/","og_site_name":"Disderot","article_modified_time":"2025-03-19T19:04:07+00:00","og_image":[{"width":2000,"height":2000,"url":"https:\/\/disderot.com\/wp-content\/uploads\/2024\/01\/B206-ima1.jpg","type":"image\/jpeg"}],"twitter_card":"summary_large_image","twitter_site":"@disderot_now","twitter_misc":{"Est. reading time":"1 minute"},"schema":{"@context":"https:\/\/schema.org","@graph":[{"@type":"WebPage","@id":"https:\/\/disderot.com\/en\/produit\/applique-b206\/","url":"https:\/\/disderot.com\/en\/produit\/applique-b206\/","name":"Applique B206 de Michel Buffet","isPartOf":{"@id":"https:\/\/disderot.com\/en\/#website"},"primaryImageOfPage":{"@id":"https:\/\/disderot.com\/en\/produit\/applique-b206\/#primaryimage"},"image":{"@id":"https:\/\/disderot.com\/produit\/applique-b206\/#primaryimage"},"thumbnailUrl":"https:\/\/disderot.com\/wp-content\/uploads\/2024\/01\/B206-ima1.jpg","datePublished":"2024-01-08T17:15:45+00:00","dateModified":"2025-03-19T19:04:07+00:00","description":"Michel Buffet cr\u00e9\u00e9 l\u2019applique B206 en 1953. De ses cr\u00e9ations pour l\u2019habitat, on retiendra les luminaires. Leurs formes g\u00e9om\u00e9triques abstraites, leur ont permis de traverser le temps sans se d\u00e9moder.","breadcrumb":{"@id":"https:\/\/disderot.com\/en\/produit\/applique-b206\/#breadcrumb"},"inLanguage":"en-US","potentialAction":[{"@type":"ReadAction","target":[["https:\/\/disderot.com\/en\/produit\/applique-b206\/"]]}]},{"@type":"ImageObject","inLanguage":"en-US","@id":"https:\/\/disderot.com\/en\/produit\/applique-b206\/#primaryimage","url":"https:\/\/disderot.com\/wp-content\/uploads\/2024\/01\/B206-ima1.jpg","contentUrl":"https:\/\/disderot.com\/wp-content\/uploads\/2024\/01\/B206-ima1.jpg","width":2000,"height":2000,"caption":"APPLIQUE B206 MICHEL BUFFET 1953"},{"@type":"BreadcrumbList","@id":"https:\/\/disderot.com\/en\/produit\/applique-b206\/#breadcrumb","itemListElement":[{"@type":"ListItem","position":1,"name":"Accueil","item":"https:\/\/disderot.com\/en\/"},{"@type":"ListItem","position":2,"name":"Boutique","item":"https:\/\/disderot.com\/en\/boutique\/"},{"@type":"ListItem","position":3,"name":"APPLIQUE B206"}]},{"@type":"WebSite","@id":"https:\/\/disderot.com\/en\/#website","url":"https:\/\/disderot.com\/en\/","name":"Disderot","description":"Luminaires de collections","inLanguage":"en-US"}]}},"_links":{"self":[{"href":"https:\/\/disderot.com\/en\/wp-json\/wp\/v2\/product\/8117","targetHints":{"allow":["GET"]}}],"collection":[{"href":"https:\/\/disderot.com\/en\/wp-json\/wp\/v2\/product"}],"about":[{"href":"https:\/\/disderot.com\/en\/wp-json\/wp\/v2\/types\/product"}],"wp:featuredmedia":[{"embeddable":true,"href":"https:\/\/disderot.com\/en\/wp-json\/wp\/v2\/media\/8118"}],"wp:attachment":[{"href":"https:\/\/disderot.com\/en\/wp-json\/wp\/v2\/media?parent=8117"}],"wp:term":[{"taxonomy":"product_brand","embeddable":true,"href":"https:\/\/disderot.com\/en\/wp-json\/wp\/v2\/product_brand?post=8117"},{"taxonomy":"product_cat","embeddable":true,"href":"https:\/\/disderot.com\/en\/wp-json\/wp\/v2\/product_cat?post=8117"},{"taxonomy":"product_tag","embeddable":true,"href":"https:\/\/disderot.com\/en\/wp-json\/wp\/v2\/product_tag?post=8117"}],"curies":[{"name":"wp","href":"https:\/\/api.w.org\/{rel}","templated":true}]}}