{"id":7779,"date":"2022-07-05T12:09:05","date_gmt":"2022-07-05T12:09:05","guid":{"rendered":"https:\/\/disderot.com\/?post_type=product&#038;p=7779"},"modified":"2025-03-07T10:31:26","modified_gmt":"2025-03-07T10:31:26","slug":"lampe-10576","status":"publish","type":"product","link":"https:\/\/disderot.com\/en\/produit\/lampe-10576\/","title":{"rendered":"LAMPE 10576"},"content":{"rendered":"<div class=\"wpb-content-wrapper\"><p>[vc_row][vc_column width=&#8221;1\/3&#8243;][vc_single_image image=&#8221;5360&#8243; img_size=&#8221;full&#8221; alignment=&#8221;right&#8221; label=&#8221;&#8221;][\/vc_column][vc_column width=&#8221;2\/3&#8243;][vc_column_text]<p class='designer-name'>Michel Mortier<\/p><p class='designer-dates'>1925-2015<\/p><\/p>\n<p class=\"p1\">Michel Mortier was born in Paris in 1925. Very early, he graduated from the School of Arts Appliqu\u00e9s at age 19 where he followed the teaching of Louis Sognot, Ren\u00e9 Gabriel and Etienne-Henri Martin, some of the masters of the French modernity. He went on to hold positions of responsibility at Studium du Louvre and Bon March\u00e9 in Brussels until he was appointed director of Marcel Gascoin&#8217;s research department at the age of 24, ARHEC (Rational Development of Housing and Communities), until 1954.<\/p>\n<p><a class='to-button tiny standard square to-button-border to-icon-anim' style='color: #7c7c7c; background: none !important; border-color: #7c7c7c;' href='https:\/\/disderot.com\/en\/michel-mortier\/' target='_self'><span style='color: #7c7c7c;'>En savoir +<\/span><\/a>[\/vc_column_text][\/vc_column][\/vc_row]<\/p>\n<\/div>","protected":false},"excerpt":{"rendered":"<p class='product-designer'>Michel Mortier<\/p><p class='product-year'>1972<\/p><p class='product-price'>Starting from  without VAT 2 594,75 \u20ac<\/p><p class='product-ecopart'>including eco participation:  0.48 \u20ac<\/p>\n<p style=\"text-align: left;\">The N10576 lamp designed in 1972 by Michel Mortier was published at the time by Verre Lumi\u00e8re. Disderot reissues this very contemporary model, with its aluminum base and opal glass shade.<\/p>\n<input id='toggle' class='readmore-toggle' type='checkbox'><label class='readmore-label' for='toggle'>+ Read More<\/label>\n  <div id='expand' class='readmore-expand'>\n<p>The luminaire also exists as a larger table lamp and floor lamp (10497 and 10527). The base is available in 3 colors &#8211; white, orange and chamois &#8211; as in its origin.<\/p>\n<\/div>\n<p class='portfolio-edition'>Numbered Edition,<br> Delivered with authentication certificate,<br> Made in France<\/p>\n","protected":false},"featured_media":7786,"template":"","meta":{"_acf_changed":false,"_monsterinsights_skip_tracking":false,"_monsterinsights_sitenote_active":false,"_monsterinsights_sitenote_note":"","_monsterinsights_sitenote_category":0},"product_brand":[],"product_cat":[123,144],"product_tag":[],"class_list":{"0":"post-7779","1":"product","2":"type-product","3":"status-publish","4":"has-post-thumbnail","6":"product_cat-lampe-a-poser","7":"product_cat-michel-mortier","8":"product_shipping_class-j13","10":"first","11":"instock","12":"taxable","13":"shipping-taxable","14":"purchasable","15":"product-type-variable"},"acf":[],"yoast_head":"<!-- This site is optimized with the Yoast SEO plugin v27.2 - https:\/\/yoast.com\/product\/yoast-seo-wordpress\/ -->\n<title>Lampe 10576 Michel Mortier<\/title>\n<meta name=\"description\" content=\"Lampe \u00e0 poser 10576 blanche de Michel Mortier cr\u00e9\u00e9e en 1972. Me\u0301tal laque\u0301 blanc, verre opale 35 cm, Diam. 35 cm\" \/>\n<meta name=\"robots\" content=\"index, follow, max-snippet:-1, max-image-preview:large, max-video-preview:-1\" \/>\n<link rel=\"canonical\" href=\"https:\/\/disderot.com\/en\/produit\/lampe-10576\/\" \/>\n<meta property=\"og:locale\" content=\"en_US\" \/>\n<meta property=\"og:type\" content=\"article\" \/>\n<meta property=\"og:title\" content=\"Lampe 10576 Michel Mortier\" \/>\n<meta property=\"og:description\" content=\"Lampe \u00e0 poser 10576 blanche de Michel Mortier cr\u00e9\u00e9e en 1972. Me\u0301tal laque\u0301 blanc, verre opale 35 cm, Diam. 35 cm\" \/>\n<meta property=\"og:url\" content=\"https:\/\/disderot.com\/en\/produit\/lampe-10576\/\" \/>\n<meta property=\"og:site_name\" content=\"Disderot\" \/>\n<meta property=\"article:modified_time\" content=\"2025-03-07T10:31:26+00:00\" \/>\n<meta property=\"og:image\" content=\"https:\/\/disderot.com\/wp-content\/uploads\/2022\/07\/10576-blanc.jpg\" \/>\n\t<meta property=\"og:image:width\" content=\"2000\" \/>\n\t<meta property=\"og:image:height\" content=\"2000\" \/>\n\t<meta property=\"og:image:type\" content=\"image\/jpeg\" \/>\n<meta name=\"twitter:card\" content=\"summary_large_image\" \/>\n<meta name=\"twitter:site\" content=\"@disderot_now\" \/>\n<meta name=\"twitter:label1\" content=\"Est. reading time\" \/>\n\t<meta name=\"twitter:data1\" content=\"1 minute\" \/>\n<script type=\"application\/ld+json\" class=\"yoast-schema-graph\">{\"@context\":\"https:\/\/schema.org\",\"@graph\":[{\"@type\":\"WebPage\",\"@id\":\"https:\/\/disderot.com\/en\/produit\/lampe-10576\/\",\"url\":\"https:\/\/disderot.com\/en\/produit\/lampe-10576\/\",\"name\":\"Lampe 10576 Michel Mortier\",\"isPartOf\":{\"@id\":\"https:\/\/disderot.com\/en\/#website\"},\"primaryImageOfPage\":{\"@id\":\"https:\/\/disderot.com\/en\/produit\/lampe-10576\/#primaryimage\"},\"image\":{\"@id\":\"https:\/\/disderot.com\/produit\/lampe-10576\/#primaryimage\"},\"thumbnailUrl\":\"https:\/\/disderot.com\/wp-content\/uploads\/2022\/07\/10576-blanc.jpg\",\"datePublished\":\"2022-07-05T12:09:05+00:00\",\"dateModified\":\"2025-03-07T10:31:26+00:00\",\"description\":\"Lampe \u00e0 poser 10576 blanche de Michel Mortier cr\u00e9\u00e9e en 1972. Me\u0301tal laque\u0301 blanc, verre opale 35 cm, Diam. 35 cm\",\"breadcrumb\":{\"@id\":\"https:\/\/disderot.com\/en\/produit\/lampe-10576\/#breadcrumb\"},\"inLanguage\":\"en-US\",\"potentialAction\":[{\"@type\":\"ReadAction\",\"target\":[[\"https:\/\/disderot.com\/en\/produit\/lampe-10576\/\"]]}]},{\"@type\":\"ImageObject\",\"inLanguage\":\"en-US\",\"@id\":\"https:\/\/disderot.com\/en\/produit\/lampe-10576\/#primaryimage\",\"url\":\"https:\/\/disderot.com\/wp-content\/uploads\/2022\/07\/10576-blanc.jpg\",\"contentUrl\":\"https:\/\/disderot.com\/wp-content\/uploads\/2022\/07\/10576-blanc.jpg\",\"width\":2000,\"height\":2000,\"caption\":\"Lampe 10576 de Michel Mortier\"},{\"@type\":\"BreadcrumbList\",\"@id\":\"https:\/\/disderot.com\/en\/produit\/lampe-10576\/#breadcrumb\",\"itemListElement\":[{\"@type\":\"ListItem\",\"position\":1,\"name\":\"Accueil\",\"item\":\"https:\/\/disderot.com\/en\/\"},{\"@type\":\"ListItem\",\"position\":2,\"name\":\"Boutique\",\"item\":\"https:\/\/disderot.com\/en\/boutique\/\"},{\"@type\":\"ListItem\",\"position\":3,\"name\":\"LAMPE 10576\"}]},{\"@type\":\"WebSite\",\"@id\":\"https:\/\/disderot.com\/en\/#website\",\"url\":\"https:\/\/disderot.com\/en\/\",\"name\":\"Disderot\",\"description\":\"Luminaires de collections\",\"inLanguage\":\"en-US\"}]}<\/script>\n<!-- \/ Yoast SEO plugin. -->","yoast_head_json":{"title":"Lampe 10576 Michel Mortier","description":"Lampe \u00e0 poser 10576 blanche de Michel Mortier cr\u00e9\u00e9e en 1972. Me\u0301tal laque\u0301 blanc, verre opale 35 cm, Diam. 35 cm","robots":{"index":"index","follow":"follow","max-snippet":"max-snippet:-1","max-image-preview":"max-image-preview:large","max-video-preview":"max-video-preview:-1"},"canonical":"https:\/\/disderot.com\/en\/produit\/lampe-10576\/","og_locale":"en_US","og_type":"article","og_title":"Lampe 10576 Michel Mortier","og_description":"Lampe \u00e0 poser 10576 blanche de Michel Mortier cr\u00e9\u00e9e en 1972. Me\u0301tal laque\u0301 blanc, verre opale 35 cm, Diam. 35 cm","og_url":"https:\/\/disderot.com\/en\/produit\/lampe-10576\/","og_site_name":"Disderot","article_modified_time":"2025-03-07T10:31:26+00:00","og_image":[{"width":2000,"height":2000,"url":"https:\/\/disderot.com\/wp-content\/uploads\/2022\/07\/10576-blanc.jpg","type":"image\/jpeg"}],"twitter_card":"summary_large_image","twitter_site":"@disderot_now","twitter_misc":{"Est. reading time":"1 minute"},"schema":{"@context":"https:\/\/schema.org","@graph":[{"@type":"WebPage","@id":"https:\/\/disderot.com\/en\/produit\/lampe-10576\/","url":"https:\/\/disderot.com\/en\/produit\/lampe-10576\/","name":"Lampe 10576 Michel Mortier","isPartOf":{"@id":"https:\/\/disderot.com\/en\/#website"},"primaryImageOfPage":{"@id":"https:\/\/disderot.com\/en\/produit\/lampe-10576\/#primaryimage"},"image":{"@id":"https:\/\/disderot.com\/produit\/lampe-10576\/#primaryimage"},"thumbnailUrl":"https:\/\/disderot.com\/wp-content\/uploads\/2022\/07\/10576-blanc.jpg","datePublished":"2022-07-05T12:09:05+00:00","dateModified":"2025-03-07T10:31:26+00:00","description":"Lampe \u00e0 poser 10576 blanche de Michel Mortier cr\u00e9\u00e9e en 1972. Me\u0301tal laque\u0301 blanc, verre opale 35 cm, Diam. 35 cm","breadcrumb":{"@id":"https:\/\/disderot.com\/en\/produit\/lampe-10576\/#breadcrumb"},"inLanguage":"en-US","potentialAction":[{"@type":"ReadAction","target":[["https:\/\/disderot.com\/en\/produit\/lampe-10576\/"]]}]},{"@type":"ImageObject","inLanguage":"en-US","@id":"https:\/\/disderot.com\/en\/produit\/lampe-10576\/#primaryimage","url":"https:\/\/disderot.com\/wp-content\/uploads\/2022\/07\/10576-blanc.jpg","contentUrl":"https:\/\/disderot.com\/wp-content\/uploads\/2022\/07\/10576-blanc.jpg","width":2000,"height":2000,"caption":"Lampe 10576 de Michel Mortier"},{"@type":"BreadcrumbList","@id":"https:\/\/disderot.com\/en\/produit\/lampe-10576\/#breadcrumb","itemListElement":[{"@type":"ListItem","position":1,"name":"Accueil","item":"https:\/\/disderot.com\/en\/"},{"@type":"ListItem","position":2,"name":"Boutique","item":"https:\/\/disderot.com\/en\/boutique\/"},{"@type":"ListItem","position":3,"name":"LAMPE 10576"}]},{"@type":"WebSite","@id":"https:\/\/disderot.com\/en\/#website","url":"https:\/\/disderot.com\/en\/","name":"Disderot","description":"Luminaires de collections","inLanguage":"en-US"}]}},"_links":{"self":[{"href":"https:\/\/disderot.com\/en\/wp-json\/wp\/v2\/product\/7779","targetHints":{"allow":["GET"]}}],"collection":[{"href":"https:\/\/disderot.com\/en\/wp-json\/wp\/v2\/product"}],"about":[{"href":"https:\/\/disderot.com\/en\/wp-json\/wp\/v2\/types\/product"}],"wp:featuredmedia":[{"embeddable":true,"href":"https:\/\/disderot.com\/en\/wp-json\/wp\/v2\/media\/7786"}],"wp:attachment":[{"href":"https:\/\/disderot.com\/en\/wp-json\/wp\/v2\/media?parent=7779"}],"wp:term":[{"taxonomy":"product_brand","embeddable":true,"href":"https:\/\/disderot.com\/en\/wp-json\/wp\/v2\/product_brand?post=7779"},{"taxonomy":"product_cat","embeddable":true,"href":"https:\/\/disderot.com\/en\/wp-json\/wp\/v2\/product_cat?post=7779"},{"taxonomy":"product_tag","embeddable":true,"href":"https:\/\/disderot.com\/en\/wp-json\/wp\/v2\/product_tag?post=7779"}],"curies":[{"name":"wp","href":"https:\/\/api.w.org\/{rel}","templated":true}]}}