{"id":7481,"date":"2021-03-23T10:02:14","date_gmt":"2021-03-23T10:02:14","guid":{"rendered":"https:\/\/disderot.com\/?post_type=product&#038;p=7481"},"modified":"2025-03-07T14:41:25","modified_gmt":"2025-03-07T14:41:25","slug":"lampe-a-poser-a22","status":"publish","type":"product","link":"https:\/\/disderot.com\/en\/produit\/lampe-a-poser-a22\/","title":{"rendered":"LAMPE \u00c0 POSER A22"},"content":{"rendered":"<div class=\"wpb-content-wrapper\"><p>[vc_row][vc_column width=&#8221;1\/3&#8243;][vc_single_image image=&#8221;5411&#8243; img_size=&#8221;full&#8221; alignment=&#8221;right&#8221; label=&#8221;&#8221;][\/vc_column][vc_column width=&#8221;2\/3&#8243;][vc_column_text]<p class='designer-name'>Alain Richard<\/p><p class='designer-dates'>1926-2017<\/p><\/p>\n<p class=\"p1\">Born in 1926 in Bretagne, Alain Richard could have become a sailor. But his early skills guide him, between painting and architecture. He entered the National School of Decorative Arts in Paris. Alain Richard studied under the direction of Ren\u00e9 Gabriel, an emblematic figure of the aesthetics of reconstruction and spiritual father of a new generation of interior designers. And he became major of his promotion ahead of Pierre Guariche to immediately join the agency of his master. But the untimely death of the latter pushed him to found his own agency in 1952 with his wife Jacqueline Iribe, creator of fabrics and specialist in color, with which he will work all his life.<\/p>\n<p><a class='to-button tiny standard square to-button-border to-icon-anim' style='color: #7c7c7c; background: none !important; border-color: #7c7c7c;' href='https:\/\/disderot.com\/en\/alain-richard\/' target='_self'><span style='color: #7c7c7c;'>More<\/span><\/a>[\/vc_column_text][\/vc_column][\/vc_row]<\/p>\n<\/div>","protected":false},"excerpt":{"rendered":"<p class='product-designer'>Alain Richard<\/p><p class='product-year'>1960<\/p><p class='product-price'> without VAT 1753,73 \u20ac<\/p><p class='product-ecopart'>including eco participation:  0.16 \u20ac<\/p>\n<p style=\"text-align: left;\">Alain Richard doubtlessly invented the first French spotlight at the very end of the 1950&#8217;s. The lamp is amounted on rods for all different kinds of lighting : sconces, ceiling lights, desk lamps, free standing lamps etc. A few years later, he designed a semi spherical adjustable reflector using the same system.<\/p>\n<input id='toggle' class='readmore-toggle' type='checkbox'><label class='readmore-label' for='toggle'>+ Read More<\/label>\n  <div id='expand' class='readmore-expand'>\n<p>The half sphere can be oriented in all directions creating direct or indirect light.<br \/>\nThe sober modernity of this lamp combined with a high quality finish and wide range of colours made it a great success for Disderot &amp; Richard.<\/p>\n<\/div>\n<p class='portfolio-edition'>Numbered Edition,<br> Delivered with authentication certificate,<br> Made in France<\/p>\n<p><a class=\"disderot-custom-product\" href=\"mailto:support@disderot.com?subject=Tailored Applique 1013\">Tailored consult us<\/a><\/p>\n","protected":false},"featured_media":7493,"template":"","meta":{"_acf_changed":false,"_monsterinsights_skip_tracking":false,"_monsterinsights_sitenote_active":false,"_monsterinsights_sitenote_note":"","_monsterinsights_sitenote_category":0},"product_brand":[],"product_cat":[146,123],"product_tag":[],"class_list":{"0":"post-7481","1":"product","2":"type-product","3":"status-publish","4":"has-post-thumbnail","6":"product_cat-alain-richard","7":"product_cat-lampe-a-poser","9":"first","10":"instock","11":"taxable","12":"shipping-taxable","13":"purchasable","14":"product-type-variable"},"acf":[],"yoast_head":"<!-- This site is optimized with the Yoast SEO plugin v27.2 - https:\/\/yoast.com\/product\/yoast-seo-wordpress\/ -->\n<title>Lampe A22 Alain Richard - \u00c9dition Disderot<\/title>\n<meta name=\"description\" content=\"Petite lampe \u00e0 poser A22 d&#039;Alain Richard, hauteur de 19 cm. Cette petite lampe cr\u00e9\u00e9e en 1960 fait partie de la s\u00e9rie semi-sph\u00e9rique.\" \/>\n<meta name=\"robots\" content=\"index, follow, max-snippet:-1, max-image-preview:large, max-video-preview:-1\" \/>\n<link rel=\"canonical\" href=\"https:\/\/disderot.com\/en\/produit\/lampe-a-poser-a22\/\" \/>\n<meta property=\"og:locale\" content=\"en_US\" \/>\n<meta property=\"og:type\" content=\"article\" \/>\n<meta property=\"og:title\" content=\"Lampe A22 Alain Richard - \u00c9dition Disderot\" \/>\n<meta property=\"og:description\" content=\"Petite lampe \u00e0 poser A22 d&#039;Alain Richard, hauteur de 19 cm. Cette petite lampe cr\u00e9\u00e9e en 1960 fait partie de la s\u00e9rie semi-sph\u00e9rique.\" \/>\n<meta property=\"og:url\" content=\"https:\/\/disderot.com\/en\/produit\/lampe-a-poser-a22\/\" \/>\n<meta property=\"og:site_name\" content=\"Disderot\" \/>\n<meta property=\"article:modified_time\" content=\"2025-03-07T14:41:25+00:00\" \/>\n<meta property=\"og:image\" content=\"https:\/\/disderot.com\/wp-content\/uploads\/2021\/03\/A22-NB-image1.jpg\" \/>\n\t<meta property=\"og:image:width\" content=\"2000\" \/>\n\t<meta property=\"og:image:height\" content=\"2000\" \/>\n\t<meta property=\"og:image:type\" content=\"image\/jpeg\" \/>\n<meta name=\"twitter:card\" content=\"summary_large_image\" \/>\n<meta name=\"twitter:site\" content=\"@disderot_now\" \/>\n<meta name=\"twitter:label1\" content=\"Est. reading time\" \/>\n\t<meta name=\"twitter:data1\" content=\"1 minute\" \/>\n<script type=\"application\/ld+json\" class=\"yoast-schema-graph\">{\"@context\":\"https:\/\/schema.org\",\"@graph\":[{\"@type\":\"WebPage\",\"@id\":\"https:\/\/disderot.com\/en\/produit\/lampe-a-poser-a22\/\",\"url\":\"https:\/\/disderot.com\/en\/produit\/lampe-a-poser-a22\/\",\"name\":\"Lampe A22 Alain Richard - \u00c9dition Disderot\",\"isPartOf\":{\"@id\":\"https:\/\/disderot.com\/en\/#website\"},\"primaryImageOfPage\":{\"@id\":\"https:\/\/disderot.com\/en\/produit\/lampe-a-poser-a22\/#primaryimage\"},\"image\":{\"@id\":\"https:\/\/disderot.com\/produit\/lampe-a-poser-a22\/#primaryimage\"},\"thumbnailUrl\":\"https:\/\/disderot.com\/wp-content\/uploads\/2021\/03\/A22-NB-image1.jpg\",\"datePublished\":\"2021-03-23T10:02:14+00:00\",\"dateModified\":\"2025-03-07T14:41:25+00:00\",\"description\":\"Petite lampe \u00e0 poser A22 d'Alain Richard, hauteur de 19 cm. Cette petite lampe cr\u00e9\u00e9e en 1960 fait partie de la s\u00e9rie semi-sph\u00e9rique.\",\"breadcrumb\":{\"@id\":\"https:\/\/disderot.com\/en\/produit\/lampe-a-poser-a22\/#breadcrumb\"},\"inLanguage\":\"en-US\",\"potentialAction\":[{\"@type\":\"ReadAction\",\"target\":[[\"https:\/\/disderot.com\/en\/produit\/lampe-a-poser-a22\/\"]]}]},{\"@type\":\"ImageObject\",\"inLanguage\":\"en-US\",\"@id\":\"https:\/\/disderot.com\/en\/produit\/lampe-a-poser-a22\/#primaryimage\",\"url\":\"https:\/\/disderot.com\/wp-content\/uploads\/2021\/03\/A22-NB-image1.jpg\",\"contentUrl\":\"https:\/\/disderot.com\/wp-content\/uploads\/2021\/03\/A22-NB-image1.jpg\",\"width\":2000,\"height\":2000},{\"@type\":\"BreadcrumbList\",\"@id\":\"https:\/\/disderot.com\/en\/produit\/lampe-a-poser-a22\/#breadcrumb\",\"itemListElement\":[{\"@type\":\"ListItem\",\"position\":1,\"name\":\"Accueil\",\"item\":\"https:\/\/disderot.com\/en\/\"},{\"@type\":\"ListItem\",\"position\":2,\"name\":\"Boutique\",\"item\":\"https:\/\/disderot.com\/en\/boutique\/\"},{\"@type\":\"ListItem\",\"position\":3,\"name\":\"LAMPE \u00c0 POSER A22\"}]},{\"@type\":\"WebSite\",\"@id\":\"https:\/\/disderot.com\/en\/#website\",\"url\":\"https:\/\/disderot.com\/en\/\",\"name\":\"Disderot\",\"description\":\"Luminaires de collections\",\"inLanguage\":\"en-US\"}]}<\/script>\n<!-- \/ Yoast SEO plugin. -->","yoast_head_json":{"title":"Lampe A22 Alain Richard - \u00c9dition Disderot","description":"Petite lampe \u00e0 poser A22 d'Alain Richard, hauteur de 19 cm. Cette petite lampe cr\u00e9\u00e9e en 1960 fait partie de la s\u00e9rie semi-sph\u00e9rique.","robots":{"index":"index","follow":"follow","max-snippet":"max-snippet:-1","max-image-preview":"max-image-preview:large","max-video-preview":"max-video-preview:-1"},"canonical":"https:\/\/disderot.com\/en\/produit\/lampe-a-poser-a22\/","og_locale":"en_US","og_type":"article","og_title":"Lampe A22 Alain Richard - \u00c9dition Disderot","og_description":"Petite lampe \u00e0 poser A22 d'Alain Richard, hauteur de 19 cm. Cette petite lampe cr\u00e9\u00e9e en 1960 fait partie de la s\u00e9rie semi-sph\u00e9rique.","og_url":"https:\/\/disderot.com\/en\/produit\/lampe-a-poser-a22\/","og_site_name":"Disderot","article_modified_time":"2025-03-07T14:41:25+00:00","og_image":[{"width":2000,"height":2000,"url":"https:\/\/disderot.com\/wp-content\/uploads\/2021\/03\/A22-NB-image1.jpg","type":"image\/jpeg"}],"twitter_card":"summary_large_image","twitter_site":"@disderot_now","twitter_misc":{"Est. reading time":"1 minute"},"schema":{"@context":"https:\/\/schema.org","@graph":[{"@type":"WebPage","@id":"https:\/\/disderot.com\/en\/produit\/lampe-a-poser-a22\/","url":"https:\/\/disderot.com\/en\/produit\/lampe-a-poser-a22\/","name":"Lampe A22 Alain Richard - \u00c9dition Disderot","isPartOf":{"@id":"https:\/\/disderot.com\/en\/#website"},"primaryImageOfPage":{"@id":"https:\/\/disderot.com\/en\/produit\/lampe-a-poser-a22\/#primaryimage"},"image":{"@id":"https:\/\/disderot.com\/produit\/lampe-a-poser-a22\/#primaryimage"},"thumbnailUrl":"https:\/\/disderot.com\/wp-content\/uploads\/2021\/03\/A22-NB-image1.jpg","datePublished":"2021-03-23T10:02:14+00:00","dateModified":"2025-03-07T14:41:25+00:00","description":"Petite lampe \u00e0 poser A22 d'Alain Richard, hauteur de 19 cm. Cette petite lampe cr\u00e9\u00e9e en 1960 fait partie de la s\u00e9rie semi-sph\u00e9rique.","breadcrumb":{"@id":"https:\/\/disderot.com\/en\/produit\/lampe-a-poser-a22\/#breadcrumb"},"inLanguage":"en-US","potentialAction":[{"@type":"ReadAction","target":[["https:\/\/disderot.com\/en\/produit\/lampe-a-poser-a22\/"]]}]},{"@type":"ImageObject","inLanguage":"en-US","@id":"https:\/\/disderot.com\/en\/produit\/lampe-a-poser-a22\/#primaryimage","url":"https:\/\/disderot.com\/wp-content\/uploads\/2021\/03\/A22-NB-image1.jpg","contentUrl":"https:\/\/disderot.com\/wp-content\/uploads\/2021\/03\/A22-NB-image1.jpg","width":2000,"height":2000},{"@type":"BreadcrumbList","@id":"https:\/\/disderot.com\/en\/produit\/lampe-a-poser-a22\/#breadcrumb","itemListElement":[{"@type":"ListItem","position":1,"name":"Accueil","item":"https:\/\/disderot.com\/en\/"},{"@type":"ListItem","position":2,"name":"Boutique","item":"https:\/\/disderot.com\/en\/boutique\/"},{"@type":"ListItem","position":3,"name":"LAMPE \u00c0 POSER A22"}]},{"@type":"WebSite","@id":"https:\/\/disderot.com\/en\/#website","url":"https:\/\/disderot.com\/en\/","name":"Disderot","description":"Luminaires de collections","inLanguage":"en-US"}]}},"_links":{"self":[{"href":"https:\/\/disderot.com\/en\/wp-json\/wp\/v2\/product\/7481","targetHints":{"allow":["GET"]}}],"collection":[{"href":"https:\/\/disderot.com\/en\/wp-json\/wp\/v2\/product"}],"about":[{"href":"https:\/\/disderot.com\/en\/wp-json\/wp\/v2\/types\/product"}],"wp:featuredmedia":[{"embeddable":true,"href":"https:\/\/disderot.com\/en\/wp-json\/wp\/v2\/media\/7493"}],"wp:attachment":[{"href":"https:\/\/disderot.com\/en\/wp-json\/wp\/v2\/media?parent=7481"}],"wp:term":[{"taxonomy":"product_brand","embeddable":true,"href":"https:\/\/disderot.com\/en\/wp-json\/wp\/v2\/product_brand?post=7481"},{"taxonomy":"product_cat","embeddable":true,"href":"https:\/\/disderot.com\/en\/wp-json\/wp\/v2\/product_cat?post=7481"},{"taxonomy":"product_tag","embeddable":true,"href":"https:\/\/disderot.com\/en\/wp-json\/wp\/v2\/product_tag?post=7481"}],"curies":[{"name":"wp","href":"https:\/\/api.w.org\/{rel}","templated":true}]}}