{"id":6716,"date":"2020-01-09T11:57:41","date_gmt":"2020-01-09T11:57:41","guid":{"rendered":"https:\/\/disderot.com\/?post_type=product&#038;p=6716"},"modified":"2023-09-21T08:42:39","modified_gmt":"2023-09-21T08:42:39","slug":"lampe-f170-etienne-fermigier","status":"publish","type":"product","link":"https:\/\/disderot.com\/en\/produit\/lampe-f170-etienne-fermigier\/","title":{"rendered":"LAMPE \u00c0 POSER F170"},"content":{"rendered":"<div class=\"wpb-content-wrapper\"><p>[vc_row][vc_column width=&#8221;1\/3&#8243;][vc_single_image image=&#8221;6717&#8243; img_size=&#8221;full&#8221; alignment=&#8221;right&#8221; label=&#8221;&#8221;][\/vc_column][vc_column width=&#8221;2\/3&#8243;][vc_column_text]<p class='designer-name'>\u00c9tienne Fermigier<\/p><p class='designer-dates'>1932-1973<\/p><\/p>\n<p class=\"p1\">Born on August 12, 1932 in Paris, \u00c9tienne Fermigier undertook his studies initially at l\u2019\u00e9cole Boulle where he graduated with distinction, then subsequently at the National School Superior of Decorative Arts, from where he graduated in interior architecture in 1957.<\/p>\n<p><a class='to-button tiny standard square to-button-border to-icon-anim' style='color: #7c7c7c; background: none !important; border-color: #7c7c7c;' href='https:\/\/disderot.com\/en\/etienne-fermigier\/' target='_self'><span style='color: #7c7c7c;'>More<\/span><\/a>[\/vc_column_text][\/vc_column][\/vc_row]<\/p>\n<\/div>","protected":false},"excerpt":{"rendered":"<p class='product-designer'>\u00c9tienne Fermigier<\/p><p class='product-year'>1970<\/p><p class='product-price'>Starting from  without VAT 1 247,50 \u20ac<\/p><p class='product-ecopart'>including eco participation:  0.32 \u20ac<\/p>\n<p style=\"text-align: left;\">The model F170 exemplifies anti-conformist and futuristic design of the 70s, during which time the materiasl used were more often synthetic thus producing a shiny or translucent result&#8230; \u00c9tienne Fermigier uses aluminium and plexiglass for this lamp with soft curves and ultra modern symmetry.<\/p>\n<input id='toggle' class='readmore-toggle' type='checkbox'><label class='readmore-label' for='toggle'>+ Read More<\/label>\n  <div id='expand' class='readmore-expand'>\n<p style=\"text-align: left;\">The lamp, initially created 1970 was re-edited by Monix and today Disderot have launched the re-edition, resulting in a unique creation.<\/p>\n<\/div>\n<p class='portfolio-edition'>Numbered Edition,<br> Delivered with authentication certificate,<br> Made in France<\/p>\n","protected":false},"featured_media":6718,"template":"","meta":{"_acf_changed":false,"_monsterinsights_skip_tracking":false,"_monsterinsights_sitenote_active":false,"_monsterinsights_sitenote_note":"","_monsterinsights_sitenote_category":0},"product_brand":[],"product_cat":[280],"product_tag":[],"class_list":{"0":"post-6716","1":"product","2":"type-product","3":"status-publish","4":"has-post-thumbnail","6":"product_cat-etienne-fermigier","7":"product_shipping_class-j13","9":"first","10":"instock","11":"taxable","12":"shipping-taxable","13":"purchasable","14":"product-type-variable"},"acf":[],"yoast_head":"<!-- This site is optimized with the Yoast SEO plugin v27.2 - https:\/\/yoast.com\/product\/yoast-seo-wordpress\/ -->\n<title>Lampe F170 Etienne Fermigier<\/title>\n<meta name=\"description\" content=\"La lampe \u00e0 poser F170 d&#039;\u00c9tienne Fermigier s&#039;impr\u00e8gne des ambiances anticonformistes et futuristes des cr\u00e9ations des ann\u00e9es 70. \u00c9d. Disderot\" \/>\n<meta name=\"robots\" content=\"index, follow, max-snippet:-1, max-image-preview:large, max-video-preview:-1\" \/>\n<link rel=\"canonical\" href=\"https:\/\/disderot.com\/en\/produit\/lampe-f170-etienne-fermigier\/\" \/>\n<meta property=\"og:locale\" content=\"en_US\" \/>\n<meta property=\"og:type\" content=\"article\" \/>\n<meta property=\"og:title\" content=\"Lampe F170 Etienne Fermigier\" \/>\n<meta property=\"og:description\" content=\"La lampe \u00e0 poser F170 d&#039;\u00c9tienne Fermigier s&#039;impr\u00e8gne des ambiances anticonformistes et futuristes des cr\u00e9ations des ann\u00e9es 70. \u00c9d. Disderot\" \/>\n<meta property=\"og:url\" content=\"https:\/\/disderot.com\/en\/produit\/lampe-f170-etienne-fermigier\/\" \/>\n<meta property=\"og:site_name\" content=\"Disderot\" \/>\n<meta property=\"article:modified_time\" content=\"2023-09-21T08:42:39+00:00\" \/>\n<meta property=\"og:image\" content=\"https:\/\/disderot.com\/wp-content\/uploads\/2020\/01\/f170_ima1.jpg\" \/>\n\t<meta property=\"og:image:width\" content=\"640\" \/>\n\t<meta property=\"og:image:height\" content=\"640\" \/>\n\t<meta property=\"og:image:type\" content=\"image\/jpeg\" \/>\n<meta name=\"twitter:card\" content=\"summary_large_image\" \/>\n<meta name=\"twitter:site\" content=\"@disderot_now\" \/>\n<meta name=\"twitter:label1\" content=\"Est. reading time\" \/>\n\t<meta name=\"twitter:data1\" content=\"1 minute\" \/>\n<script type=\"application\/ld+json\" class=\"yoast-schema-graph\">{\"@context\":\"https:\/\/schema.org\",\"@graph\":[{\"@type\":\"WebPage\",\"@id\":\"https:\/\/disderot.com\/en\/produit\/lampe-f170-etienne-fermigier\/\",\"url\":\"https:\/\/disderot.com\/en\/produit\/lampe-f170-etienne-fermigier\/\",\"name\":\"Lampe F170 Etienne Fermigier\",\"isPartOf\":{\"@id\":\"https:\/\/disderot.com\/en\/#website\"},\"primaryImageOfPage\":{\"@id\":\"https:\/\/disderot.com\/en\/produit\/lampe-f170-etienne-fermigier\/#primaryimage\"},\"image\":{\"@id\":\"https:\/\/disderot.com\/produit\/lampe-f170-etienne-fermigier\/#primaryimage\"},\"thumbnailUrl\":\"https:\/\/disderot.com\/wp-content\/uploads\/2020\/01\/f170_ima1.jpg\",\"datePublished\":\"2020-01-09T11:57:41+00:00\",\"dateModified\":\"2023-09-21T08:42:39+00:00\",\"description\":\"La lampe \u00e0 poser F170 d'\u00c9tienne Fermigier s'impr\u00e8gne des ambiances anticonformistes et futuristes des cr\u00e9ations des ann\u00e9es 70. \u00c9d. Disderot\",\"breadcrumb\":{\"@id\":\"https:\/\/disderot.com\/en\/produit\/lampe-f170-etienne-fermigier\/#breadcrumb\"},\"inLanguage\":\"en-US\",\"potentialAction\":[{\"@type\":\"ReadAction\",\"target\":[[\"https:\/\/disderot.com\/en\/produit\/lampe-f170-etienne-fermigier\/\"]]}]},{\"@type\":\"ImageObject\",\"inLanguage\":\"en-US\",\"@id\":\"https:\/\/disderot.com\/en\/produit\/lampe-f170-etienne-fermigier\/#primaryimage\",\"url\":\"https:\/\/disderot.com\/wp-content\/uploads\/2020\/01\/f170_ima1.jpg\",\"contentUrl\":\"https:\/\/disderot.com\/wp-content\/uploads\/2020\/01\/f170_ima1.jpg\",\"width\":640,\"height\":640,\"caption\":\"Lampe \u00e0 poser F170 d'\u00c9tienne Fermigier 1970\"},{\"@type\":\"BreadcrumbList\",\"@id\":\"https:\/\/disderot.com\/en\/produit\/lampe-f170-etienne-fermigier\/#breadcrumb\",\"itemListElement\":[{\"@type\":\"ListItem\",\"position\":1,\"name\":\"Accueil\",\"item\":\"https:\/\/disderot.com\/en\/\"},{\"@type\":\"ListItem\",\"position\":2,\"name\":\"Boutique\",\"item\":\"https:\/\/disderot.com\/en\/boutique\/\"},{\"@type\":\"ListItem\",\"position\":3,\"name\":\"LAMPE \u00c0 POSER F170\"}]},{\"@type\":\"WebSite\",\"@id\":\"https:\/\/disderot.com\/en\/#website\",\"url\":\"https:\/\/disderot.com\/en\/\",\"name\":\"Disderot\",\"description\":\"Luminaires de collections\",\"inLanguage\":\"en-US\"}]}<\/script>\n<!-- \/ Yoast SEO plugin. -->","yoast_head_json":{"title":"Lampe F170 Etienne Fermigier","description":"La lampe \u00e0 poser F170 d'\u00c9tienne Fermigier s'impr\u00e8gne des ambiances anticonformistes et futuristes des cr\u00e9ations des ann\u00e9es 70. \u00c9d. Disderot","robots":{"index":"index","follow":"follow","max-snippet":"max-snippet:-1","max-image-preview":"max-image-preview:large","max-video-preview":"max-video-preview:-1"},"canonical":"https:\/\/disderot.com\/en\/produit\/lampe-f170-etienne-fermigier\/","og_locale":"en_US","og_type":"article","og_title":"Lampe F170 Etienne Fermigier","og_description":"La lampe \u00e0 poser F170 d'\u00c9tienne Fermigier s'impr\u00e8gne des ambiances anticonformistes et futuristes des cr\u00e9ations des ann\u00e9es 70. \u00c9d. Disderot","og_url":"https:\/\/disderot.com\/en\/produit\/lampe-f170-etienne-fermigier\/","og_site_name":"Disderot","article_modified_time":"2023-09-21T08:42:39+00:00","og_image":[{"width":640,"height":640,"url":"https:\/\/disderot.com\/wp-content\/uploads\/2020\/01\/f170_ima1.jpg","type":"image\/jpeg"}],"twitter_card":"summary_large_image","twitter_site":"@disderot_now","twitter_misc":{"Est. reading time":"1 minute"},"schema":{"@context":"https:\/\/schema.org","@graph":[{"@type":"WebPage","@id":"https:\/\/disderot.com\/en\/produit\/lampe-f170-etienne-fermigier\/","url":"https:\/\/disderot.com\/en\/produit\/lampe-f170-etienne-fermigier\/","name":"Lampe F170 Etienne Fermigier","isPartOf":{"@id":"https:\/\/disderot.com\/en\/#website"},"primaryImageOfPage":{"@id":"https:\/\/disderot.com\/en\/produit\/lampe-f170-etienne-fermigier\/#primaryimage"},"image":{"@id":"https:\/\/disderot.com\/produit\/lampe-f170-etienne-fermigier\/#primaryimage"},"thumbnailUrl":"https:\/\/disderot.com\/wp-content\/uploads\/2020\/01\/f170_ima1.jpg","datePublished":"2020-01-09T11:57:41+00:00","dateModified":"2023-09-21T08:42:39+00:00","description":"La lampe \u00e0 poser F170 d'\u00c9tienne Fermigier s'impr\u00e8gne des ambiances anticonformistes et futuristes des cr\u00e9ations des ann\u00e9es 70. \u00c9d. Disderot","breadcrumb":{"@id":"https:\/\/disderot.com\/en\/produit\/lampe-f170-etienne-fermigier\/#breadcrumb"},"inLanguage":"en-US","potentialAction":[{"@type":"ReadAction","target":[["https:\/\/disderot.com\/en\/produit\/lampe-f170-etienne-fermigier\/"]]}]},{"@type":"ImageObject","inLanguage":"en-US","@id":"https:\/\/disderot.com\/en\/produit\/lampe-f170-etienne-fermigier\/#primaryimage","url":"https:\/\/disderot.com\/wp-content\/uploads\/2020\/01\/f170_ima1.jpg","contentUrl":"https:\/\/disderot.com\/wp-content\/uploads\/2020\/01\/f170_ima1.jpg","width":640,"height":640,"caption":"Lampe \u00e0 poser F170 d'\u00c9tienne Fermigier 1970"},{"@type":"BreadcrumbList","@id":"https:\/\/disderot.com\/en\/produit\/lampe-f170-etienne-fermigier\/#breadcrumb","itemListElement":[{"@type":"ListItem","position":1,"name":"Accueil","item":"https:\/\/disderot.com\/en\/"},{"@type":"ListItem","position":2,"name":"Boutique","item":"https:\/\/disderot.com\/en\/boutique\/"},{"@type":"ListItem","position":3,"name":"LAMPE \u00c0 POSER F170"}]},{"@type":"WebSite","@id":"https:\/\/disderot.com\/en\/#website","url":"https:\/\/disderot.com\/en\/","name":"Disderot","description":"Luminaires de collections","inLanguage":"en-US"}]}},"_links":{"self":[{"href":"https:\/\/disderot.com\/en\/wp-json\/wp\/v2\/product\/6716","targetHints":{"allow":["GET"]}}],"collection":[{"href":"https:\/\/disderot.com\/en\/wp-json\/wp\/v2\/product"}],"about":[{"href":"https:\/\/disderot.com\/en\/wp-json\/wp\/v2\/types\/product"}],"wp:featuredmedia":[{"embeddable":true,"href":"https:\/\/disderot.com\/en\/wp-json\/wp\/v2\/media\/6718"}],"wp:attachment":[{"href":"https:\/\/disderot.com\/en\/wp-json\/wp\/v2\/media?parent=6716"}],"wp:term":[{"taxonomy":"product_brand","embeddable":true,"href":"https:\/\/disderot.com\/en\/wp-json\/wp\/v2\/product_brand?post=6716"},{"taxonomy":"product_cat","embeddable":true,"href":"https:\/\/disderot.com\/en\/wp-json\/wp\/v2\/product_cat?post=6716"},{"taxonomy":"product_tag","embeddable":true,"href":"https:\/\/disderot.com\/en\/wp-json\/wp\/v2\/product_tag?post=6716"}],"curies":[{"name":"wp","href":"https:\/\/api.w.org\/{rel}","templated":true}]}}