{"id":6651,"date":"2019-05-14T15:31:43","date_gmt":"2019-05-14T15:31:43","guid":{"rendered":"https:\/\/disderot.com\/?post_type=product&#038;p=6651"},"modified":"2025-03-07T15:17:50","modified_gmt":"2025-03-07T15:17:50","slug":"lampe-watt-sylvain-dubuisson","status":"publish","type":"product","link":"https:\/\/disderot.com\/en\/produit\/lampe-watt-sylvain-dubuisson\/","title":{"rendered":"LAMPE \u00c0 POSER WATT"},"content":{"rendered":"<div class=\"wpb-content-wrapper\"><p>[vc_row][vc_column width=&#8221;1\/3&#8243;][vc_single_image image=&#8221;6656&#8243; img_size=&#8221;full&#8221; alignment=&#8221;right&#8221; label=&#8221;&#8221;][\/vc_column][vc_column width=&#8221;2\/3&#8243;][vc_column_text]<p class='designer-name'>Sylvain Dubuisson<\/p><p class='designer-dates'>1946<\/p><\/p>\n<p class=\"p1\">Sylvain Dubuisson, architect and designer, was born in Bordeaux on February 20, 1946, from a family of renowned architects: he is the grandson of Emile Dubuisson, author of the belfry of Lille, and son of Jean Dubuisson who has highly collaborated in the construction of the Maine-Montparnasse district (1958-1966) as well as the construction of the National Museum of Popular Arts and Traditions (1959-1969) in Paris.<\/p>\n<p><a class='to-button tiny standard square to-button-border to-icon-anim' style='color: #7c7c7c; background: none !important; border-color: #7c7c7c;' href='https:\/\/disderot.com\/en\/sylvain-dubuisson\/' target='_self'><span style='color: #7c7c7c;'>En savoir +<\/span><\/a>[\/vc_column_text][\/vc_column][\/vc_row]<\/p>\n<\/div>","protected":false},"excerpt":{"rendered":"<p class='product-designer'>Sylvain Dubuisson<\/p><p class='product-year'>2019<\/p><p class='product-price'> 2833,71 \u20ac no VAT \u20ac<\/p><p class='product-ecopart'>including eco participation:  0.16 \u20ac<\/p>\n<p style=\"text-align: left;\">Watt est une lampe \u00e0 poser simple et savante, cr\u00e9\u00e9e par l\u2019architecte et designer Sylvain Dubuisson en 2019. Simple puisqu\u2019elle n&#8217;a la forme que d&#8217;un simple cylindre.<br \/>\nSavante parce que l\u2019ajourage du cylindre est un mod\u00e8le math\u00e9matique unique selon lequel 6 spires entretiennent des relations de vitesse proportionnelles de telle sorte que les vides soient des triangles.<\/p>\n<input id='toggle' class='readmore-toggle' type='checkbox'><label class='readmore-label' for='toggle'>+ Read More<\/label>\n  <div id='expand' class='readmore-expand'>\n<p>Le poli du f\u00fbt central r\u00e9fl\u00e9chit le dessin des spires comme une vue anomorphique et la lumi\u00e8re projette les ombres des d\u00e9coupes sur le plan de la table.<br \/>\nCe mod\u00e8le s\u2019inspire du projet men\u00e9 par Sylvain Dubuisson en 2010, \u00ab rue Watt \u00bb \u00e0 Paris o\u00f9 21 lampadaires constitu\u00e9s d\u2019un m\u00eame f\u00fbt central cylindrique en inox poli et d\u2019une enveloppe ajour\u00e9s dessinent les ombres des entrelacs le long de la rue Watt.<br \/>\nLa lampe Watt peut \u00eatre d\u00e9clin\u00e9e en diff\u00e9rentes couleurs (sur-mesure). Elle est disponible en blanc, noir et orange. Elle peut fonctionner par paire (version gauche et droite du d\u00e9marrage de spires).<\/p>\n<\/div>\n<p class='portfolio-edition'>Numbered Edition,<br> Delivered with authentication certificate,<br> Made in France<\/p>\n","protected":false},"featured_media":6979,"template":"","meta":{"_acf_changed":false,"_monsterinsights_skip_tracking":false,"_monsterinsights_sitenote_active":false,"_monsterinsights_sitenote_note":"","_monsterinsights_sitenote_category":0},"product_brand":[],"product_cat":[278],"product_tag":[],"class_list":{"0":"post-6651","1":"product","2":"type-product","3":"status-publish","4":"has-post-thumbnail","6":"product_cat-sylvain-dubuisson","8":"first","9":"instock","10":"taxable","11":"shipping-taxable","12":"purchasable","13":"product-type-variable"},"acf":[],"yoast_head":"<!-- This site is optimized with the Yoast SEO plugin v27.2 - https:\/\/yoast.com\/product\/yoast-seo-wordpress\/ -->\n<title>Lampe Watt Sylvain Dubuisson<\/title>\n<meta name=\"description\" content=\"La lampe Watt de Sylvain Dubuisson, simple et savante \u00e0 la fois, elle est cr\u00e9\u00e9e en 2019 et \u00e9dit\u00e9e par Disderot la m\u00eame ann\u00e9e.\" \/>\n<meta name=\"robots\" content=\"index, follow, max-snippet:-1, max-image-preview:large, max-video-preview:-1\" \/>\n<link rel=\"canonical\" href=\"https:\/\/disderot.com\/en\/produit\/lampe-watt-sylvain-dubuisson\/\" \/>\n<meta property=\"og:locale\" content=\"en_US\" \/>\n<meta property=\"og:type\" content=\"article\" \/>\n<meta property=\"og:title\" content=\"Lampe Watt Sylvain Dubuisson\" \/>\n<meta property=\"og:description\" content=\"La lampe Watt de Sylvain Dubuisson, simple et savante \u00e0 la fois, elle est cr\u00e9\u00e9e en 2019 et \u00e9dit\u00e9e par Disderot la m\u00eame ann\u00e9e.\" \/>\n<meta property=\"og:url\" content=\"https:\/\/disderot.com\/en\/produit\/lampe-watt-sylvain-dubuisson\/\" \/>\n<meta property=\"og:site_name\" content=\"Disderot\" \/>\n<meta property=\"article:modified_time\" content=\"2025-03-07T15:17:50+00:00\" \/>\n<meta property=\"og:image\" content=\"https:\/\/disderot.com\/wp-content\/uploads\/2019\/05\/watt-o-image1.jpg\" \/>\n\t<meta property=\"og:image:width\" content=\"2000\" \/>\n\t<meta property=\"og:image:height\" content=\"2000\" \/>\n\t<meta property=\"og:image:type\" content=\"image\/jpeg\" \/>\n<meta name=\"twitter:card\" content=\"summary_large_image\" \/>\n<meta name=\"twitter:site\" content=\"@disderot_now\" \/>\n<meta name=\"twitter:label1\" content=\"Est. reading time\" \/>\n\t<meta name=\"twitter:data1\" content=\"1 minute\" \/>\n<script type=\"application\/ld+json\" class=\"yoast-schema-graph\">{\"@context\":\"https:\/\/schema.org\",\"@graph\":[{\"@type\":\"WebPage\",\"@id\":\"https:\/\/disderot.com\/en\/produit\/lampe-watt-sylvain-dubuisson\/\",\"url\":\"https:\/\/disderot.com\/en\/produit\/lampe-watt-sylvain-dubuisson\/\",\"name\":\"Lampe Watt Sylvain Dubuisson\",\"isPartOf\":{\"@id\":\"https:\/\/disderot.com\/en\/#website\"},\"primaryImageOfPage\":{\"@id\":\"https:\/\/disderot.com\/en\/produit\/lampe-watt-sylvain-dubuisson\/#primaryimage\"},\"image\":{\"@id\":\"https:\/\/disderot.com\/produit\/lampe-watt-sylvain-dubuisson\/#primaryimage\"},\"thumbnailUrl\":\"https:\/\/disderot.com\/wp-content\/uploads\/2019\/05\/watt-o-image1.jpg\",\"datePublished\":\"2019-05-14T15:31:43+00:00\",\"dateModified\":\"2025-03-07T15:17:50+00:00\",\"description\":\"La lampe Watt de Sylvain Dubuisson, simple et savante \u00e0 la fois, elle est cr\u00e9\u00e9e en 2019 et \u00e9dit\u00e9e par Disderot la m\u00eame ann\u00e9e.\",\"breadcrumb\":{\"@id\":\"https:\/\/disderot.com\/en\/produit\/lampe-watt-sylvain-dubuisson\/#breadcrumb\"},\"inLanguage\":\"en-US\",\"potentialAction\":[{\"@type\":\"ReadAction\",\"target\":[[\"https:\/\/disderot.com\/en\/produit\/lampe-watt-sylvain-dubuisson\/\"]]}]},{\"@type\":\"ImageObject\",\"inLanguage\":\"en-US\",\"@id\":\"https:\/\/disderot.com\/en\/produit\/lampe-watt-sylvain-dubuisson\/#primaryimage\",\"url\":\"https:\/\/disderot.com\/wp-content\/uploads\/2019\/05\/watt-o-image1.jpg\",\"contentUrl\":\"https:\/\/disderot.com\/wp-content\/uploads\/2019\/05\/watt-o-image1.jpg\",\"width\":2000,\"height\":2000,\"caption\":\"Lampe \u00e0 poser Watt de Sylvain Dubuisson\"},{\"@type\":\"BreadcrumbList\",\"@id\":\"https:\/\/disderot.com\/en\/produit\/lampe-watt-sylvain-dubuisson\/#breadcrumb\",\"itemListElement\":[{\"@type\":\"ListItem\",\"position\":1,\"name\":\"Accueil\",\"item\":\"https:\/\/disderot.com\/en\/\"},{\"@type\":\"ListItem\",\"position\":2,\"name\":\"Boutique\",\"item\":\"https:\/\/disderot.com\/en\/boutique\/\"},{\"@type\":\"ListItem\",\"position\":3,\"name\":\"LAMPE \u00c0 POSER WATT\"}]},{\"@type\":\"WebSite\",\"@id\":\"https:\/\/disderot.com\/en\/#website\",\"url\":\"https:\/\/disderot.com\/en\/\",\"name\":\"Disderot\",\"description\":\"Luminaires de collections\",\"inLanguage\":\"en-US\"}]}<\/script>\n<!-- \/ Yoast SEO plugin. -->","yoast_head_json":{"title":"Lampe Watt Sylvain Dubuisson","description":"La lampe Watt de Sylvain Dubuisson, simple et savante \u00e0 la fois, elle est cr\u00e9\u00e9e en 2019 et \u00e9dit\u00e9e par Disderot la m\u00eame ann\u00e9e.","robots":{"index":"index","follow":"follow","max-snippet":"max-snippet:-1","max-image-preview":"max-image-preview:large","max-video-preview":"max-video-preview:-1"},"canonical":"https:\/\/disderot.com\/en\/produit\/lampe-watt-sylvain-dubuisson\/","og_locale":"en_US","og_type":"article","og_title":"Lampe Watt Sylvain Dubuisson","og_description":"La lampe Watt de Sylvain Dubuisson, simple et savante \u00e0 la fois, elle est cr\u00e9\u00e9e en 2019 et \u00e9dit\u00e9e par Disderot la m\u00eame ann\u00e9e.","og_url":"https:\/\/disderot.com\/en\/produit\/lampe-watt-sylvain-dubuisson\/","og_site_name":"Disderot","article_modified_time":"2025-03-07T15:17:50+00:00","og_image":[{"width":2000,"height":2000,"url":"https:\/\/disderot.com\/wp-content\/uploads\/2019\/05\/watt-o-image1.jpg","type":"image\/jpeg"}],"twitter_card":"summary_large_image","twitter_site":"@disderot_now","twitter_misc":{"Est. reading time":"1 minute"},"schema":{"@context":"https:\/\/schema.org","@graph":[{"@type":"WebPage","@id":"https:\/\/disderot.com\/en\/produit\/lampe-watt-sylvain-dubuisson\/","url":"https:\/\/disderot.com\/en\/produit\/lampe-watt-sylvain-dubuisson\/","name":"Lampe Watt Sylvain Dubuisson","isPartOf":{"@id":"https:\/\/disderot.com\/en\/#website"},"primaryImageOfPage":{"@id":"https:\/\/disderot.com\/en\/produit\/lampe-watt-sylvain-dubuisson\/#primaryimage"},"image":{"@id":"https:\/\/disderot.com\/produit\/lampe-watt-sylvain-dubuisson\/#primaryimage"},"thumbnailUrl":"https:\/\/disderot.com\/wp-content\/uploads\/2019\/05\/watt-o-image1.jpg","datePublished":"2019-05-14T15:31:43+00:00","dateModified":"2025-03-07T15:17:50+00:00","description":"La lampe Watt de Sylvain Dubuisson, simple et savante \u00e0 la fois, elle est cr\u00e9\u00e9e en 2019 et \u00e9dit\u00e9e par Disderot la m\u00eame ann\u00e9e.","breadcrumb":{"@id":"https:\/\/disderot.com\/en\/produit\/lampe-watt-sylvain-dubuisson\/#breadcrumb"},"inLanguage":"en-US","potentialAction":[{"@type":"ReadAction","target":[["https:\/\/disderot.com\/en\/produit\/lampe-watt-sylvain-dubuisson\/"]]}]},{"@type":"ImageObject","inLanguage":"en-US","@id":"https:\/\/disderot.com\/en\/produit\/lampe-watt-sylvain-dubuisson\/#primaryimage","url":"https:\/\/disderot.com\/wp-content\/uploads\/2019\/05\/watt-o-image1.jpg","contentUrl":"https:\/\/disderot.com\/wp-content\/uploads\/2019\/05\/watt-o-image1.jpg","width":2000,"height":2000,"caption":"Lampe \u00e0 poser Watt de Sylvain Dubuisson"},{"@type":"BreadcrumbList","@id":"https:\/\/disderot.com\/en\/produit\/lampe-watt-sylvain-dubuisson\/#breadcrumb","itemListElement":[{"@type":"ListItem","position":1,"name":"Accueil","item":"https:\/\/disderot.com\/en\/"},{"@type":"ListItem","position":2,"name":"Boutique","item":"https:\/\/disderot.com\/en\/boutique\/"},{"@type":"ListItem","position":3,"name":"LAMPE \u00c0 POSER WATT"}]},{"@type":"WebSite","@id":"https:\/\/disderot.com\/en\/#website","url":"https:\/\/disderot.com\/en\/","name":"Disderot","description":"Luminaires de collections","inLanguage":"en-US"}]}},"_links":{"self":[{"href":"https:\/\/disderot.com\/en\/wp-json\/wp\/v2\/product\/6651","targetHints":{"allow":["GET"]}}],"collection":[{"href":"https:\/\/disderot.com\/en\/wp-json\/wp\/v2\/product"}],"about":[{"href":"https:\/\/disderot.com\/en\/wp-json\/wp\/v2\/types\/product"}],"wp:featuredmedia":[{"embeddable":true,"href":"https:\/\/disderot.com\/en\/wp-json\/wp\/v2\/media\/6979"}],"wp:attachment":[{"href":"https:\/\/disderot.com\/en\/wp-json\/wp\/v2\/media?parent=6651"}],"wp:term":[{"taxonomy":"product_brand","embeddable":true,"href":"https:\/\/disderot.com\/en\/wp-json\/wp\/v2\/product_brand?post=6651"},{"taxonomy":"product_cat","embeddable":true,"href":"https:\/\/disderot.com\/en\/wp-json\/wp\/v2\/product_cat?post=6651"},{"taxonomy":"product_tag","embeddable":true,"href":"https:\/\/disderot.com\/en\/wp-json\/wp\/v2\/product_tag?post=6651"}],"curies":[{"name":"wp","href":"https:\/\/api.w.org\/{rel}","templated":true}]}}