{"id":6559,"date":"2019-04-09T10:36:41","date_gmt":"2019-04-09T10:36:41","guid":{"rendered":"https:\/\/disderot.com\/?post_type=product&#038;p=6559"},"modified":"2025-03-10T08:45:58","modified_gmt":"2025-03-10T08:45:58","slug":"applique-a25-designer-alain-richard","status":"publish","type":"product","link":"https:\/\/disderot.com\/en\/produit\/applique-a25-designer-alain-richard\/","title":{"rendered":"APPLIQUE A25"},"content":{"rendered":"<div class=\"wpb-content-wrapper\"><p>[vc_row][vc_column width=&#8221;1\/3&#8243;][vc_single_image image=&#8221;5411&#8243; img_size=&#8221;full&#8221; alignment=&#8221;right&#8221; label=&#8221;&#8221;][\/vc_column][vc_column width=&#8221;2\/3&#8243;][vc_column_text]<p class='designer-name'>Alain Richard<\/p><p class='designer-dates'>1926-2017<\/p><\/p>\n<p class=\"p1\">Born in 1926 in Bretagne, Alain Richard could have become a sailor, but his early skills guide him, between painting and architecture, to the National School of Decorative Arts in Paris. Under the direction of Ren\u00e9 Gabriel, emblematic figure of the aesthetics of reconstruction and spiritual father of a new generation of interior designers, he became major of his promotion ahead of Pierre Guariche to immediately join the agency of his master. But the untimely death of the latter pushed him to found his own agency in 1952 with his wife Jacqueline Iribe, creator of fabrics and specialist in color, with which he will work all his life.<\/p>\n<p><a class='to-button tiny standard square to-button-border to-icon-anim' style='color: #7c7c7c; background: none !important; border-color: #7c7c7c;' href='https:\/\/disderot.com\/en\/alain-richard\/' target='_self'><span style='color: #7c7c7c;'>More<\/span><\/a>[\/vc_column_text][\/vc_column][\/vc_row]<\/p>\n<\/div>","protected":false},"excerpt":{"rendered":"<p class='product-designer'>Alain Richard<\/p><p class='product-year'>1968<\/p><p class='product-price'>Starting from  Without VAT 1 169,96 \u20ac<\/p><p class='product-ecopart'>including eco participation:  0.16 \u20ac<\/p>\n<p style=\"text-align: left;\">Alain Richard doubtlessly invented the first French spotlight at the very end of the 1950&#8217;s. The lamp is amounted on rods for all different kinds of lighting : sconces, ceiling lights, desk lamps, free standing lamps etc. A few years later, he designed a semi spherical adjustable reflector using the same system.<\/p>\n<input id='toggle' class='readmore-toggle' type='checkbox'><label class='readmore-label' for='toggle'>+ Read More<\/label>\n  <div id='expand' class='readmore-expand'>\n<p>The half sphere can be oriented in all directions creating direct or indirect light.<br \/>\nThe sober modernity of this lamp combined with a high quality finish and wide range of colours made it a great success for Disderot &amp; Richard.<\/p>\n<\/div>\n<p class='portfolio-edition'>Numbered Edition,<br> Delivered with authentication certificate,<br> Made in France<\/p>\n","protected":false},"featured_media":6834,"template":"","meta":{"_acf_changed":false,"_monsterinsights_skip_tracking":false,"_monsterinsights_sitenote_active":false,"_monsterinsights_sitenote_note":"","_monsterinsights_sitenote_category":0},"product_brand":[],"product_cat":[146,127],"product_tag":[],"class_list":{"0":"post-6559","1":"product","2":"type-product","3":"status-publish","4":"has-post-thumbnail","6":"product_cat-alain-richard","7":"product_cat-applique","9":"first","10":"instock","11":"taxable","12":"shipping-taxable","13":"purchasable","14":"product-type-variable"},"acf":[],"yoast_head":"<!-- This site is optimized with the Yoast SEO plugin v27.2 - https:\/\/yoast.com\/product\/yoast-seo-wordpress\/ -->\n<title>Applique A25 designer Alain Richard<\/title>\n<meta name=\"description\" content=\"L&#039;applique A25 du designer Alain Richard fait partie de la s\u00e9rie h\u00e9misph\u00e9rique appel\u00e9e A cr\u00e9e en 1968 et \u00e9dit\u00e9e par Disderot.\" \/>\n<meta name=\"robots\" content=\"index, follow, max-snippet:-1, max-image-preview:large, max-video-preview:-1\" \/>\n<link rel=\"canonical\" href=\"https:\/\/disderot.com\/en\/produit\/applique-a25-designer-alain-richard\/\" \/>\n<meta property=\"og:locale\" content=\"en_US\" \/>\n<meta property=\"og:type\" content=\"article\" \/>\n<meta property=\"og:title\" content=\"Applique A25 designer Alain Richard\" \/>\n<meta property=\"og:description\" content=\"L&#039;applique A25 du designer Alain Richard fait partie de la s\u00e9rie h\u00e9misph\u00e9rique appel\u00e9e A cr\u00e9e en 1968 et \u00e9dit\u00e9e par Disderot.\" \/>\n<meta property=\"og:url\" content=\"https:\/\/disderot.com\/en\/produit\/applique-a25-designer-alain-richard\/\" \/>\n<meta property=\"og:site_name\" content=\"Disderot\" \/>\n<meta property=\"article:modified_time\" content=\"2025-03-10T08:45:58+00:00\" \/>\n<meta property=\"og:image\" content=\"https:\/\/disderot.com\/wp-content\/uploads\/2020\/04\/A25-n-image1.jpg\" \/>\n\t<meta property=\"og:image:width\" content=\"2000\" \/>\n\t<meta property=\"og:image:height\" content=\"2000\" \/>\n\t<meta property=\"og:image:type\" content=\"image\/jpeg\" \/>\n<meta name=\"twitter:card\" content=\"summary_large_image\" \/>\n<meta name=\"twitter:site\" content=\"@disderot_now\" \/>\n<meta name=\"twitter:label1\" content=\"Est. reading time\" \/>\n\t<meta name=\"twitter:data1\" content=\"1 minute\" \/>\n<script type=\"application\/ld+json\" class=\"yoast-schema-graph\">{\"@context\":\"https:\/\/schema.org\",\"@graph\":[{\"@type\":\"WebPage\",\"@id\":\"https:\/\/disderot.com\/en\/produit\/applique-a25-designer-alain-richard\/\",\"url\":\"https:\/\/disderot.com\/en\/produit\/applique-a25-designer-alain-richard\/\",\"name\":\"Applique A25 designer Alain Richard\",\"isPartOf\":{\"@id\":\"https:\/\/disderot.com\/en\/#website\"},\"primaryImageOfPage\":{\"@id\":\"https:\/\/disderot.com\/en\/produit\/applique-a25-designer-alain-richard\/#primaryimage\"},\"image\":{\"@id\":\"https:\/\/disderot.com\/produit\/applique-a25-designer-alain-richard\/#primaryimage\"},\"thumbnailUrl\":\"https:\/\/disderot.com\/wp-content\/uploads\/2020\/04\/A25-n-image1.jpg\",\"datePublished\":\"2019-04-09T10:36:41+00:00\",\"dateModified\":\"2025-03-10T08:45:58+00:00\",\"description\":\"L'applique A25 du designer Alain Richard fait partie de la s\u00e9rie h\u00e9misph\u00e9rique appel\u00e9e A cr\u00e9e en 1968 et \u00e9dit\u00e9e par Disderot.\",\"breadcrumb\":{\"@id\":\"https:\/\/disderot.com\/en\/produit\/applique-a25-designer-alain-richard\/#breadcrumb\"},\"inLanguage\":\"en-US\",\"potentialAction\":[{\"@type\":\"ReadAction\",\"target\":[[\"https:\/\/disderot.com\/en\/produit\/applique-a25-designer-alain-richard\/\"]]}]},{\"@type\":\"ImageObject\",\"inLanguage\":\"en-US\",\"@id\":\"https:\/\/disderot.com\/en\/produit\/applique-a25-designer-alain-richard\/#primaryimage\",\"url\":\"https:\/\/disderot.com\/wp-content\/uploads\/2020\/04\/A25-n-image1.jpg\",\"contentUrl\":\"https:\/\/disderot.com\/wp-content\/uploads\/2020\/04\/A25-n-image1.jpg\",\"width\":2000,\"height\":2000,\"caption\":\"Applique A25 d'Alain Richard finition noir\"},{\"@type\":\"BreadcrumbList\",\"@id\":\"https:\/\/disderot.com\/en\/produit\/applique-a25-designer-alain-richard\/#breadcrumb\",\"itemListElement\":[{\"@type\":\"ListItem\",\"position\":1,\"name\":\"Accueil\",\"item\":\"https:\/\/disderot.com\/en\/\"},{\"@type\":\"ListItem\",\"position\":2,\"name\":\"Boutique\",\"item\":\"https:\/\/disderot.com\/en\/boutique\/\"},{\"@type\":\"ListItem\",\"position\":3,\"name\":\"APPLIQUE A25\"}]},{\"@type\":\"WebSite\",\"@id\":\"https:\/\/disderot.com\/en\/#website\",\"url\":\"https:\/\/disderot.com\/en\/\",\"name\":\"Disderot\",\"description\":\"Luminaires de collections\",\"inLanguage\":\"en-US\"}]}<\/script>\n<!-- \/ Yoast SEO plugin. -->","yoast_head_json":{"title":"Applique A25 designer Alain Richard","description":"L'applique A25 du designer Alain Richard fait partie de la s\u00e9rie h\u00e9misph\u00e9rique appel\u00e9e A cr\u00e9e en 1968 et \u00e9dit\u00e9e par Disderot.","robots":{"index":"index","follow":"follow","max-snippet":"max-snippet:-1","max-image-preview":"max-image-preview:large","max-video-preview":"max-video-preview:-1"},"canonical":"https:\/\/disderot.com\/en\/produit\/applique-a25-designer-alain-richard\/","og_locale":"en_US","og_type":"article","og_title":"Applique A25 designer Alain Richard","og_description":"L'applique A25 du designer Alain Richard fait partie de la s\u00e9rie h\u00e9misph\u00e9rique appel\u00e9e A cr\u00e9e en 1968 et \u00e9dit\u00e9e par Disderot.","og_url":"https:\/\/disderot.com\/en\/produit\/applique-a25-designer-alain-richard\/","og_site_name":"Disderot","article_modified_time":"2025-03-10T08:45:58+00:00","og_image":[{"width":2000,"height":2000,"url":"https:\/\/disderot.com\/wp-content\/uploads\/2020\/04\/A25-n-image1.jpg","type":"image\/jpeg"}],"twitter_card":"summary_large_image","twitter_site":"@disderot_now","twitter_misc":{"Est. reading time":"1 minute"},"schema":{"@context":"https:\/\/schema.org","@graph":[{"@type":"WebPage","@id":"https:\/\/disderot.com\/en\/produit\/applique-a25-designer-alain-richard\/","url":"https:\/\/disderot.com\/en\/produit\/applique-a25-designer-alain-richard\/","name":"Applique A25 designer Alain Richard","isPartOf":{"@id":"https:\/\/disderot.com\/en\/#website"},"primaryImageOfPage":{"@id":"https:\/\/disderot.com\/en\/produit\/applique-a25-designer-alain-richard\/#primaryimage"},"image":{"@id":"https:\/\/disderot.com\/produit\/applique-a25-designer-alain-richard\/#primaryimage"},"thumbnailUrl":"https:\/\/disderot.com\/wp-content\/uploads\/2020\/04\/A25-n-image1.jpg","datePublished":"2019-04-09T10:36:41+00:00","dateModified":"2025-03-10T08:45:58+00:00","description":"L'applique A25 du designer Alain Richard fait partie de la s\u00e9rie h\u00e9misph\u00e9rique appel\u00e9e A cr\u00e9e en 1968 et \u00e9dit\u00e9e par Disderot.","breadcrumb":{"@id":"https:\/\/disderot.com\/en\/produit\/applique-a25-designer-alain-richard\/#breadcrumb"},"inLanguage":"en-US","potentialAction":[{"@type":"ReadAction","target":[["https:\/\/disderot.com\/en\/produit\/applique-a25-designer-alain-richard\/"]]}]},{"@type":"ImageObject","inLanguage":"en-US","@id":"https:\/\/disderot.com\/en\/produit\/applique-a25-designer-alain-richard\/#primaryimage","url":"https:\/\/disderot.com\/wp-content\/uploads\/2020\/04\/A25-n-image1.jpg","contentUrl":"https:\/\/disderot.com\/wp-content\/uploads\/2020\/04\/A25-n-image1.jpg","width":2000,"height":2000,"caption":"Applique A25 d'Alain Richard finition noir"},{"@type":"BreadcrumbList","@id":"https:\/\/disderot.com\/en\/produit\/applique-a25-designer-alain-richard\/#breadcrumb","itemListElement":[{"@type":"ListItem","position":1,"name":"Accueil","item":"https:\/\/disderot.com\/en\/"},{"@type":"ListItem","position":2,"name":"Boutique","item":"https:\/\/disderot.com\/en\/boutique\/"},{"@type":"ListItem","position":3,"name":"APPLIQUE A25"}]},{"@type":"WebSite","@id":"https:\/\/disderot.com\/en\/#website","url":"https:\/\/disderot.com\/en\/","name":"Disderot","description":"Luminaires de collections","inLanguage":"en-US"}]}},"_links":{"self":[{"href":"https:\/\/disderot.com\/en\/wp-json\/wp\/v2\/product\/6559","targetHints":{"allow":["GET"]}}],"collection":[{"href":"https:\/\/disderot.com\/en\/wp-json\/wp\/v2\/product"}],"about":[{"href":"https:\/\/disderot.com\/en\/wp-json\/wp\/v2\/types\/product"}],"wp:featuredmedia":[{"embeddable":true,"href":"https:\/\/disderot.com\/en\/wp-json\/wp\/v2\/media\/6834"}],"wp:attachment":[{"href":"https:\/\/disderot.com\/en\/wp-json\/wp\/v2\/media?parent=6559"}],"wp:term":[{"taxonomy":"product_brand","embeddable":true,"href":"https:\/\/disderot.com\/en\/wp-json\/wp\/v2\/product_brand?post=6559"},{"taxonomy":"product_cat","embeddable":true,"href":"https:\/\/disderot.com\/en\/wp-json\/wp\/v2\/product_cat?post=6559"},{"taxonomy":"product_tag","embeddable":true,"href":"https:\/\/disderot.com\/en\/wp-json\/wp\/v2\/product_tag?post=6559"}],"curies":[{"name":"wp","href":"https:\/\/api.w.org\/{rel}","templated":true}]}}