{"id":6464,"date":"2019-04-03T16:35:32","date_gmt":"2019-04-03T16:35:32","guid":{"rendered":"https:\/\/disderot.com\/?post_type=product&#038;p=6464"},"modified":"2025-03-07T15:57:22","modified_gmt":"2025-03-07T15:57:22","slug":"applique-2093-a-olivier-mourgue","status":"publish","type":"product","link":"https:\/\/disderot.com\/en\/produit\/applique-2093-a-olivier-mourgue\/","title":{"rendered":"APPLIQUE 2093-A"},"content":{"rendered":"<div class=\"wpb-content-wrapper\"><p>[vc_row][vc_column width=&#8221;1\/3&#8243;][vc_single_image image=&#8221;6463&#8243; img_size=&#8221;full&#8221; alignment=&#8221;right&#8221; label=&#8221;&#8221;][\/vc_column][vc_column width=&#8221;2\/3&#8243;][vc_column_text]<p class='designer-name'>Olivier Mourgue<\/p><p class='designer-dates'>1939<\/p><\/p>\n<p class=\"p1\">I was born in 1939 in Paris. I graduated from the Ecole Boulle in 1958, this remarkable teaching taught me to draw and develop a great manual dexterity. This Ecole Boulle should be multiplied in all major provincial cities&#8230;<\/p>\n<p><a class='to-button tiny standard square to-button-border to-icon-anim' style='color: #7c7c7c; background: none !important; border-color: #7c7c7c;' href='https:\/\/disderot.com\/en\/olivier-mourgue\/' target='_self'><span style='color: #7c7c7c;'>En savoir +<\/span><\/a>[\/vc_column_text][\/vc_column][\/vc_row]<\/p>\n<\/div>","protected":false},"excerpt":{"rendered":"<p class='product-designer'>Olivier Mourgue<\/p><p class='product-year'>1969<\/p><p class='product-price'> without VAT 702,64 \u20ac \u20ac<\/p><p class='product-ecopart'>including eco participation:  0.16 \u20ac<\/p>\n<p style=\"text-align: left;\">In 1967, Olivier Mourgue invented a flower shaped lighting device, made of aluminum petals fixed on two chromed metal wires, for sconces, ceiling lights and standing lamps.<br \/>\nHe used this silver caped bulb, which was new at the time, and produced very high quality reflected lighting.<\/p>\n<p class='portfolio-edition'>Numbered Edition,<br> Delivered with authentication certificate,<br> Made in France<\/p>\n","protected":false},"featured_media":7254,"template":"","meta":{"_acf_changed":false,"_monsterinsights_skip_tracking":false,"_monsterinsights_sitenote_active":false,"_monsterinsights_sitenote_note":"","_monsterinsights_sitenote_category":0},"product_brand":[],"product_cat":[127,269],"product_tag":[],"class_list":{"0":"post-6464","1":"product","2":"type-product","3":"status-publish","4":"has-post-thumbnail","6":"product_cat-applique","7":"product_cat-olivier-mourgue","8":"product_shipping_class-304","10":"first","11":"instock","12":"taxable","13":"shipping-taxable","14":"purchasable","15":"product-type-simple"},"acf":[],"yoast_head":"<!-- This site is optimized with the Yoast SEO plugin v27.2 - https:\/\/yoast.com\/product\/yoast-seo-wordpress\/ -->\n<title>Applique 2093-A Olivier Mourgue<\/title>\n<meta name=\"description\" content=\"L&#039;applique 2093-A d&#039;Olivier Mourgue fait partie de la s\u00e9rie &quot;fleur&quot; cr\u00e9\u00e9e en 1968 et \u00e9dit\u00e9e par Disderot la m\u00eame ann\u00e9e.\" \/>\n<meta name=\"robots\" content=\"index, follow, max-snippet:-1, max-image-preview:large, max-video-preview:-1\" \/>\n<link rel=\"canonical\" href=\"https:\/\/disderot.com\/en\/produit\/applique-2093-a-olivier-mourgue\/\" \/>\n<meta property=\"og:locale\" content=\"en_US\" \/>\n<meta property=\"og:type\" content=\"article\" \/>\n<meta property=\"og:title\" content=\"Applique 2093-A Olivier Mourgue\" \/>\n<meta property=\"og:description\" content=\"L&#039;applique 2093-A d&#039;Olivier Mourgue fait partie de la s\u00e9rie &quot;fleur&quot; cr\u00e9\u00e9e en 1968 et \u00e9dit\u00e9e par Disderot la m\u00eame ann\u00e9e.\" \/>\n<meta property=\"og:url\" content=\"https:\/\/disderot.com\/en\/produit\/applique-2093-a-olivier-mourgue\/\" \/>\n<meta property=\"og:site_name\" content=\"Disderot\" \/>\n<meta property=\"article:modified_time\" content=\"2025-03-07T15:57:22+00:00\" \/>\n<meta property=\"og:image\" content=\"https:\/\/disderot.com\/wp-content\/uploads\/2020\/07\/2093-A-image1.jpg\" \/>\n\t<meta property=\"og:image:width\" content=\"2000\" \/>\n\t<meta property=\"og:image:height\" content=\"2000\" \/>\n\t<meta property=\"og:image:type\" content=\"image\/jpeg\" \/>\n<meta name=\"twitter:card\" content=\"summary_large_image\" \/>\n<meta name=\"twitter:site\" content=\"@disderot_now\" \/>\n<meta name=\"twitter:label1\" content=\"Est. reading time\" \/>\n\t<meta name=\"twitter:data1\" content=\"1 minute\" \/>\n<script type=\"application\/ld+json\" class=\"yoast-schema-graph\">{\"@context\":\"https:\/\/schema.org\",\"@graph\":[{\"@type\":\"WebPage\",\"@id\":\"https:\/\/disderot.com\/en\/produit\/applique-2093-a-olivier-mourgue\/\",\"url\":\"https:\/\/disderot.com\/en\/produit\/applique-2093-a-olivier-mourgue\/\",\"name\":\"Applique 2093-A Olivier Mourgue\",\"isPartOf\":{\"@id\":\"https:\/\/disderot.com\/en\/#website\"},\"primaryImageOfPage\":{\"@id\":\"https:\/\/disderot.com\/en\/produit\/applique-2093-a-olivier-mourgue\/#primaryimage\"},\"image\":{\"@id\":\"https:\/\/disderot.com\/produit\/applique-2093-a-olivier-mourgue\/#primaryimage\"},\"thumbnailUrl\":\"https:\/\/disderot.com\/wp-content\/uploads\/2020\/07\/2093-A-image1.jpg\",\"datePublished\":\"2019-04-03T16:35:32+00:00\",\"dateModified\":\"2025-03-07T15:57:22+00:00\",\"description\":\"L'applique 2093-A d'Olivier Mourgue fait partie de la s\u00e9rie \\\"fleur\\\" cr\u00e9\u00e9e en 1968 et \u00e9dit\u00e9e par Disderot la m\u00eame ann\u00e9e.\",\"breadcrumb\":{\"@id\":\"https:\/\/disderot.com\/en\/produit\/applique-2093-a-olivier-mourgue\/#breadcrumb\"},\"inLanguage\":\"en-US\",\"potentialAction\":[{\"@type\":\"ReadAction\",\"target\":[[\"https:\/\/disderot.com\/en\/produit\/applique-2093-a-olivier-mourgue\/\"]]}]},{\"@type\":\"ImageObject\",\"inLanguage\":\"en-US\",\"@id\":\"https:\/\/disderot.com\/en\/produit\/applique-2093-a-olivier-mourgue\/#primaryimage\",\"url\":\"https:\/\/disderot.com\/wp-content\/uploads\/2020\/07\/2093-A-image1.jpg\",\"contentUrl\":\"https:\/\/disderot.com\/wp-content\/uploads\/2020\/07\/2093-A-image1.jpg\",\"width\":2000,\"height\":2000,\"caption\":\"Applique 2093-A d'Olivier Mourgue\"},{\"@type\":\"BreadcrumbList\",\"@id\":\"https:\/\/disderot.com\/en\/produit\/applique-2093-a-olivier-mourgue\/#breadcrumb\",\"itemListElement\":[{\"@type\":\"ListItem\",\"position\":1,\"name\":\"Accueil\",\"item\":\"https:\/\/disderot.com\/en\/\"},{\"@type\":\"ListItem\",\"position\":2,\"name\":\"Boutique\",\"item\":\"https:\/\/disderot.com\/en\/boutique\/\"},{\"@type\":\"ListItem\",\"position\":3,\"name\":\"APPLIQUE 2093-A\"}]},{\"@type\":\"WebSite\",\"@id\":\"https:\/\/disderot.com\/en\/#website\",\"url\":\"https:\/\/disderot.com\/en\/\",\"name\":\"Disderot\",\"description\":\"Luminaires de collections\",\"inLanguage\":\"en-US\"}]}<\/script>\n<!-- \/ Yoast SEO plugin. -->","yoast_head_json":{"title":"Applique 2093-A Olivier Mourgue","description":"L'applique 2093-A d'Olivier Mourgue fait partie de la s\u00e9rie \"fleur\" cr\u00e9\u00e9e en 1968 et \u00e9dit\u00e9e par Disderot la m\u00eame ann\u00e9e.","robots":{"index":"index","follow":"follow","max-snippet":"max-snippet:-1","max-image-preview":"max-image-preview:large","max-video-preview":"max-video-preview:-1"},"canonical":"https:\/\/disderot.com\/en\/produit\/applique-2093-a-olivier-mourgue\/","og_locale":"en_US","og_type":"article","og_title":"Applique 2093-A Olivier Mourgue","og_description":"L'applique 2093-A d'Olivier Mourgue fait partie de la s\u00e9rie \"fleur\" cr\u00e9\u00e9e en 1968 et \u00e9dit\u00e9e par Disderot la m\u00eame ann\u00e9e.","og_url":"https:\/\/disderot.com\/en\/produit\/applique-2093-a-olivier-mourgue\/","og_site_name":"Disderot","article_modified_time":"2025-03-07T15:57:22+00:00","og_image":[{"width":2000,"height":2000,"url":"https:\/\/disderot.com\/wp-content\/uploads\/2020\/07\/2093-A-image1.jpg","type":"image\/jpeg"}],"twitter_card":"summary_large_image","twitter_site":"@disderot_now","twitter_misc":{"Est. reading time":"1 minute"},"schema":{"@context":"https:\/\/schema.org","@graph":[{"@type":"WebPage","@id":"https:\/\/disderot.com\/en\/produit\/applique-2093-a-olivier-mourgue\/","url":"https:\/\/disderot.com\/en\/produit\/applique-2093-a-olivier-mourgue\/","name":"Applique 2093-A Olivier Mourgue","isPartOf":{"@id":"https:\/\/disderot.com\/en\/#website"},"primaryImageOfPage":{"@id":"https:\/\/disderot.com\/en\/produit\/applique-2093-a-olivier-mourgue\/#primaryimage"},"image":{"@id":"https:\/\/disderot.com\/produit\/applique-2093-a-olivier-mourgue\/#primaryimage"},"thumbnailUrl":"https:\/\/disderot.com\/wp-content\/uploads\/2020\/07\/2093-A-image1.jpg","datePublished":"2019-04-03T16:35:32+00:00","dateModified":"2025-03-07T15:57:22+00:00","description":"L'applique 2093-A d'Olivier Mourgue fait partie de la s\u00e9rie \"fleur\" cr\u00e9\u00e9e en 1968 et \u00e9dit\u00e9e par Disderot la m\u00eame ann\u00e9e.","breadcrumb":{"@id":"https:\/\/disderot.com\/en\/produit\/applique-2093-a-olivier-mourgue\/#breadcrumb"},"inLanguage":"en-US","potentialAction":[{"@type":"ReadAction","target":[["https:\/\/disderot.com\/en\/produit\/applique-2093-a-olivier-mourgue\/"]]}]},{"@type":"ImageObject","inLanguage":"en-US","@id":"https:\/\/disderot.com\/en\/produit\/applique-2093-a-olivier-mourgue\/#primaryimage","url":"https:\/\/disderot.com\/wp-content\/uploads\/2020\/07\/2093-A-image1.jpg","contentUrl":"https:\/\/disderot.com\/wp-content\/uploads\/2020\/07\/2093-A-image1.jpg","width":2000,"height":2000,"caption":"Applique 2093-A d'Olivier Mourgue"},{"@type":"BreadcrumbList","@id":"https:\/\/disderot.com\/en\/produit\/applique-2093-a-olivier-mourgue\/#breadcrumb","itemListElement":[{"@type":"ListItem","position":1,"name":"Accueil","item":"https:\/\/disderot.com\/en\/"},{"@type":"ListItem","position":2,"name":"Boutique","item":"https:\/\/disderot.com\/en\/boutique\/"},{"@type":"ListItem","position":3,"name":"APPLIQUE 2093-A"}]},{"@type":"WebSite","@id":"https:\/\/disderot.com\/en\/#website","url":"https:\/\/disderot.com\/en\/","name":"Disderot","description":"Luminaires de collections","inLanguage":"en-US"}]}},"_links":{"self":[{"href":"https:\/\/disderot.com\/en\/wp-json\/wp\/v2\/product\/6464","targetHints":{"allow":["GET"]}}],"collection":[{"href":"https:\/\/disderot.com\/en\/wp-json\/wp\/v2\/product"}],"about":[{"href":"https:\/\/disderot.com\/en\/wp-json\/wp\/v2\/types\/product"}],"wp:featuredmedia":[{"embeddable":true,"href":"https:\/\/disderot.com\/en\/wp-json\/wp\/v2\/media\/7254"}],"wp:attachment":[{"href":"https:\/\/disderot.com\/en\/wp-json\/wp\/v2\/media?parent=6464"}],"wp:term":[{"taxonomy":"product_brand","embeddable":true,"href":"https:\/\/disderot.com\/en\/wp-json\/wp\/v2\/product_brand?post=6464"},{"taxonomy":"product_cat","embeddable":true,"href":"https:\/\/disderot.com\/en\/wp-json\/wp\/v2\/product_cat?post=6464"},{"taxonomy":"product_tag","embeddable":true,"href":"https:\/\/disderot.com\/en\/wp-json\/wp\/v2\/product_tag?post=6464"}],"curies":[{"name":"wp","href":"https:\/\/api.w.org\/{rel}","templated":true}]}}