{"id":5764,"date":"2018-01-04T22:02:36","date_gmt":"2018-01-04T22:02:36","guid":{"rendered":"https:\/\/disderot.com\/?post_type=product&#038;p=5764"},"modified":"2025-03-04T14:47:12","modified_gmt":"2025-03-04T14:47:12","slug":"lampe-j13","status":"publish","type":"product","link":"https:\/\/disderot.com\/en\/produit\/lampe-j13\/","title":{"rendered":"LAMPE \u00c0 POSER J13"},"content":{"rendered":"<div class=\"wpb-content-wrapper\"><p>[vc_row][vc_column width=&#8221;1\/3&#8243;][vc_single_image image=&#8221;5273&#8243; img_size=&#8221;full&#8221; alignment=&#8221;right&#8221; label=&#8221;&#8221;][\/vc_column][vc_column width=&#8221;2\/3&#8243;][vc_column_text]<p class='designer-name'>Joseph-Andr\u00e9 Motte<\/p><p class='designer-dates'>1925-2013<\/p><\/p>\n<p class=\"p1\">Joseph-Andr\u00e9 Motte was born in 1925 in the Hautes-Alpes but it was in Paris at the School of Applied Arts to Industry that he studied under the direction of Louis Sognot and Rene Gabriel, two of the great masters of French modernity.<br \/>\nHe graduated from his class in 1948 and in 1952 he joined the studio of the third French master, Marcel Gascoin. It is there that he meets Pierre Guariche and Michel Mortier with whom he develops a friendship and a deep professional complicity. Together they created the Atelier de Recherche Plastique (ARP) in 1954 to present French manufacturers a practical, comfortable, modern furniture at a reasonable price.<\/p>\n<p><a class='to-button tiny standard square to-button-border to-icon-anim' style='color: #7c7c7c; background: none !important; border-color: #7c7c7c;' href='https:\/\/disderot.com\/en\/joseph-andre-motte\/' target='_self'><span style='color: #7c7c7c;'>More<\/span><\/a>[\/vc_column_text][\/vc_column][\/vc_row]<\/p>\n<\/div>","protected":false},"excerpt":{"rendered":"<p class='product-designer'>Joseph-Andr\u00e9 Motte<\/p><p class='product-year'>1958<\/p><p class='product-price'>Starting from  without VAT 1 551,50 \u20ac<\/p><p class='product-ecopart'>including eco participation:  0.16 \u20ac<\/p>\n<p style=\"text-align: left;\">This elegant lamp from the nineteen fifties has been recreated by Disderot. With a Japanese influence and minimalist style, this extremely rare lamp was an inaccessible dream for many collectors, who considered it to be one of the most beautiful French lamps.<\/p>\n<input id='toggle' class='readmore-toggle' type='checkbox'><label class='readmore-label' for='toggle'>+ Read More<\/label>\n  <div id='expand' class='readmore-expand'>\n<p>Inspired by a modernised Japanese lantern, it is timeless and fits perfectly in today&#8217;s interiors, placed on the floor or on furniture, in the living room or in the bedroom, or even on a desk.<\/p>\n<\/div>\n<p class='portfolio-edition'>Numbered Edition,<br> Delivered with authentication certificate,<br> Made in France<\/p>\n<p><a class=\"disderot-custom-product\" href=\"mailto:support@disderot.com?subject=Tailored Applique 1013\">Tailored consult us<\/a><\/p>\n","protected":false},"featured_media":7219,"template":"","meta":{"_acf_changed":false,"_monsterinsights_skip_tracking":false,"_monsterinsights_sitenote_active":false,"_monsterinsights_sitenote_note":"","_monsterinsights_sitenote_category":0},"product_brand":[],"product_cat":[141,123],"product_tag":[],"class_list":{"0":"post-5764","1":"product","2":"type-product","3":"status-publish","4":"has-post-thumbnail","6":"product_cat-joseph-andre-motte","7":"product_cat-lampe-a-poser","8":"product_shipping_class-j13","10":"first","11":"instock","12":"taxable","13":"shipping-taxable","14":"purchasable","15":"product-type-variable"},"acf":[],"yoast_head":"<!-- This site is optimized with the Yoast SEO plugin v27.2 - https:\/\/yoast.com\/product\/yoast-seo-wordpress\/ -->\n<title>LAMPE \u00c0 POSER J13 - Disderot<\/title>\n<meta name=\"description\" content=\"Cette sublime lampe des ann\u00e9es 50\u2019 est enfin r\u00e9\u00e9dit\u00e9e par Disderot. Japonisante, minimaliste, po\u00e9tique mais rarissime, elle \u00e9tait un r\u00eave inaccessible pour bien des collectionneurs qui la consid\u00e8rent comme l\u2019un des plus beaux luminaires fran\u00e7ais. Inspir\u00e9e d\u2019un lampion japonais modernis\u00e9, elle est intemporelle et...\" \/>\n<meta name=\"robots\" content=\"index, follow, max-snippet:-1, max-image-preview:large, max-video-preview:-1\" \/>\n<link rel=\"canonical\" href=\"https:\/\/disderot.com\/en\/produit\/lampe-j13\/\" \/>\n<meta property=\"og:locale\" content=\"en_US\" \/>\n<meta property=\"og:type\" content=\"article\" \/>\n<meta property=\"og:title\" content=\"LAMPE \u00c0 POSER J13 - Disderot\" \/>\n<meta property=\"og:description\" content=\"Cette sublime lampe des ann\u00e9es 50\u2019 est enfin r\u00e9\u00e9dit\u00e9e par Disderot. Japonisante, minimaliste, po\u00e9tique mais rarissime, elle \u00e9tait un r\u00eave inaccessible pour bien des collectionneurs qui la consid\u00e8rent comme l\u2019un des plus beaux luminaires fran\u00e7ais. Inspir\u00e9e d\u2019un lampion japonais modernis\u00e9, elle est intemporelle et...\" \/>\n<meta property=\"og:url\" content=\"https:\/\/disderot.com\/en\/produit\/lampe-j13\/\" \/>\n<meta property=\"og:site_name\" content=\"Disderot\" \/>\n<meta property=\"article:modified_time\" content=\"2025-03-04T14:47:12+00:00\" \/>\n<meta property=\"og:image\" content=\"https:\/\/disderot.com\/wp-content\/uploads\/2020\/07\/J13-ima1-1.jpg\" \/>\n\t<meta property=\"og:image:width\" content=\"2000\" \/>\n\t<meta property=\"og:image:height\" content=\"2000\" \/>\n\t<meta property=\"og:image:type\" content=\"image\/jpeg\" \/>\n<meta name=\"twitter:card\" content=\"summary_large_image\" \/>\n<meta name=\"twitter:site\" content=\"@disderot_now\" \/>\n<meta name=\"twitter:label1\" content=\"Est. reading time\" \/>\n\t<meta name=\"twitter:data1\" content=\"1 minute\" \/>\n<script type=\"application\/ld+json\" class=\"yoast-schema-graph\">{\"@context\":\"https:\/\/schema.org\",\"@graph\":[{\"@type\":\"WebPage\",\"@id\":\"https:\/\/disderot.com\/en\/produit\/lampe-j13\/\",\"url\":\"https:\/\/disderot.com\/en\/produit\/lampe-j13\/\",\"name\":\"LAMPE \u00c0 POSER J13 - Disderot\",\"isPartOf\":{\"@id\":\"https:\/\/disderot.com\/en\/#website\"},\"primaryImageOfPage\":{\"@id\":\"https:\/\/disderot.com\/en\/produit\/lampe-j13\/#primaryimage\"},\"image\":{\"@id\":\"https:\/\/disderot.com\/produit\/lampe-j13\/#primaryimage\"},\"thumbnailUrl\":\"https:\/\/disderot.com\/wp-content\/uploads\/2020\/07\/J13-ima1-1.jpg\",\"datePublished\":\"2018-01-04T22:02:36+00:00\",\"dateModified\":\"2025-03-04T14:47:12+00:00\",\"description\":\"Cette sublime lampe des ann\u00e9es 50\u2019 est enfin r\u00e9\u00e9dit\u00e9e par Disderot. Japonisante, minimaliste, po\u00e9tique mais rarissime, elle \u00e9tait un r\u00eave inaccessible pour bien des collectionneurs qui la consid\u00e8rent comme l\u2019un des plus beaux luminaires fran\u00e7ais. Inspir\u00e9e d\u2019un lampion japonais modernis\u00e9, elle est intemporelle et...\",\"breadcrumb\":{\"@id\":\"https:\/\/disderot.com\/en\/produit\/lampe-j13\/#breadcrumb\"},\"inLanguage\":\"en-US\",\"potentialAction\":[{\"@type\":\"ReadAction\",\"target\":[[\"https:\/\/disderot.com\/en\/produit\/lampe-j13\/\"]]}]},{\"@type\":\"ImageObject\",\"inLanguage\":\"en-US\",\"@id\":\"https:\/\/disderot.com\/en\/produit\/lampe-j13\/#primaryimage\",\"url\":\"https:\/\/disderot.com\/wp-content\/uploads\/2020\/07\/J13-ima1-1.jpg\",\"contentUrl\":\"https:\/\/disderot.com\/wp-content\/uploads\/2020\/07\/J13-ima1-1.jpg\",\"width\":2000,\"height\":2000,\"caption\":\"Lampe \u00e0 poser J13 de Joseph-Andr\u00e9 Motte\"},{\"@type\":\"BreadcrumbList\",\"@id\":\"https:\/\/disderot.com\/en\/produit\/lampe-j13\/#breadcrumb\",\"itemListElement\":[{\"@type\":\"ListItem\",\"position\":1,\"name\":\"Accueil\",\"item\":\"https:\/\/disderot.com\/en\/\"},{\"@type\":\"ListItem\",\"position\":2,\"name\":\"Boutique\",\"item\":\"https:\/\/disderot.com\/en\/boutique\/\"},{\"@type\":\"ListItem\",\"position\":3,\"name\":\"LAMPE \u00c0 POSER J13\"}]},{\"@type\":\"WebSite\",\"@id\":\"https:\/\/disderot.com\/en\/#website\",\"url\":\"https:\/\/disderot.com\/en\/\",\"name\":\"Disderot\",\"description\":\"Luminaires de collections\",\"inLanguage\":\"en-US\"}]}<\/script>\n<!-- \/ Yoast SEO plugin. -->","yoast_head_json":{"title":"LAMPE \u00c0 POSER J13 - Disderot","description":"Cette sublime lampe des ann\u00e9es 50\u2019 est enfin r\u00e9\u00e9dit\u00e9e par Disderot. Japonisante, minimaliste, po\u00e9tique mais rarissime, elle \u00e9tait un r\u00eave inaccessible pour bien des collectionneurs qui la consid\u00e8rent comme l\u2019un des plus beaux luminaires fran\u00e7ais. Inspir\u00e9e d\u2019un lampion japonais modernis\u00e9, elle est intemporelle et...","robots":{"index":"index","follow":"follow","max-snippet":"max-snippet:-1","max-image-preview":"max-image-preview:large","max-video-preview":"max-video-preview:-1"},"canonical":"https:\/\/disderot.com\/en\/produit\/lampe-j13\/","og_locale":"en_US","og_type":"article","og_title":"LAMPE \u00c0 POSER J13 - Disderot","og_description":"Cette sublime lampe des ann\u00e9es 50\u2019 est enfin r\u00e9\u00e9dit\u00e9e par Disderot. Japonisante, minimaliste, po\u00e9tique mais rarissime, elle \u00e9tait un r\u00eave inaccessible pour bien des collectionneurs qui la consid\u00e8rent comme l\u2019un des plus beaux luminaires fran\u00e7ais. Inspir\u00e9e d\u2019un lampion japonais modernis\u00e9, elle est intemporelle et...","og_url":"https:\/\/disderot.com\/en\/produit\/lampe-j13\/","og_site_name":"Disderot","article_modified_time":"2025-03-04T14:47:12+00:00","og_image":[{"width":2000,"height":2000,"url":"https:\/\/disderot.com\/wp-content\/uploads\/2020\/07\/J13-ima1-1.jpg","type":"image\/jpeg"}],"twitter_card":"summary_large_image","twitter_site":"@disderot_now","twitter_misc":{"Est. reading time":"1 minute"},"schema":{"@context":"https:\/\/schema.org","@graph":[{"@type":"WebPage","@id":"https:\/\/disderot.com\/en\/produit\/lampe-j13\/","url":"https:\/\/disderot.com\/en\/produit\/lampe-j13\/","name":"LAMPE \u00c0 POSER J13 - Disderot","isPartOf":{"@id":"https:\/\/disderot.com\/en\/#website"},"primaryImageOfPage":{"@id":"https:\/\/disderot.com\/en\/produit\/lampe-j13\/#primaryimage"},"image":{"@id":"https:\/\/disderot.com\/produit\/lampe-j13\/#primaryimage"},"thumbnailUrl":"https:\/\/disderot.com\/wp-content\/uploads\/2020\/07\/J13-ima1-1.jpg","datePublished":"2018-01-04T22:02:36+00:00","dateModified":"2025-03-04T14:47:12+00:00","description":"Cette sublime lampe des ann\u00e9es 50\u2019 est enfin r\u00e9\u00e9dit\u00e9e par Disderot. Japonisante, minimaliste, po\u00e9tique mais rarissime, elle \u00e9tait un r\u00eave inaccessible pour bien des collectionneurs qui la consid\u00e8rent comme l\u2019un des plus beaux luminaires fran\u00e7ais. Inspir\u00e9e d\u2019un lampion japonais modernis\u00e9, elle est intemporelle et...","breadcrumb":{"@id":"https:\/\/disderot.com\/en\/produit\/lampe-j13\/#breadcrumb"},"inLanguage":"en-US","potentialAction":[{"@type":"ReadAction","target":[["https:\/\/disderot.com\/en\/produit\/lampe-j13\/"]]}]},{"@type":"ImageObject","inLanguage":"en-US","@id":"https:\/\/disderot.com\/en\/produit\/lampe-j13\/#primaryimage","url":"https:\/\/disderot.com\/wp-content\/uploads\/2020\/07\/J13-ima1-1.jpg","contentUrl":"https:\/\/disderot.com\/wp-content\/uploads\/2020\/07\/J13-ima1-1.jpg","width":2000,"height":2000,"caption":"Lampe \u00e0 poser J13 de Joseph-Andr\u00e9 Motte"},{"@type":"BreadcrumbList","@id":"https:\/\/disderot.com\/en\/produit\/lampe-j13\/#breadcrumb","itemListElement":[{"@type":"ListItem","position":1,"name":"Accueil","item":"https:\/\/disderot.com\/en\/"},{"@type":"ListItem","position":2,"name":"Boutique","item":"https:\/\/disderot.com\/en\/boutique\/"},{"@type":"ListItem","position":3,"name":"LAMPE \u00c0 POSER J13"}]},{"@type":"WebSite","@id":"https:\/\/disderot.com\/en\/#website","url":"https:\/\/disderot.com\/en\/","name":"Disderot","description":"Luminaires de collections","inLanguage":"en-US"}]}},"_links":{"self":[{"href":"https:\/\/disderot.com\/en\/wp-json\/wp\/v2\/product\/5764","targetHints":{"allow":["GET"]}}],"collection":[{"href":"https:\/\/disderot.com\/en\/wp-json\/wp\/v2\/product"}],"about":[{"href":"https:\/\/disderot.com\/en\/wp-json\/wp\/v2\/types\/product"}],"wp:featuredmedia":[{"embeddable":true,"href":"https:\/\/disderot.com\/en\/wp-json\/wp\/v2\/media\/7219"}],"wp:attachment":[{"href":"https:\/\/disderot.com\/en\/wp-json\/wp\/v2\/media?parent=5764"}],"wp:term":[{"taxonomy":"product_brand","embeddable":true,"href":"https:\/\/disderot.com\/en\/wp-json\/wp\/v2\/product_brand?post=5764"},{"taxonomy":"product_cat","embeddable":true,"href":"https:\/\/disderot.com\/en\/wp-json\/wp\/v2\/product_cat?post=5764"},{"taxonomy":"product_tag","embeddable":true,"href":"https:\/\/disderot.com\/en\/wp-json\/wp\/v2\/product_tag?post=5764"}],"curies":[{"name":"wp","href":"https:\/\/api.w.org\/{rel}","templated":true}]}}