{"id":5763,"date":"2018-01-04T22:00:23","date_gmt":"2018-01-04T22:00:23","guid":{"rendered":"https:\/\/disderot.com\/?post_type=product&#038;p=5763"},"modified":"2025-03-07T15:48:53","modified_gmt":"2025-03-07T15:48:53","slug":"lampadaire-j14","status":"publish","type":"product","link":"https:\/\/disderot.com\/en\/produit\/lampadaire-j14\/","title":{"rendered":"LAMPADAIRE J14"},"content":{"rendered":"<div class=\"wpb-content-wrapper\"><p><div class=\"col col-4 txt-left \"  ><br \/>\n<img loading=\"lazy\" decoding=\"async\" class=\"size-full wp-image-5273 aligncenter\" src=\"https:\/\/disderot.com\/wp-content\/uploads\/2017\/08\/motte-designer-1.jpg\" alt=\"\" width=\"500\" height=\"500\" srcset=\"https:\/\/disderot.com\/wp-content\/uploads\/2017\/08\/motte-designer-1.jpg 500w, https:\/\/disderot.com\/wp-content\/uploads\/2017\/08\/motte-designer-1-364x364.jpg 364w\" sizes=\"auto, (max-width: 500px) 100vw, 500px\" \/><\/p>\n<p><\/div>\n<div class=\"col col-8  col-last txt-left \"  >\n<p class='designer-name'>Joseph-Andr\u00e9 Motte<\/p><p class='designer-dates'>1925-2013<\/p>\n<p>Joseph-Andr\u00e9 Motte was born in 1925 in the Hautes-Alpes but it was in Paris at the School of Applied Arts to Industry that he studied under the direction of Louis Sognot and Rene Gabriel, two of the great masters of French modernity.<br \/>\nHe graduated from his class in 1948 and in 1952 he joined the studio of the third French master, Marcel Gascoin. It is there that he meets Pierre Guariche and Michel Mortier with whom he develops a friendship and a deep professional complicity. Together they created the Atelier de Recherche Plastique (ARP) in 1954 to present French manufacturers a practical, comfortable, modern furniture at a reasonable price.<\/p>\n<a class='to-button tiny standard square to-button-border to-icon-anim' style='color: #7c7c7c; background: none !important; border-color: #7c7c7c;' href='https:\/\/disderot.com\/en\/joseph-andre-motte\/' target='_self'><span style='color: #7c7c7c;'>More<\/span><\/a>\n<p><\/div><div class=\"clear\"><\/div><\/p>\n<\/div>","protected":false},"excerpt":{"rendered":"<p class='product-designer'>Joseph-Andr\u00e9 Motte<\/p><p class='product-year'>1957<\/p><p class='product-price'>Starting from   without VAT 3 091,41 \u20ac \u20ac<\/p><p class='product-ecopart'>including eco participation:  0.16 \u20ac<\/p>\n<p style=\"text-align: left;\">An equally rare version of the J13 lamp, this large floral design creates a soft 360\u00b0 atmospheric illumination.<\/p>\n<input id='toggle' class='readmore-toggle' type='checkbox'><label class='readmore-label' for='toggle'>+ Read More<\/label>\n  <div id='expand' class='readmore-expand'>\n<p>An intensity dimmer allows you to highlight its double layer glass, while the minimalist elegance combines with a luxurious finish in weathered brass and white marble. Also available as a pair, this lamp is a modern classic, which is now available as this reissue by Disderot.<\/p>\n<\/div>\n<p class='portfolio-edition'>Numbered Edition,<br> Delivered with authentication certificate,<br> Made in France<\/p>\n<p><a class=\"disderot-custom-product\" href=\"mailto:support@disderot.com?subject=Tailored Applique 1013\">Tailored consult us<\/a><\/p>\n","protected":false},"featured_media":6030,"template":"","meta":{"_acf_changed":false,"_monsterinsights_skip_tracking":false,"_monsterinsights_sitenote_active":false,"_monsterinsights_sitenote_note":"","_monsterinsights_sitenote_category":0},"product_brand":[],"product_cat":[141,126],"product_tag":[],"class_list":{"0":"post-5763","1":"product","2":"type-product","3":"status-publish","4":"has-post-thumbnail","6":"product_cat-joseph-andre-motte","7":"product_cat-lampadaire","8":"product_shipping_class-j14","10":"first","11":"instock","12":"taxable","13":"shipping-taxable","14":"purchasable","15":"product-type-variable"},"acf":[],"yoast_head":"<!-- This site is optimized with the Yoast SEO plugin v27.2 - https:\/\/yoast.com\/product\/yoast-seo-wordpress\/ -->\n<title>LAMPADAIRE J14 - Disderot<\/title>\n<meta name=\"description\" content=\"D\u00e9clinaison invers\u00e9e et toute aussi rare de la lampe J13, ce grand bouton floral qu&#039;est la J14 dispense sa lumi\u00e8re d\u2019ambiance satin\u00e9e \u00e0 360\u00b0. Un variateur d\u2019intensit\u00e9 mettra en valeur la subtilit\u00e9 de son verre double couche. Son \u00e9l\u00e9gance minimaliste s\u2019accompagne d\u2019une finition luxueuse en laiton patin\u00e9 et marbre blanc.\" \/>\n<meta name=\"robots\" content=\"index, follow, max-snippet:-1, max-image-preview:large, max-video-preview:-1\" \/>\n<link rel=\"canonical\" href=\"https:\/\/disderot.com\/en\/produit\/lampadaire-j14\/\" \/>\n<meta property=\"og:locale\" content=\"en_US\" \/>\n<meta property=\"og:type\" content=\"article\" \/>\n<meta property=\"og:title\" content=\"LAMPADAIRE J14 - Disderot\" \/>\n<meta property=\"og:description\" content=\"D\u00e9clinaison invers\u00e9e et toute aussi rare de la lampe J13, ce grand bouton floral qu&#039;est la J14 dispense sa lumi\u00e8re d\u2019ambiance satin\u00e9e \u00e0 360\u00b0. Un variateur d\u2019intensit\u00e9 mettra en valeur la subtilit\u00e9 de son verre double couche. Son \u00e9l\u00e9gance minimaliste s\u2019accompagne d\u2019une finition luxueuse en laiton patin\u00e9 et marbre blanc.\" \/>\n<meta property=\"og:url\" content=\"https:\/\/disderot.com\/en\/produit\/lampadaire-j14\/\" \/>\n<meta property=\"og:site_name\" content=\"Disderot\" \/>\n<meta property=\"article:modified_time\" content=\"2025-03-07T15:48:53+00:00\" \/>\n<meta property=\"og:image\" content=\"https:\/\/disderot.com\/wp-content\/uploads\/2018\/02\/j14-ima1.jpg\" \/>\n\t<meta property=\"og:image:width\" content=\"640\" \/>\n\t<meta property=\"og:image:height\" content=\"640\" \/>\n\t<meta property=\"og:image:type\" content=\"image\/jpeg\" \/>\n<meta name=\"twitter:card\" content=\"summary_large_image\" \/>\n<meta name=\"twitter:site\" content=\"@disderot_now\" \/>\n<meta name=\"twitter:label1\" content=\"Est. reading time\" \/>\n\t<meta name=\"twitter:data1\" content=\"2 minutes\" \/>\n<script type=\"application\/ld+json\" class=\"yoast-schema-graph\">{\"@context\":\"https:\/\/schema.org\",\"@graph\":[{\"@type\":\"WebPage\",\"@id\":\"https:\/\/disderot.com\/en\/produit\/lampadaire-j14\/\",\"url\":\"https:\/\/disderot.com\/en\/produit\/lampadaire-j14\/\",\"name\":\"LAMPADAIRE J14 - Disderot\",\"isPartOf\":{\"@id\":\"https:\/\/disderot.com\/en\/#website\"},\"primaryImageOfPage\":{\"@id\":\"https:\/\/disderot.com\/en\/produit\/lampadaire-j14\/#primaryimage\"},\"image\":{\"@id\":\"https:\/\/disderot.com\/produit\/lampadaire-j14\/#primaryimage\"},\"thumbnailUrl\":\"https:\/\/disderot.com\/wp-content\/uploads\/2018\/02\/j14-ima1.jpg\",\"datePublished\":\"2018-01-04T22:00:23+00:00\",\"dateModified\":\"2025-03-07T15:48:53+00:00\",\"description\":\"D\u00e9clinaison invers\u00e9e et toute aussi rare de la lampe J13, ce grand bouton floral qu'est la J14 dispense sa lumi\u00e8re d\u2019ambiance satin\u00e9e \u00e0 360\u00b0. Un variateur d\u2019intensit\u00e9 mettra en valeur la subtilit\u00e9 de son verre double couche. Son \u00e9l\u00e9gance minimaliste s\u2019accompagne d\u2019une finition luxueuse en laiton patin\u00e9 et marbre blanc.\",\"breadcrumb\":{\"@id\":\"https:\/\/disderot.com\/en\/produit\/lampadaire-j14\/#breadcrumb\"},\"inLanguage\":\"en-US\",\"potentialAction\":[{\"@type\":\"ReadAction\",\"target\":[[\"https:\/\/disderot.com\/en\/produit\/lampadaire-j14\/\"]]}]},{\"@type\":\"ImageObject\",\"inLanguage\":\"en-US\",\"@id\":\"https:\/\/disderot.com\/en\/produit\/lampadaire-j14\/#primaryimage\",\"url\":\"https:\/\/disderot.com\/wp-content\/uploads\/2018\/02\/j14-ima1.jpg\",\"contentUrl\":\"https:\/\/disderot.com\/wp-content\/uploads\/2018\/02\/j14-ima1.jpg\",\"width\":640,\"height\":640},{\"@type\":\"BreadcrumbList\",\"@id\":\"https:\/\/disderot.com\/en\/produit\/lampadaire-j14\/#breadcrumb\",\"itemListElement\":[{\"@type\":\"ListItem\",\"position\":1,\"name\":\"Accueil\",\"item\":\"https:\/\/disderot.com\/en\/\"},{\"@type\":\"ListItem\",\"position\":2,\"name\":\"Boutique\",\"item\":\"https:\/\/disderot.com\/en\/boutique\/\"},{\"@type\":\"ListItem\",\"position\":3,\"name\":\"LAMPADAIRE J14\"}]},{\"@type\":\"WebSite\",\"@id\":\"https:\/\/disderot.com\/en\/#website\",\"url\":\"https:\/\/disderot.com\/en\/\",\"name\":\"Disderot\",\"description\":\"Luminaires de collections\",\"inLanguage\":\"en-US\"}]}<\/script>\n<!-- \/ Yoast SEO plugin. -->","yoast_head_json":{"title":"LAMPADAIRE J14 - Disderot","description":"D\u00e9clinaison invers\u00e9e et toute aussi rare de la lampe J13, ce grand bouton floral qu'est la J14 dispense sa lumi\u00e8re d\u2019ambiance satin\u00e9e \u00e0 360\u00b0. Un variateur d\u2019intensit\u00e9 mettra en valeur la subtilit\u00e9 de son verre double couche. Son \u00e9l\u00e9gance minimaliste s\u2019accompagne d\u2019une finition luxueuse en laiton patin\u00e9 et marbre blanc.","robots":{"index":"index","follow":"follow","max-snippet":"max-snippet:-1","max-image-preview":"max-image-preview:large","max-video-preview":"max-video-preview:-1"},"canonical":"https:\/\/disderot.com\/en\/produit\/lampadaire-j14\/","og_locale":"en_US","og_type":"article","og_title":"LAMPADAIRE J14 - Disderot","og_description":"D\u00e9clinaison invers\u00e9e et toute aussi rare de la lampe J13, ce grand bouton floral qu'est la J14 dispense sa lumi\u00e8re d\u2019ambiance satin\u00e9e \u00e0 360\u00b0. Un variateur d\u2019intensit\u00e9 mettra en valeur la subtilit\u00e9 de son verre double couche. Son \u00e9l\u00e9gance minimaliste s\u2019accompagne d\u2019une finition luxueuse en laiton patin\u00e9 et marbre blanc.","og_url":"https:\/\/disderot.com\/en\/produit\/lampadaire-j14\/","og_site_name":"Disderot","article_modified_time":"2025-03-07T15:48:53+00:00","og_image":[{"width":640,"height":640,"url":"https:\/\/disderot.com\/wp-content\/uploads\/2018\/02\/j14-ima1.jpg","type":"image\/jpeg"}],"twitter_card":"summary_large_image","twitter_site":"@disderot_now","twitter_misc":{"Est. reading time":"2 minutes"},"schema":{"@context":"https:\/\/schema.org","@graph":[{"@type":"WebPage","@id":"https:\/\/disderot.com\/en\/produit\/lampadaire-j14\/","url":"https:\/\/disderot.com\/en\/produit\/lampadaire-j14\/","name":"LAMPADAIRE J14 - Disderot","isPartOf":{"@id":"https:\/\/disderot.com\/en\/#website"},"primaryImageOfPage":{"@id":"https:\/\/disderot.com\/en\/produit\/lampadaire-j14\/#primaryimage"},"image":{"@id":"https:\/\/disderot.com\/produit\/lampadaire-j14\/#primaryimage"},"thumbnailUrl":"https:\/\/disderot.com\/wp-content\/uploads\/2018\/02\/j14-ima1.jpg","datePublished":"2018-01-04T22:00:23+00:00","dateModified":"2025-03-07T15:48:53+00:00","description":"D\u00e9clinaison invers\u00e9e et toute aussi rare de la lampe J13, ce grand bouton floral qu'est la J14 dispense sa lumi\u00e8re d\u2019ambiance satin\u00e9e \u00e0 360\u00b0. Un variateur d\u2019intensit\u00e9 mettra en valeur la subtilit\u00e9 de son verre double couche. Son \u00e9l\u00e9gance minimaliste s\u2019accompagne d\u2019une finition luxueuse en laiton patin\u00e9 et marbre blanc.","breadcrumb":{"@id":"https:\/\/disderot.com\/en\/produit\/lampadaire-j14\/#breadcrumb"},"inLanguage":"en-US","potentialAction":[{"@type":"ReadAction","target":[["https:\/\/disderot.com\/en\/produit\/lampadaire-j14\/"]]}]},{"@type":"ImageObject","inLanguage":"en-US","@id":"https:\/\/disderot.com\/en\/produit\/lampadaire-j14\/#primaryimage","url":"https:\/\/disderot.com\/wp-content\/uploads\/2018\/02\/j14-ima1.jpg","contentUrl":"https:\/\/disderot.com\/wp-content\/uploads\/2018\/02\/j14-ima1.jpg","width":640,"height":640},{"@type":"BreadcrumbList","@id":"https:\/\/disderot.com\/en\/produit\/lampadaire-j14\/#breadcrumb","itemListElement":[{"@type":"ListItem","position":1,"name":"Accueil","item":"https:\/\/disderot.com\/en\/"},{"@type":"ListItem","position":2,"name":"Boutique","item":"https:\/\/disderot.com\/en\/boutique\/"},{"@type":"ListItem","position":3,"name":"LAMPADAIRE J14"}]},{"@type":"WebSite","@id":"https:\/\/disderot.com\/en\/#website","url":"https:\/\/disderot.com\/en\/","name":"Disderot","description":"Luminaires de collections","inLanguage":"en-US"}]}},"_links":{"self":[{"href":"https:\/\/disderot.com\/en\/wp-json\/wp\/v2\/product\/5763","targetHints":{"allow":["GET"]}}],"collection":[{"href":"https:\/\/disderot.com\/en\/wp-json\/wp\/v2\/product"}],"about":[{"href":"https:\/\/disderot.com\/en\/wp-json\/wp\/v2\/types\/product"}],"wp:featuredmedia":[{"embeddable":true,"href":"https:\/\/disderot.com\/en\/wp-json\/wp\/v2\/media\/6030"}],"wp:attachment":[{"href":"https:\/\/disderot.com\/en\/wp-json\/wp\/v2\/media?parent=5763"}],"wp:term":[{"taxonomy":"product_brand","embeddable":true,"href":"https:\/\/disderot.com\/en\/wp-json\/wp\/v2\/product_brand?post=5763"},{"taxonomy":"product_cat","embeddable":true,"href":"https:\/\/disderot.com\/en\/wp-json\/wp\/v2\/product_cat?post=5763"},{"taxonomy":"product_tag","embeddable":true,"href":"https:\/\/disderot.com\/en\/wp-json\/wp\/v2\/product_tag?post=5763"}],"curies":[{"name":"wp","href":"https:\/\/api.w.org\/{rel}","templated":true}]}}