{"id":5761,"date":"2018-01-04T21:55:12","date_gmt":"2018-01-04T21:55:12","guid":{"rendered":"https:\/\/disderot.com\/?post_type=product&#038;p=5761"},"modified":"2025-03-10T08:51:44","modified_gmt":"2025-03-10T08:51:44","slug":"applique-b3-rene-jean-caillette","status":"publish","type":"product","link":"https:\/\/disderot.com\/en\/produit\/applique-b3-rene-jean-caillette\/","title":{"rendered":"APPLIQUE B3"},"content":{"rendered":"<div class=\"wpb-content-wrapper\"><p>[vc_row][vc_column width=&#8221;1\/3&#8243;][vc_single_image image=&#8221;5308&#8243; img_size=&#8221;full&#8221; alignment=&#8221;right&#8221; label=&#8221;&#8221;][\/vc_column][vc_column width=&#8221;2\/3&#8243;][vc_column_text]<p class='designer-name'>Ren\u00e9-Jean Caillette<\/p><p class='designer-dates'>1919-2004<\/p><\/p>\n<p class=\"p1\">Ren\u00e9-Jean Caillette was born in 1919 which makes him the oldest of the generation of young French designers of the 50s. He is one of the few to master the cabinetmaking perfectly by working in his father&#8217;s workshop before to integrate a creative school. First in the entrance examination of the National School of Applied Arts, he graduated major of his promotion in 1937. Student brilliant, accomplished artist, his career is dazzling.<\/p>\n<p><a class='to-button tiny standard square to-button-border to-icon-anim' style='color: #7c7c7c; background: none !important; border-color: #7c7c7c;' href='https:\/\/disderot.com\/en\/rene-jean-caillette\/' target='_self'><span style='color: #7c7c7c;'>More<\/span><\/a>[\/vc_column_text][\/vc_column][\/vc_row]<\/p>\n<\/div>","protected":false},"excerpt":{"rendered":"<p class='product-designer'>Ren\u00e9-Jean Caillette<\/p><p class='product-year'>1957<\/p><p class='product-price'> without VAT 790,91 \u20ac<\/p><p class='product-ecopart'>including eco participation:  0.16 \u20ac<\/p>\n<p style=\"text-align: left;\">Cette applique, con\u00e7ue comme un projecteur de lumi\u00e8re juste avant l\u2019invention du spot, concentre l\u2019\u00e9clairage en \u00e9vitant la dispersion.<\/p>\n<input id='toggle' class='readmore-toggle' type='checkbox'><label class='readmore-label' for='toggle'>+ Read More<\/label>\n  <div id='expand' class='readmore-expand'>\n<p>Elle peut s\u2019orienter vers le bas pour la lecture ou l\u2019\u00e9clairage de chambre ou vers le haut pour utiliser le plafond comme r\u00e9flecteur. Son dessin tr\u00e8s tendu et ses tr\u00e8s belles finitions en m\u00e9tal laqu\u00e9 et bronze dor\u00e9 lui conf\u00e8re une esth\u00e9tique tr\u00e8s contemporaine surtout dans sa nouvelle gamme de coloris.<\/p>\n<\/div>\n<p class='portfolio-edition'>Numbered Edition,<br> Delivered with authentication certificate,<br> Made in France<\/p>\n","protected":false},"featured_media":6763,"template":"","meta":{"_acf_changed":false,"_monsterinsights_skip_tracking":false,"_monsterinsights_sitenote_active":false,"_monsterinsights_sitenote_note":"","_monsterinsights_sitenote_category":0},"product_brand":[],"product_cat":[127,142],"product_tag":[],"class_list":{"0":"post-5761","1":"product","2":"type-product","3":"status-publish","4":"has-post-thumbnail","6":"product_cat-applique","7":"product_cat-rene-jean-caillette","8":"product_shipping_class-b3","10":"first","11":"instock","12":"taxable","13":"shipping-taxable","14":"purchasable","15":"product-type-variable"},"acf":[],"yoast_head":"<!-- This site is optimized with the Yoast SEO plugin v27.2 - https:\/\/yoast.com\/product\/yoast-seo-wordpress\/ -->\n<title>Applique B3 Ren\u00e9-Jean Caillette<\/title>\n<meta name=\"description\" content=\"L&#039;applique B3 de Ren\u00e9-Jean Caillette cr\u00e9\u00e9e en 1957 est con\u00e7ue comme un projecteur de lumi\u00e8re juste avant l\u2019invention du spot.\" \/>\n<meta name=\"robots\" content=\"index, follow, max-snippet:-1, max-image-preview:large, max-video-preview:-1\" \/>\n<link rel=\"canonical\" href=\"https:\/\/disderot.com\/en\/produit\/applique-b3-rene-jean-caillette\/\" \/>\n<meta property=\"og:locale\" content=\"en_US\" \/>\n<meta property=\"og:type\" content=\"article\" \/>\n<meta property=\"og:title\" content=\"Applique B3 Ren\u00e9-Jean Caillette\" \/>\n<meta property=\"og:description\" content=\"L&#039;applique B3 de Ren\u00e9-Jean Caillette cr\u00e9\u00e9e en 1957 est con\u00e7ue comme un projecteur de lumi\u00e8re juste avant l\u2019invention du spot.\" \/>\n<meta property=\"og:url\" content=\"https:\/\/disderot.com\/en\/produit\/applique-b3-rene-jean-caillette\/\" \/>\n<meta property=\"og:site_name\" content=\"Disderot\" \/>\n<meta property=\"article:modified_time\" content=\"2025-03-10T08:51:44+00:00\" \/>\n<meta property=\"og:image\" content=\"https:\/\/disderot.com\/wp-content\/uploads\/2018\/01\/B3-n-ima1.jpg\" \/>\n\t<meta property=\"og:image:width\" content=\"2000\" \/>\n\t<meta property=\"og:image:height\" content=\"2000\" \/>\n\t<meta property=\"og:image:type\" content=\"image\/jpeg\" \/>\n<meta name=\"twitter:card\" content=\"summary_large_image\" \/>\n<meta name=\"twitter:site\" content=\"@disderot_now\" \/>\n<meta name=\"twitter:label1\" content=\"Est. reading time\" \/>\n\t<meta name=\"twitter:data1\" content=\"1 minute\" \/>\n<script type=\"application\/ld+json\" class=\"yoast-schema-graph\">{\"@context\":\"https:\/\/schema.org\",\"@graph\":[{\"@type\":\"WebPage\",\"@id\":\"https:\/\/disderot.com\/en\/produit\/applique-b3-rene-jean-caillette\/\",\"url\":\"https:\/\/disderot.com\/en\/produit\/applique-b3-rene-jean-caillette\/\",\"name\":\"Applique B3 Ren\u00e9-Jean Caillette\",\"isPartOf\":{\"@id\":\"https:\/\/disderot.com\/en\/#website\"},\"primaryImageOfPage\":{\"@id\":\"https:\/\/disderot.com\/en\/produit\/applique-b3-rene-jean-caillette\/#primaryimage\"},\"image\":{\"@id\":\"https:\/\/disderot.com\/produit\/applique-b3-rene-jean-caillette\/#primaryimage\"},\"thumbnailUrl\":\"https:\/\/disderot.com\/wp-content\/uploads\/2018\/01\/B3-n-ima1.jpg\",\"datePublished\":\"2018-01-04T21:55:12+00:00\",\"dateModified\":\"2025-03-10T08:51:44+00:00\",\"description\":\"L'applique B3 de Ren\u00e9-Jean Caillette cr\u00e9\u00e9e en 1957 est con\u00e7ue comme un projecteur de lumi\u00e8re juste avant l\u2019invention du spot.\",\"breadcrumb\":{\"@id\":\"https:\/\/disderot.com\/en\/produit\/applique-b3-rene-jean-caillette\/#breadcrumb\"},\"inLanguage\":\"en-US\",\"potentialAction\":[{\"@type\":\"ReadAction\",\"target\":[[\"https:\/\/disderot.com\/en\/produit\/applique-b3-rene-jean-caillette\/\"]]}]},{\"@type\":\"ImageObject\",\"inLanguage\":\"en-US\",\"@id\":\"https:\/\/disderot.com\/en\/produit\/applique-b3-rene-jean-caillette\/#primaryimage\",\"url\":\"https:\/\/disderot.com\/wp-content\/uploads\/2018\/01\/B3-n-ima1.jpg\",\"contentUrl\":\"https:\/\/disderot.com\/wp-content\/uploads\/2018\/01\/B3-n-ima1.jpg\",\"width\":2000,\"height\":2000,\"caption\":\"Applique B3 de Ren\u00e9-Jean Caillette finition laiton \/ noir\"},{\"@type\":\"BreadcrumbList\",\"@id\":\"https:\/\/disderot.com\/en\/produit\/applique-b3-rene-jean-caillette\/#breadcrumb\",\"itemListElement\":[{\"@type\":\"ListItem\",\"position\":1,\"name\":\"Accueil\",\"item\":\"https:\/\/disderot.com\/en\/\"},{\"@type\":\"ListItem\",\"position\":2,\"name\":\"Boutique\",\"item\":\"https:\/\/disderot.com\/en\/boutique\/\"},{\"@type\":\"ListItem\",\"position\":3,\"name\":\"APPLIQUE B3\"}]},{\"@type\":\"WebSite\",\"@id\":\"https:\/\/disderot.com\/en\/#website\",\"url\":\"https:\/\/disderot.com\/en\/\",\"name\":\"Disderot\",\"description\":\"Luminaires de collections\",\"inLanguage\":\"en-US\"}]}<\/script>\n<!-- \/ Yoast SEO plugin. -->","yoast_head_json":{"title":"Applique B3 Ren\u00e9-Jean Caillette","description":"L'applique B3 de Ren\u00e9-Jean Caillette cr\u00e9\u00e9e en 1957 est con\u00e7ue comme un projecteur de lumi\u00e8re juste avant l\u2019invention du spot.","robots":{"index":"index","follow":"follow","max-snippet":"max-snippet:-1","max-image-preview":"max-image-preview:large","max-video-preview":"max-video-preview:-1"},"canonical":"https:\/\/disderot.com\/en\/produit\/applique-b3-rene-jean-caillette\/","og_locale":"en_US","og_type":"article","og_title":"Applique B3 Ren\u00e9-Jean Caillette","og_description":"L'applique B3 de Ren\u00e9-Jean Caillette cr\u00e9\u00e9e en 1957 est con\u00e7ue comme un projecteur de lumi\u00e8re juste avant l\u2019invention du spot.","og_url":"https:\/\/disderot.com\/en\/produit\/applique-b3-rene-jean-caillette\/","og_site_name":"Disderot","article_modified_time":"2025-03-10T08:51:44+00:00","og_image":[{"width":2000,"height":2000,"url":"https:\/\/disderot.com\/wp-content\/uploads\/2018\/01\/B3-n-ima1.jpg","type":"image\/jpeg"}],"twitter_card":"summary_large_image","twitter_site":"@disderot_now","twitter_misc":{"Est. reading time":"1 minute"},"schema":{"@context":"https:\/\/schema.org","@graph":[{"@type":"WebPage","@id":"https:\/\/disderot.com\/en\/produit\/applique-b3-rene-jean-caillette\/","url":"https:\/\/disderot.com\/en\/produit\/applique-b3-rene-jean-caillette\/","name":"Applique B3 Ren\u00e9-Jean Caillette","isPartOf":{"@id":"https:\/\/disderot.com\/en\/#website"},"primaryImageOfPage":{"@id":"https:\/\/disderot.com\/en\/produit\/applique-b3-rene-jean-caillette\/#primaryimage"},"image":{"@id":"https:\/\/disderot.com\/produit\/applique-b3-rene-jean-caillette\/#primaryimage"},"thumbnailUrl":"https:\/\/disderot.com\/wp-content\/uploads\/2018\/01\/B3-n-ima1.jpg","datePublished":"2018-01-04T21:55:12+00:00","dateModified":"2025-03-10T08:51:44+00:00","description":"L'applique B3 de Ren\u00e9-Jean Caillette cr\u00e9\u00e9e en 1957 est con\u00e7ue comme un projecteur de lumi\u00e8re juste avant l\u2019invention du spot.","breadcrumb":{"@id":"https:\/\/disderot.com\/en\/produit\/applique-b3-rene-jean-caillette\/#breadcrumb"},"inLanguage":"en-US","potentialAction":[{"@type":"ReadAction","target":[["https:\/\/disderot.com\/en\/produit\/applique-b3-rene-jean-caillette\/"]]}]},{"@type":"ImageObject","inLanguage":"en-US","@id":"https:\/\/disderot.com\/en\/produit\/applique-b3-rene-jean-caillette\/#primaryimage","url":"https:\/\/disderot.com\/wp-content\/uploads\/2018\/01\/B3-n-ima1.jpg","contentUrl":"https:\/\/disderot.com\/wp-content\/uploads\/2018\/01\/B3-n-ima1.jpg","width":2000,"height":2000,"caption":"Applique B3 de Ren\u00e9-Jean Caillette finition laiton \/ noir"},{"@type":"BreadcrumbList","@id":"https:\/\/disderot.com\/en\/produit\/applique-b3-rene-jean-caillette\/#breadcrumb","itemListElement":[{"@type":"ListItem","position":1,"name":"Accueil","item":"https:\/\/disderot.com\/en\/"},{"@type":"ListItem","position":2,"name":"Boutique","item":"https:\/\/disderot.com\/en\/boutique\/"},{"@type":"ListItem","position":3,"name":"APPLIQUE B3"}]},{"@type":"WebSite","@id":"https:\/\/disderot.com\/en\/#website","url":"https:\/\/disderot.com\/en\/","name":"Disderot","description":"Luminaires de collections","inLanguage":"en-US"}]}},"_links":{"self":[{"href":"https:\/\/disderot.com\/en\/wp-json\/wp\/v2\/product\/5761","targetHints":{"allow":["GET"]}}],"collection":[{"href":"https:\/\/disderot.com\/en\/wp-json\/wp\/v2\/product"}],"about":[{"href":"https:\/\/disderot.com\/en\/wp-json\/wp\/v2\/types\/product"}],"wp:featuredmedia":[{"embeddable":true,"href":"https:\/\/disderot.com\/en\/wp-json\/wp\/v2\/media\/6763"}],"wp:attachment":[{"href":"https:\/\/disderot.com\/en\/wp-json\/wp\/v2\/media?parent=5761"}],"wp:term":[{"taxonomy":"product_brand","embeddable":true,"href":"https:\/\/disderot.com\/en\/wp-json\/wp\/v2\/product_brand?post=5761"},{"taxonomy":"product_cat","embeddable":true,"href":"https:\/\/disderot.com\/en\/wp-json\/wp\/v2\/product_cat?post=5761"},{"taxonomy":"product_tag","embeddable":true,"href":"https:\/\/disderot.com\/en\/wp-json\/wp\/v2\/product_tag?post=5761"}],"curies":[{"name":"wp","href":"https:\/\/api.w.org\/{rel}","templated":true}]}}