{"id":5760,"date":"2018-01-04T21:50:49","date_gmt":"2018-01-04T21:50:49","guid":{"rendered":"https:\/\/disderot.com\/?post_type=product&#038;p=5760"},"modified":"2025-03-07T10:14:12","modified_gmt":"2025-03-07T10:14:12","slug":"lampe-1013-pierre-disderot","status":"publish","type":"product","link":"https:\/\/disderot.com\/en\/produit\/lampe-1013-pierre-disderot\/","title":{"rendered":"LAMPE \u00c0 POSER 1013"},"content":{"rendered":"<div class=\"wpb-content-wrapper\"><p>[vc_row][vc_column width=&#8221;1\/3&#8243;][vc_single_image image=&#8221;5340&#8243; img_size=&#8221;full&#8221; alignment=&#8221;right&#8221; label=&#8221;&#8221;][\/vc_column][vc_column width=&#8221;2\/3&#8243;][vc_column_text]<p class='designer-name'>Pierre Disderot<\/p><p class='designer-dates'>1920 - 1991<\/p><\/p>\n<p class=\"p1\">Pierre Disderot holds a special place in twentieth-century French lighting, that of the invention of modern light. He was the creator and publisher of an elegant and modern forefront capable of competing with the best foreign productions. His story was also that of his friendships with the finest French design of the 50s, Pierre Guariche, Joseph-Andre Motte, Alain Richard, Michel Mortier but also later with Olivier Mourgues, Etienne Fermigier or Fran\u00e7ois Arnal.<\/p>\n<p><a class='to-button tiny standard square to-button-border to-icon-anim' style='color: #7c7c7c; background: none !important; border-color: #7c7c7c;' href='https:\/\/disderot.com\/en\/pierre-disderot\/' target='_self'><span style='color: #7c7c7c;'>More<\/span><\/a>[\/vc_column_text][\/vc_column][\/vc_row]<\/p>\n<\/div>","protected":false},"excerpt":{"rendered":"<p class='product-designer'>Pierre Disderot<\/p><p class='product-year'>1955<\/p><p class='product-price'> without VAT 1 406,16 \u20ac<\/p><p class='product-ecopart'>including eco participation:  0.16 \u20ac<\/p>\n<p style=\"text-align: left;\">This lighting fixture was originally conceived as a desk lamp, with its ideal height and even lighting to avoid eye fatigue.<\/p>\n<input id='toggle' class='readmore-toggle' type='checkbox'><label class='readmore-label' for='toggle'>+ Read More<\/label>\n  <div id='expand' class='readmore-expand'>\n<p>But its elegant design and size made it an iconic object to place anywhere: in the bedroom, on furniture in the living room, or at the end of the sofa.<\/p>\n<p style=\"text-align: left;\">Its bronze finish in a new range of colours from Disderot create a modern and stylish look.<\/p>\n<\/div>\n<p class='portfolio-edition'>Numbered Edition,<br> Delivered with authentication certificate,<br> Made in France<\/p>\n<p><a class=\"disderot-custom-product\" href=\"mailto:support@disderot.com?subject=Tailored Applique 1013\">Tailored consult us<\/a><\/p>\n","protected":false},"featured_media":6746,"template":"","meta":{"_acf_changed":false,"_monsterinsights_skip_tracking":false,"_monsterinsights_sitenote_active":false,"_monsterinsights_sitenote_note":"","_monsterinsights_sitenote_category":0},"product_brand":[],"product_cat":[123,143],"product_tag":[],"class_list":{"0":"post-5760","1":"product","2":"type-product","3":"status-publish","4":"has-post-thumbnail","6":"product_cat-lampe-a-poser","7":"product_cat-pierre-disderot","8":"product_shipping_class-133","10":"first","11":"instock","12":"taxable","13":"shipping-taxable","14":"purchasable","15":"product-type-variable"},"acf":[],"yoast_head":"<!-- This site is optimized with the Yoast SEO plugin v27.2 - https:\/\/yoast.com\/product\/yoast-seo-wordpress\/ -->\n<title>Lampe 1013 Pierre Disderot<\/title>\n<meta name=\"description\" content=\"La lampe 1013 de Pierre Disderot est pens\u00e9 comme une lampe de bureau avec une hauteur id\u00e9ale pour renvoyer la lumi\u00e8re sur le plan de travail.\" \/>\n<meta name=\"robots\" content=\"index, follow, max-snippet:-1, max-image-preview:large, max-video-preview:-1\" \/>\n<link rel=\"canonical\" href=\"https:\/\/disderot.com\/en\/produit\/lampe-1013-pierre-disderot\/\" \/>\n<meta property=\"og:locale\" content=\"en_US\" \/>\n<meta property=\"og:type\" content=\"article\" \/>\n<meta property=\"og:title\" content=\"Lampe 1013 Pierre Disderot\" \/>\n<meta property=\"og:description\" content=\"La lampe 1013 de Pierre Disderot est pens\u00e9 comme une lampe de bureau avec une hauteur id\u00e9ale pour renvoyer la lumi\u00e8re sur le plan de travail.\" \/>\n<meta property=\"og:url\" content=\"https:\/\/disderot.com\/en\/produit\/lampe-1013-pierre-disderot\/\" \/>\n<meta property=\"og:site_name\" content=\"Disderot\" \/>\n<meta property=\"article:modified_time\" content=\"2025-03-07T10:14:12+00:00\" \/>\n<meta property=\"og:image\" content=\"https:\/\/disderot.com\/wp-content\/uploads\/2018\/01\/1013-ld-n-ima1.jpg\" \/>\n\t<meta property=\"og:image:width\" content=\"2000\" \/>\n\t<meta property=\"og:image:height\" content=\"2000\" \/>\n\t<meta property=\"og:image:type\" content=\"image\/jpeg\" \/>\n<meta name=\"twitter:card\" content=\"summary_large_image\" \/>\n<meta name=\"twitter:site\" content=\"@disderot_now\" \/>\n<meta name=\"twitter:label1\" content=\"Est. reading time\" \/>\n\t<meta name=\"twitter:data1\" content=\"1 minute\" \/>\n<script type=\"application\/ld+json\" class=\"yoast-schema-graph\">{\"@context\":\"https:\/\/schema.org\",\"@graph\":[{\"@type\":\"WebPage\",\"@id\":\"https:\/\/disderot.com\/en\/produit\/lampe-1013-pierre-disderot\/\",\"url\":\"https:\/\/disderot.com\/en\/produit\/lampe-1013-pierre-disderot\/\",\"name\":\"Lampe 1013 Pierre Disderot\",\"isPartOf\":{\"@id\":\"https:\/\/disderot.com\/en\/#website\"},\"primaryImageOfPage\":{\"@id\":\"https:\/\/disderot.com\/en\/produit\/lampe-1013-pierre-disderot\/#primaryimage\"},\"image\":{\"@id\":\"https:\/\/disderot.com\/produit\/lampe-1013-pierre-disderot\/#primaryimage\"},\"thumbnailUrl\":\"https:\/\/disderot.com\/wp-content\/uploads\/2018\/01\/1013-ld-n-ima1.jpg\",\"datePublished\":\"2018-01-04T21:50:49+00:00\",\"dateModified\":\"2025-03-07T10:14:12+00:00\",\"description\":\"La lampe 1013 de Pierre Disderot est pens\u00e9 comme une lampe de bureau avec une hauteur id\u00e9ale pour renvoyer la lumi\u00e8re sur le plan de travail.\",\"breadcrumb\":{\"@id\":\"https:\/\/disderot.com\/en\/produit\/lampe-1013-pierre-disderot\/#breadcrumb\"},\"inLanguage\":\"en-US\",\"potentialAction\":[{\"@type\":\"ReadAction\",\"target\":[[\"https:\/\/disderot.com\/en\/produit\/lampe-1013-pierre-disderot\/\"]]}]},{\"@type\":\"ImageObject\",\"inLanguage\":\"en-US\",\"@id\":\"https:\/\/disderot.com\/en\/produit\/lampe-1013-pierre-disderot\/#primaryimage\",\"url\":\"https:\/\/disderot.com\/wp-content\/uploads\/2018\/01\/1013-ld-n-ima1.jpg\",\"contentUrl\":\"https:\/\/disderot.com\/wp-content\/uploads\/2018\/01\/1013-ld-n-ima1.jpg\",\"width\":2000,\"height\":2000,\"caption\":\"Lampe \u00e0 poser 1013 de Pierre Disderot finition laiton dor\u00e9 \/ noir\"},{\"@type\":\"BreadcrumbList\",\"@id\":\"https:\/\/disderot.com\/en\/produit\/lampe-1013-pierre-disderot\/#breadcrumb\",\"itemListElement\":[{\"@type\":\"ListItem\",\"position\":1,\"name\":\"Accueil\",\"item\":\"https:\/\/disderot.com\/en\/\"},{\"@type\":\"ListItem\",\"position\":2,\"name\":\"Boutique\",\"item\":\"https:\/\/disderot.com\/en\/boutique\/\"},{\"@type\":\"ListItem\",\"position\":3,\"name\":\"LAMPE \u00c0 POSER 1013\"}]},{\"@type\":\"WebSite\",\"@id\":\"https:\/\/disderot.com\/en\/#website\",\"url\":\"https:\/\/disderot.com\/en\/\",\"name\":\"Disderot\",\"description\":\"Luminaires de collections\",\"inLanguage\":\"en-US\"}]}<\/script>\n<!-- \/ Yoast SEO plugin. -->","yoast_head_json":{"title":"Lampe 1013 Pierre Disderot","description":"La lampe 1013 de Pierre Disderot est pens\u00e9 comme une lampe de bureau avec une hauteur id\u00e9ale pour renvoyer la lumi\u00e8re sur le plan de travail.","robots":{"index":"index","follow":"follow","max-snippet":"max-snippet:-1","max-image-preview":"max-image-preview:large","max-video-preview":"max-video-preview:-1"},"canonical":"https:\/\/disderot.com\/en\/produit\/lampe-1013-pierre-disderot\/","og_locale":"en_US","og_type":"article","og_title":"Lampe 1013 Pierre Disderot","og_description":"La lampe 1013 de Pierre Disderot est pens\u00e9 comme une lampe de bureau avec une hauteur id\u00e9ale pour renvoyer la lumi\u00e8re sur le plan de travail.","og_url":"https:\/\/disderot.com\/en\/produit\/lampe-1013-pierre-disderot\/","og_site_name":"Disderot","article_modified_time":"2025-03-07T10:14:12+00:00","og_image":[{"width":2000,"height":2000,"url":"https:\/\/disderot.com\/wp-content\/uploads\/2018\/01\/1013-ld-n-ima1.jpg","type":"image\/jpeg"}],"twitter_card":"summary_large_image","twitter_site":"@disderot_now","twitter_misc":{"Est. reading time":"1 minute"},"schema":{"@context":"https:\/\/schema.org","@graph":[{"@type":"WebPage","@id":"https:\/\/disderot.com\/en\/produit\/lampe-1013-pierre-disderot\/","url":"https:\/\/disderot.com\/en\/produit\/lampe-1013-pierre-disderot\/","name":"Lampe 1013 Pierre Disderot","isPartOf":{"@id":"https:\/\/disderot.com\/en\/#website"},"primaryImageOfPage":{"@id":"https:\/\/disderot.com\/en\/produit\/lampe-1013-pierre-disderot\/#primaryimage"},"image":{"@id":"https:\/\/disderot.com\/produit\/lampe-1013-pierre-disderot\/#primaryimage"},"thumbnailUrl":"https:\/\/disderot.com\/wp-content\/uploads\/2018\/01\/1013-ld-n-ima1.jpg","datePublished":"2018-01-04T21:50:49+00:00","dateModified":"2025-03-07T10:14:12+00:00","description":"La lampe 1013 de Pierre Disderot est pens\u00e9 comme une lampe de bureau avec une hauteur id\u00e9ale pour renvoyer la lumi\u00e8re sur le plan de travail.","breadcrumb":{"@id":"https:\/\/disderot.com\/en\/produit\/lampe-1013-pierre-disderot\/#breadcrumb"},"inLanguage":"en-US","potentialAction":[{"@type":"ReadAction","target":[["https:\/\/disderot.com\/en\/produit\/lampe-1013-pierre-disderot\/"]]}]},{"@type":"ImageObject","inLanguage":"en-US","@id":"https:\/\/disderot.com\/en\/produit\/lampe-1013-pierre-disderot\/#primaryimage","url":"https:\/\/disderot.com\/wp-content\/uploads\/2018\/01\/1013-ld-n-ima1.jpg","contentUrl":"https:\/\/disderot.com\/wp-content\/uploads\/2018\/01\/1013-ld-n-ima1.jpg","width":2000,"height":2000,"caption":"Lampe \u00e0 poser 1013 de Pierre Disderot finition laiton dor\u00e9 \/ noir"},{"@type":"BreadcrumbList","@id":"https:\/\/disderot.com\/en\/produit\/lampe-1013-pierre-disderot\/#breadcrumb","itemListElement":[{"@type":"ListItem","position":1,"name":"Accueil","item":"https:\/\/disderot.com\/en\/"},{"@type":"ListItem","position":2,"name":"Boutique","item":"https:\/\/disderot.com\/en\/boutique\/"},{"@type":"ListItem","position":3,"name":"LAMPE \u00c0 POSER 1013"}]},{"@type":"WebSite","@id":"https:\/\/disderot.com\/en\/#website","url":"https:\/\/disderot.com\/en\/","name":"Disderot","description":"Luminaires de collections","inLanguage":"en-US"}]}},"_links":{"self":[{"href":"https:\/\/disderot.com\/en\/wp-json\/wp\/v2\/product\/5760","targetHints":{"allow":["GET"]}}],"collection":[{"href":"https:\/\/disderot.com\/en\/wp-json\/wp\/v2\/product"}],"about":[{"href":"https:\/\/disderot.com\/en\/wp-json\/wp\/v2\/types\/product"}],"wp:featuredmedia":[{"embeddable":true,"href":"https:\/\/disderot.com\/en\/wp-json\/wp\/v2\/media\/6746"}],"wp:attachment":[{"href":"https:\/\/disderot.com\/en\/wp-json\/wp\/v2\/media?parent=5760"}],"wp:term":[{"taxonomy":"product_brand","embeddable":true,"href":"https:\/\/disderot.com\/en\/wp-json\/wp\/v2\/product_brand?post=5760"},{"taxonomy":"product_cat","embeddable":true,"href":"https:\/\/disderot.com\/en\/wp-json\/wp\/v2\/product_cat?post=5760"},{"taxonomy":"product_tag","embeddable":true,"href":"https:\/\/disderot.com\/en\/wp-json\/wp\/v2\/product_tag?post=5760"}],"curies":[{"name":"wp","href":"https:\/\/api.w.org\/{rel}","templated":true}]}}