{"id":5753,"date":"2018-01-04T17:40:26","date_gmt":"2018-01-04T17:40:26","guid":{"rendered":"https:\/\/disderot.com\/?post_type=product&#038;p=5753"},"modified":"2025-03-07T16:07:14","modified_gmt":"2025-03-07T16:07:14","slug":"applique-6135-gm-pierre-paulin","status":"publish","type":"product","link":"https:\/\/disderot.com\/en\/produit\/applique-6135-gm-pierre-paulin\/","title":{"rendered":"APPLIQUE 6135GM"},"content":{"rendered":"<div class=\"wpb-content-wrapper\"><p>[vc_row][vc_column width=&#8221;1\/3&#8243;][vc_single_image image=&#8221;5432&#8243; img_size=&#8221;full&#8221; alignment=&#8221;right&#8221; label=&#8221;&#8221;][\/vc_column][vc_column width=&#8221;2\/3&#8243;][vc_column_text]<p class='designer-name'>Pierre Paulin<\/p><p class='designer-dates'>1929-2009<\/p><\/p>\n<p class=\"p1\">If Pierre Paulin is undoubtedly the best known French designer of his generation, it is not without reasons. Many fairies looked at his youth: an aerodynamic engineer uncle and another stone sculptor, studies of interior architecture in the future Camondo school and ceramics in Vallauris, two masters, Maxime Old and Marcel Gascoin and finally the early discovery of Scandinavian and American design and lifestyles. A perfect cocktail that brings creativity and rigor, knowledge of the past and the contemporary, sense of volumes and space, the taste for technique and proportion sens.<\/p>\n<p><a class='to-button tiny standard square to-button-border to-icon-anim' style='color: #7c7c7c; background: none !important; border-color: #7c7c7c;' href='https:\/\/disderot.com\/en\/pierre-paulin\/' target='_self'><span style='color: #7c7c7c;'>More<\/span><\/a>[\/vc_column_text][\/vc_column][\/vc_row]<\/p>\n<\/div>","protected":false},"excerpt":{"rendered":"<p class='product-designer'>Pierre Paulin<\/p><p class='product-year'>1959<\/p><p class='product-price'>Starting from  without VAT 654,49 \u20ac<\/p><p class='product-ecopart'>including eco participation:  0.16 \u20ac<\/p>\n<p style=\"text-align: left;\">Made from folded metal, this light creates a precisely focussed effect, shielded from the eye..<\/p>\n<input id='toggle' class='readmore-toggle' type='checkbox'><label class='readmore-label' for='toggle'>+ Read More<\/label>\n  <div id='expand' class='readmore-expand'>\n<p>Designed initially for the bedroom, it is today offered in a wide range to create many different options; for example, spaced regularly on a wall, a series of these lights can create contemporary focal points, while if they are positions in column of 5 or 7, they emulate the work of Donald Judd who along with Paulin was interested in an elegant and minimalist style.<\/p>\n<\/div>\n<p class='portfolio-edition'>Numbered Edition,<br> Delivered with authentication certificate,<br> Made in France<\/p>\n<p><a class=\"disderot-custom-product\" href=\"mailto:support@disderot.com?subject=Tailored Applique 1013\">Tailored consult us<\/a><\/p>\n","protected":false},"featured_media":6910,"template":"","meta":{"_acf_changed":false,"_monsterinsights_skip_tracking":false,"_monsterinsights_sitenote_active":false,"_monsterinsights_sitenote_note":"","_monsterinsights_sitenote_category":0},"product_brand":[],"product_cat":[127,147],"product_tag":[],"class_list":{"0":"post-5753","1":"product","2":"type-product","3":"status-publish","4":"has-post-thumbnail","6":"product_cat-applique","7":"product_cat-pierre-paulin","8":"product_shipping_class-6135gm","10":"first","11":"instock","12":"taxable","13":"shipping-taxable","14":"purchasable","15":"product-type-variable"},"acf":[],"yoast_head":"<!-- This site is optimized with the Yoast SEO plugin v27.2 - https:\/\/yoast.com\/product\/yoast-seo-wordpress\/ -->\n<title>Applique 6135 GM Pierre Paulin - \u00c9dition Disderot<\/title>\n<meta name=\"description\" content=\"Toute en m\u00e9tal pli\u00e9, l&#039;applique 6135 GM Pierre Paulin diffuse une lumi\u00e8re rasante tr\u00e8s originale qui prot\u00e8ge l\u2019\u0153il de sa source.\" \/>\n<meta name=\"robots\" content=\"index, follow, max-snippet:-1, max-image-preview:large, max-video-preview:-1\" \/>\n<link rel=\"canonical\" href=\"https:\/\/disderot.com\/en\/produit\/applique-6135-gm-pierre-paulin\/\" \/>\n<meta property=\"og:locale\" content=\"en_US\" \/>\n<meta property=\"og:type\" content=\"article\" \/>\n<meta property=\"og:title\" content=\"Applique 6135 GM Pierre Paulin - \u00c9dition Disderot\" \/>\n<meta property=\"og:description\" content=\"Toute en m\u00e9tal pli\u00e9, l&#039;applique 6135 GM Pierre Paulin diffuse une lumi\u00e8re rasante tr\u00e8s originale qui prot\u00e8ge l\u2019\u0153il de sa source.\" \/>\n<meta property=\"og:url\" content=\"https:\/\/disderot.com\/en\/produit\/applique-6135-gm-pierre-paulin\/\" \/>\n<meta property=\"og:site_name\" content=\"Disderot\" \/>\n<meta property=\"article:modified_time\" content=\"2025-03-07T16:07:14+00:00\" \/>\n<meta property=\"og:image\" content=\"https:\/\/disderot.com\/wp-content\/uploads\/2020\/05\/60135GM-n-NB-ima1.jpg\" \/>\n\t<meta property=\"og:image:width\" content=\"2000\" \/>\n\t<meta property=\"og:image:height\" content=\"2000\" \/>\n\t<meta property=\"og:image:type\" content=\"image\/jpeg\" \/>\n<meta name=\"twitter:card\" content=\"summary_large_image\" \/>\n<meta name=\"twitter:site\" content=\"@disderot_now\" \/>\n<meta name=\"twitter:label1\" content=\"Est. reading time\" \/>\n\t<meta name=\"twitter:data1\" content=\"1 minute\" \/>\n<script type=\"application\/ld+json\" class=\"yoast-schema-graph\">{\"@context\":\"https:\/\/schema.org\",\"@graph\":[{\"@type\":\"WebPage\",\"@id\":\"https:\/\/disderot.com\/en\/produit\/applique-6135-gm-pierre-paulin\/\",\"url\":\"https:\/\/disderot.com\/en\/produit\/applique-6135-gm-pierre-paulin\/\",\"name\":\"Applique 6135 GM Pierre Paulin - \u00c9dition Disderot\",\"isPartOf\":{\"@id\":\"https:\/\/disderot.com\/en\/#website\"},\"primaryImageOfPage\":{\"@id\":\"https:\/\/disderot.com\/en\/produit\/applique-6135-gm-pierre-paulin\/#primaryimage\"},\"image\":{\"@id\":\"https:\/\/disderot.com\/produit\/applique-6135-gm-pierre-paulin\/#primaryimage\"},\"thumbnailUrl\":\"https:\/\/disderot.com\/wp-content\/uploads\/2020\/05\/60135GM-n-NB-ima1.jpg\",\"datePublished\":\"2018-01-04T17:40:26+00:00\",\"dateModified\":\"2025-03-07T16:07:14+00:00\",\"description\":\"Toute en m\u00e9tal pli\u00e9, l'applique 6135 GM Pierre Paulin diffuse une lumi\u00e8re rasante tr\u00e8s originale qui prot\u00e8ge l\u2019\u0153il de sa source.\",\"breadcrumb\":{\"@id\":\"https:\/\/disderot.com\/en\/produit\/applique-6135-gm-pierre-paulin\/#breadcrumb\"},\"inLanguage\":\"en-US\",\"potentialAction\":[{\"@type\":\"ReadAction\",\"target\":[[\"https:\/\/disderot.com\/en\/produit\/applique-6135-gm-pierre-paulin\/\"]]}]},{\"@type\":\"ImageObject\",\"inLanguage\":\"en-US\",\"@id\":\"https:\/\/disderot.com\/en\/produit\/applique-6135-gm-pierre-paulin\/#primaryimage\",\"url\":\"https:\/\/disderot.com\/wp-content\/uploads\/2020\/05\/60135GM-n-NB-ima1.jpg\",\"contentUrl\":\"https:\/\/disderot.com\/wp-content\/uploads\/2020\/05\/60135GM-n-NB-ima1.jpg\",\"width\":2000,\"height\":2000,\"caption\":\"Applique 6135GM de Pierre Paulin, noir avec tirette chrome\"},{\"@type\":\"BreadcrumbList\",\"@id\":\"https:\/\/disderot.com\/en\/produit\/applique-6135-gm-pierre-paulin\/#breadcrumb\",\"itemListElement\":[{\"@type\":\"ListItem\",\"position\":1,\"name\":\"Accueil\",\"item\":\"https:\/\/disderot.com\/en\/\"},{\"@type\":\"ListItem\",\"position\":2,\"name\":\"Boutique\",\"item\":\"https:\/\/disderot.com\/en\/boutique\/\"},{\"@type\":\"ListItem\",\"position\":3,\"name\":\"APPLIQUE 6135GM\"}]},{\"@type\":\"WebSite\",\"@id\":\"https:\/\/disderot.com\/en\/#website\",\"url\":\"https:\/\/disderot.com\/en\/\",\"name\":\"Disderot\",\"description\":\"Luminaires de collections\",\"inLanguage\":\"en-US\"}]}<\/script>\n<!-- \/ Yoast SEO plugin. -->","yoast_head_json":{"title":"Applique 6135 GM Pierre Paulin - \u00c9dition Disderot","description":"Toute en m\u00e9tal pli\u00e9, l'applique 6135 GM Pierre Paulin diffuse une lumi\u00e8re rasante tr\u00e8s originale qui prot\u00e8ge l\u2019\u0153il de sa source.","robots":{"index":"index","follow":"follow","max-snippet":"max-snippet:-1","max-image-preview":"max-image-preview:large","max-video-preview":"max-video-preview:-1"},"canonical":"https:\/\/disderot.com\/en\/produit\/applique-6135-gm-pierre-paulin\/","og_locale":"en_US","og_type":"article","og_title":"Applique 6135 GM Pierre Paulin - \u00c9dition Disderot","og_description":"Toute en m\u00e9tal pli\u00e9, l'applique 6135 GM Pierre Paulin diffuse une lumi\u00e8re rasante tr\u00e8s originale qui prot\u00e8ge l\u2019\u0153il de sa source.","og_url":"https:\/\/disderot.com\/en\/produit\/applique-6135-gm-pierre-paulin\/","og_site_name":"Disderot","article_modified_time":"2025-03-07T16:07:14+00:00","og_image":[{"width":2000,"height":2000,"url":"https:\/\/disderot.com\/wp-content\/uploads\/2020\/05\/60135GM-n-NB-ima1.jpg","type":"image\/jpeg"}],"twitter_card":"summary_large_image","twitter_site":"@disderot_now","twitter_misc":{"Est. reading time":"1 minute"},"schema":{"@context":"https:\/\/schema.org","@graph":[{"@type":"WebPage","@id":"https:\/\/disderot.com\/en\/produit\/applique-6135-gm-pierre-paulin\/","url":"https:\/\/disderot.com\/en\/produit\/applique-6135-gm-pierre-paulin\/","name":"Applique 6135 GM Pierre Paulin - \u00c9dition Disderot","isPartOf":{"@id":"https:\/\/disderot.com\/en\/#website"},"primaryImageOfPage":{"@id":"https:\/\/disderot.com\/en\/produit\/applique-6135-gm-pierre-paulin\/#primaryimage"},"image":{"@id":"https:\/\/disderot.com\/produit\/applique-6135-gm-pierre-paulin\/#primaryimage"},"thumbnailUrl":"https:\/\/disderot.com\/wp-content\/uploads\/2020\/05\/60135GM-n-NB-ima1.jpg","datePublished":"2018-01-04T17:40:26+00:00","dateModified":"2025-03-07T16:07:14+00:00","description":"Toute en m\u00e9tal pli\u00e9, l'applique 6135 GM Pierre Paulin diffuse une lumi\u00e8re rasante tr\u00e8s originale qui prot\u00e8ge l\u2019\u0153il de sa source.","breadcrumb":{"@id":"https:\/\/disderot.com\/en\/produit\/applique-6135-gm-pierre-paulin\/#breadcrumb"},"inLanguage":"en-US","potentialAction":[{"@type":"ReadAction","target":[["https:\/\/disderot.com\/en\/produit\/applique-6135-gm-pierre-paulin\/"]]}]},{"@type":"ImageObject","inLanguage":"en-US","@id":"https:\/\/disderot.com\/en\/produit\/applique-6135-gm-pierre-paulin\/#primaryimage","url":"https:\/\/disderot.com\/wp-content\/uploads\/2020\/05\/60135GM-n-NB-ima1.jpg","contentUrl":"https:\/\/disderot.com\/wp-content\/uploads\/2020\/05\/60135GM-n-NB-ima1.jpg","width":2000,"height":2000,"caption":"Applique 6135GM de Pierre Paulin, noir avec tirette chrome"},{"@type":"BreadcrumbList","@id":"https:\/\/disderot.com\/en\/produit\/applique-6135-gm-pierre-paulin\/#breadcrumb","itemListElement":[{"@type":"ListItem","position":1,"name":"Accueil","item":"https:\/\/disderot.com\/en\/"},{"@type":"ListItem","position":2,"name":"Boutique","item":"https:\/\/disderot.com\/en\/boutique\/"},{"@type":"ListItem","position":3,"name":"APPLIQUE 6135GM"}]},{"@type":"WebSite","@id":"https:\/\/disderot.com\/en\/#website","url":"https:\/\/disderot.com\/en\/","name":"Disderot","description":"Luminaires de collections","inLanguage":"en-US"}]}},"_links":{"self":[{"href":"https:\/\/disderot.com\/en\/wp-json\/wp\/v2\/product\/5753","targetHints":{"allow":["GET"]}}],"collection":[{"href":"https:\/\/disderot.com\/en\/wp-json\/wp\/v2\/product"}],"about":[{"href":"https:\/\/disderot.com\/en\/wp-json\/wp\/v2\/types\/product"}],"wp:featuredmedia":[{"embeddable":true,"href":"https:\/\/disderot.com\/en\/wp-json\/wp\/v2\/media\/6910"}],"wp:attachment":[{"href":"https:\/\/disderot.com\/en\/wp-json\/wp\/v2\/media?parent=5753"}],"wp:term":[{"taxonomy":"product_brand","embeddable":true,"href":"https:\/\/disderot.com\/en\/wp-json\/wp\/v2\/product_brand?post=5753"},{"taxonomy":"product_cat","embeddable":true,"href":"https:\/\/disderot.com\/en\/wp-json\/wp\/v2\/product_cat?post=5753"},{"taxonomy":"product_tag","embeddable":true,"href":"https:\/\/disderot.com\/en\/wp-json\/wp\/v2\/product_tag?post=5753"}],"curies":[{"name":"wp","href":"https:\/\/api.w.org\/{rel}","templated":true}]}}