{"id":5752,"date":"2018-01-04T17:29:25","date_gmt":"2018-01-04T17:29:25","guid":{"rendered":"https:\/\/disderot.com\/?post_type=product&#038;p=5752"},"modified":"2025-03-07T15:35:30","modified_gmt":"2025-03-07T15:35:30","slug":"lampadaire-ar1-janine-abraham-et-dirk-jan-rol","status":"publish","type":"product","link":"https:\/\/disderot.com\/en\/produit\/lampadaire-ar1-janine-abraham-et-dirk-jan-rol\/","title":{"rendered":"LAMPADAIRE AR1"},"content":{"rendered":"<div class=\"wpb-content-wrapper\"><p>[vc_row][vc_column width=&#8221;1\/3&#8243;][vc_single_image image=&#8221;5452&#8243; img_size=&#8221;full&#8221; alignment=&#8221;right&#8221;][\/vc_column][vc_column width=&#8221;2\/3&#8243;][vc_column_text]<p class='designer-name'>Abraham &amp; Rol<\/p><p class='designer-dates'><\/p><br \/>\n<p class='designer-name'>Janine Abraham<\/p><p class='designer-dates'>1929-2005<\/p><br \/>\n<p class='designer-name'>Dirk Jan Rol<\/p><p class='designer-dates'>1929<\/p><\/p>\n<p>Rare couple of designers at that time, Janine Abraham and Dirk Jan Rol worked in symbiosis all their life and Janine can be considered as one of the first women designer in France. She is trained in one of the best French schools, Camondo by some great masters like Maxime Old or Ren\u00e9-Jean Caillette and integrates very quickly the study office of Jacques Dumont.<\/p>\n<p><a class='to-button tiny standard square to-button-border to-icon-anim' style='color: #7c7c7c; background: none !important; border-color: #7c7c7c;' href='https:\/\/disderot.com\/en\/abraham-et-rol\/' target='_self'><span style='color: #7c7c7c;'>More<\/span><\/a>[\/vc_column_text][\/vc_column][\/vc_row]<\/p>\n<\/div>","protected":false},"excerpt":{"rendered":"<p class='product-designer'>Abraham &amp; Rol<\/p><p class='product-year'>2017,from a 1964 drawing<\/p><p class='product-price'> without VAT 3 198,41 \u20ac \u20ac<\/p><p class='product-ecopart'>including eco participation:  0.16 \u20ac<\/p>\n<p>Designed in wood, stainless steel and plexiglass, this modern floor lamp creates the feel of traditional quality, in polished wood with custom-made screws, precise style and a perfect finish\u2026<\/p>\n<input id='toggle' class='readmore-toggle' type='checkbox'><label class='readmore-label' for='toggle'>+ Read More<\/label>\n  <div id='expand' class='readmore-expand'>\n<p>Adjustable in height, this lamp is ideal for low level lighting for a perfect ambient mood, or as a focussed light, perhaps at the end of a sofa.<br \/>\nThis unique lamp was originally designed in 1964 by architects Janine Abraham and Dirk Jan Rol, and is available now for the first time.<\/p>\n<\/div>\n<p class='portfolio-edition'>Numbered Edition,<br> Delivered with authentication certificate,<br> Made in France<\/p>\n<p><a class=\"disderot-custom-product\" href=\"mailto:support@disderot.com?subject=Demande de sur-mesure Lampadaire AR1\">Tailored consult us<\/a><\/p>\n","protected":false},"featured_media":7275,"template":"","meta":{"_acf_changed":false,"_monsterinsights_skip_tracking":false,"_monsterinsights_sitenote_active":false,"_monsterinsights_sitenote_note":"","_monsterinsights_sitenote_category":0},"product_brand":[],"product_cat":[148,126],"product_tag":[],"class_list":{"0":"post-5752","1":"product","2":"type-product","3":"status-publish","4":"has-post-thumbnail","6":"product_cat-abraham-rol","7":"product_cat-lampadaire","8":"product_shipping_class-ar1","10":"first","11":"instock","12":"taxable","13":"shipping-taxable","14":"purchasable","15":"product-type-simple"},"acf":[],"yoast_head":"<!-- This site is optimized with the Yoast SEO plugin v27.2 - https:\/\/yoast.com\/product\/yoast-seo-wordpress\/ -->\n<title>Lampadaire AR1 Abraham et Rol - \u00c9diteur Disderot<\/title>\n<meta name=\"description\" content=\"Con\u00e7ue en bois, inox et plexiglas, le lampadaire AR1 Janine Abraham et Dirk Jan Rol cr\u00e9\u00e9 en 1965 est d\u2019une grande modernit\u00e9.\" \/>\n<meta name=\"robots\" content=\"index, follow, max-snippet:-1, max-image-preview:large, max-video-preview:-1\" \/>\n<link rel=\"canonical\" href=\"https:\/\/disderot.com\/en\/produit\/lampadaire-ar1-janine-abraham-et-dirk-jan-rol\/\" \/>\n<meta property=\"og:locale\" content=\"en_US\" \/>\n<meta property=\"og:type\" content=\"article\" \/>\n<meta property=\"og:title\" content=\"Lampadaire AR1 Abraham et Rol - \u00c9diteur Disderot\" \/>\n<meta property=\"og:description\" content=\"Con\u00e7ue en bois, inox et plexiglas, le lampadaire AR1 Janine Abraham et Dirk Jan Rol cr\u00e9\u00e9 en 1965 est d\u2019une grande modernit\u00e9.\" \/>\n<meta property=\"og:url\" content=\"https:\/\/disderot.com\/en\/produit\/lampadaire-ar1-janine-abraham-et-dirk-jan-rol\/\" \/>\n<meta property=\"og:site_name\" content=\"Disderot\" \/>\n<meta property=\"article:modified_time\" content=\"2025-03-07T15:35:30+00:00\" \/>\n<meta property=\"og:image\" content=\"https:\/\/disderot.com\/wp-content\/uploads\/2020\/07\/AR1-NB-ima1.jpg\" \/>\n\t<meta property=\"og:image:width\" content=\"2000\" \/>\n\t<meta property=\"og:image:height\" content=\"2000\" \/>\n\t<meta property=\"og:image:type\" content=\"image\/jpeg\" \/>\n<meta name=\"twitter:card\" content=\"summary_large_image\" \/>\n<meta name=\"twitter:site\" content=\"@disderot_now\" \/>\n<meta name=\"twitter:label1\" content=\"Est. reading time\" \/>\n\t<meta name=\"twitter:data1\" content=\"1 minute\" \/>\n<script type=\"application\/ld+json\" class=\"yoast-schema-graph\">{\"@context\":\"https:\/\/schema.org\",\"@graph\":[{\"@type\":\"WebPage\",\"@id\":\"https:\/\/disderot.com\/en\/produit\/lampadaire-ar1-janine-abraham-et-dirk-jan-rol\/\",\"url\":\"https:\/\/disderot.com\/en\/produit\/lampadaire-ar1-janine-abraham-et-dirk-jan-rol\/\",\"name\":\"Lampadaire AR1 Abraham et Rol - \u00c9diteur Disderot\",\"isPartOf\":{\"@id\":\"https:\/\/disderot.com\/en\/#website\"},\"primaryImageOfPage\":{\"@id\":\"https:\/\/disderot.com\/en\/produit\/lampadaire-ar1-janine-abraham-et-dirk-jan-rol\/#primaryimage\"},\"image\":{\"@id\":\"https:\/\/disderot.com\/produit\/lampadaire-ar1-janine-abraham-et-dirk-jan-rol\/#primaryimage\"},\"thumbnailUrl\":\"https:\/\/disderot.com\/wp-content\/uploads\/2020\/07\/AR1-NB-ima1.jpg\",\"datePublished\":\"2018-01-04T17:29:25+00:00\",\"dateModified\":\"2025-03-07T15:35:30+00:00\",\"description\":\"Con\u00e7ue en bois, inox et plexiglas, le lampadaire AR1 Janine Abraham et Dirk Jan Rol cr\u00e9\u00e9 en 1965 est d\u2019une grande modernit\u00e9.\",\"breadcrumb\":{\"@id\":\"https:\/\/disderot.com\/en\/produit\/lampadaire-ar1-janine-abraham-et-dirk-jan-rol\/#breadcrumb\"},\"inLanguage\":\"en-US\",\"potentialAction\":[{\"@type\":\"ReadAction\",\"target\":[[\"https:\/\/disderot.com\/en\/produit\/lampadaire-ar1-janine-abraham-et-dirk-jan-rol\/\"]]}]},{\"@type\":\"ImageObject\",\"inLanguage\":\"en-US\",\"@id\":\"https:\/\/disderot.com\/en\/produit\/lampadaire-ar1-janine-abraham-et-dirk-jan-rol\/#primaryimage\",\"url\":\"https:\/\/disderot.com\/wp-content\/uploads\/2020\/07\/AR1-NB-ima1.jpg\",\"contentUrl\":\"https:\/\/disderot.com\/wp-content\/uploads\/2020\/07\/AR1-NB-ima1.jpg\",\"width\":2000,\"height\":2000,\"caption\":\"Lampadaire AR1 d'Abraham & Rol\"},{\"@type\":\"BreadcrumbList\",\"@id\":\"https:\/\/disderot.com\/en\/produit\/lampadaire-ar1-janine-abraham-et-dirk-jan-rol\/#breadcrumb\",\"itemListElement\":[{\"@type\":\"ListItem\",\"position\":1,\"name\":\"Accueil\",\"item\":\"https:\/\/disderot.com\/en\/\"},{\"@type\":\"ListItem\",\"position\":2,\"name\":\"Boutique\",\"item\":\"https:\/\/disderot.com\/en\/boutique\/\"},{\"@type\":\"ListItem\",\"position\":3,\"name\":\"LAMPADAIRE AR1\"}]},{\"@type\":\"WebSite\",\"@id\":\"https:\/\/disderot.com\/en\/#website\",\"url\":\"https:\/\/disderot.com\/en\/\",\"name\":\"Disderot\",\"description\":\"Luminaires de collections\",\"inLanguage\":\"en-US\"}]}<\/script>\n<!-- \/ Yoast SEO plugin. -->","yoast_head_json":{"title":"Lampadaire AR1 Abraham et Rol - \u00c9diteur Disderot","description":"Con\u00e7ue en bois, inox et plexiglas, le lampadaire AR1 Janine Abraham et Dirk Jan Rol cr\u00e9\u00e9 en 1965 est d\u2019une grande modernit\u00e9.","robots":{"index":"index","follow":"follow","max-snippet":"max-snippet:-1","max-image-preview":"max-image-preview:large","max-video-preview":"max-video-preview:-1"},"canonical":"https:\/\/disderot.com\/en\/produit\/lampadaire-ar1-janine-abraham-et-dirk-jan-rol\/","og_locale":"en_US","og_type":"article","og_title":"Lampadaire AR1 Abraham et Rol - \u00c9diteur Disderot","og_description":"Con\u00e7ue en bois, inox et plexiglas, le lampadaire AR1 Janine Abraham et Dirk Jan Rol cr\u00e9\u00e9 en 1965 est d\u2019une grande modernit\u00e9.","og_url":"https:\/\/disderot.com\/en\/produit\/lampadaire-ar1-janine-abraham-et-dirk-jan-rol\/","og_site_name":"Disderot","article_modified_time":"2025-03-07T15:35:30+00:00","og_image":[{"width":2000,"height":2000,"url":"https:\/\/disderot.com\/wp-content\/uploads\/2020\/07\/AR1-NB-ima1.jpg","type":"image\/jpeg"}],"twitter_card":"summary_large_image","twitter_site":"@disderot_now","twitter_misc":{"Est. reading time":"1 minute"},"schema":{"@context":"https:\/\/schema.org","@graph":[{"@type":"WebPage","@id":"https:\/\/disderot.com\/en\/produit\/lampadaire-ar1-janine-abraham-et-dirk-jan-rol\/","url":"https:\/\/disderot.com\/en\/produit\/lampadaire-ar1-janine-abraham-et-dirk-jan-rol\/","name":"Lampadaire AR1 Abraham et Rol - \u00c9diteur Disderot","isPartOf":{"@id":"https:\/\/disderot.com\/en\/#website"},"primaryImageOfPage":{"@id":"https:\/\/disderot.com\/en\/produit\/lampadaire-ar1-janine-abraham-et-dirk-jan-rol\/#primaryimage"},"image":{"@id":"https:\/\/disderot.com\/produit\/lampadaire-ar1-janine-abraham-et-dirk-jan-rol\/#primaryimage"},"thumbnailUrl":"https:\/\/disderot.com\/wp-content\/uploads\/2020\/07\/AR1-NB-ima1.jpg","datePublished":"2018-01-04T17:29:25+00:00","dateModified":"2025-03-07T15:35:30+00:00","description":"Con\u00e7ue en bois, inox et plexiglas, le lampadaire AR1 Janine Abraham et Dirk Jan Rol cr\u00e9\u00e9 en 1965 est d\u2019une grande modernit\u00e9.","breadcrumb":{"@id":"https:\/\/disderot.com\/en\/produit\/lampadaire-ar1-janine-abraham-et-dirk-jan-rol\/#breadcrumb"},"inLanguage":"en-US","potentialAction":[{"@type":"ReadAction","target":[["https:\/\/disderot.com\/en\/produit\/lampadaire-ar1-janine-abraham-et-dirk-jan-rol\/"]]}]},{"@type":"ImageObject","inLanguage":"en-US","@id":"https:\/\/disderot.com\/en\/produit\/lampadaire-ar1-janine-abraham-et-dirk-jan-rol\/#primaryimage","url":"https:\/\/disderot.com\/wp-content\/uploads\/2020\/07\/AR1-NB-ima1.jpg","contentUrl":"https:\/\/disderot.com\/wp-content\/uploads\/2020\/07\/AR1-NB-ima1.jpg","width":2000,"height":2000,"caption":"Lampadaire AR1 d'Abraham & Rol"},{"@type":"BreadcrumbList","@id":"https:\/\/disderot.com\/en\/produit\/lampadaire-ar1-janine-abraham-et-dirk-jan-rol\/#breadcrumb","itemListElement":[{"@type":"ListItem","position":1,"name":"Accueil","item":"https:\/\/disderot.com\/en\/"},{"@type":"ListItem","position":2,"name":"Boutique","item":"https:\/\/disderot.com\/en\/boutique\/"},{"@type":"ListItem","position":3,"name":"LAMPADAIRE AR1"}]},{"@type":"WebSite","@id":"https:\/\/disderot.com\/en\/#website","url":"https:\/\/disderot.com\/en\/","name":"Disderot","description":"Luminaires de collections","inLanguage":"en-US"}]}},"_links":{"self":[{"href":"https:\/\/disderot.com\/en\/wp-json\/wp\/v2\/product\/5752","targetHints":{"allow":["GET"]}}],"collection":[{"href":"https:\/\/disderot.com\/en\/wp-json\/wp\/v2\/product"}],"about":[{"href":"https:\/\/disderot.com\/en\/wp-json\/wp\/v2\/types\/product"}],"wp:featuredmedia":[{"embeddable":true,"href":"https:\/\/disderot.com\/en\/wp-json\/wp\/v2\/media\/7275"}],"wp:attachment":[{"href":"https:\/\/disderot.com\/en\/wp-json\/wp\/v2\/media?parent=5752"}],"wp:term":[{"taxonomy":"product_brand","embeddable":true,"href":"https:\/\/disderot.com\/en\/wp-json\/wp\/v2\/product_brand?post=5752"},{"taxonomy":"product_cat","embeddable":true,"href":"https:\/\/disderot.com\/en\/wp-json\/wp\/v2\/product_cat?post=5752"},{"taxonomy":"product_tag","embeddable":true,"href":"https:\/\/disderot.com\/en\/wp-json\/wp\/v2\/product_tag?post=5752"}],"curies":[{"name":"wp","href":"https:\/\/api.w.org\/{rel}","templated":true}]}}