{"id":2839,"date":"2017-02-10T10:19:51","date_gmt":"2017-02-10T10:19:51","guid":{"rendered":"http:\/\/depot.mikado-themes.com\/?post_type=product&#038;p=2839"},"modified":"2025-03-07T10:19:55","modified_gmt":"2025-03-07T10:19:55","slug":"lampe-1021-roger-fatus","status":"publish","type":"product","link":"https:\/\/disderot.com\/en\/produit\/lampe-1021-roger-fatus\/","title":{"rendered":"LAMPE \u00c0 POSER 1021"},"content":{"rendered":"<div class=\"wpb-content-wrapper\"><p>[vc_row][vc_column width=&#8221;1\/3&#8243;][vc_single_image image=&#8221;5374&#8243; img_size=&#8221;full&#8221; alignment=&#8221;right&#8221; label=&#8221;&#8221;][\/vc_column][vc_column width=&#8221;2\/3&#8243;][vc_column_text]<p class='designer-name'>Roger Fatus<\/p><p class='designer-dates'>1926<\/p><\/p>\n<p class=\"p1\">Roger Fatus was born in 1926. After trying law studies in Lille, he turned to the School of Beaux-ARTs \/in his hometown, Tourcoing, much closer to his concerns. He then studied at the Ecole Nationale Sup\u00e9rieure des Arts D\u00e9coratifs in Paris from which he graduated in 1953. After two years of work in a design office, he joined the agency of Jacques Dumond, talented decorator with modern elegance and the high customer keen of of luxurious large public projects. He is joined by his friend Dirk Jan Rol, whom he met at ENSAD. The agency Jacques Dumond is for many young graduates including Roger Fatus, a school of rigor and a real springboard.<\/p>\n<p><a class='to-button tiny standard square to-button-border to-icon-anim' style='color: #7c7c7c; background: none !important; border-color: #7c7c7c;' href='https:\/\/disderot.com\/en\/roger-fatus\/' target='_self'><span style='color: #7c7c7c;'>More<\/span><\/a>[\/vc_column_text][\/vc_column][\/vc_row]<\/p>\n<\/div>","protected":false},"excerpt":{"rendered":"<p class='product-designer'>Roger Fatus<\/p><p class='product-year'>1960<\/p><p class='product-price'> without VAT 789,13 \u20ac<\/p><p class='product-ecopart'>including eco participation:  0.16 \u20ac<\/p>\n<p style=\"text-align: left;\">This minimalist, ultra-light lamp that can be moved easily reflects the avant-garde design created by Roger Fatus in the nineteen sixties.<\/p>\n<input id='toggle' class='readmore-toggle' type='checkbox'><label class='readmore-label' for='toggle'>+ Read More<\/label>\n  <div id='expand' class='readmore-expand'>\n<p>The Fatus design creates a perfect size and shape, subtly blending symmetrical and asymmetrical lines in the handle and base.<\/p>\n<p>The use of plexiglas, brand new at the end of the fifties, transforms the classic design of lampshade and gives this ambient lamp its timeless character, even today\u2026<\/p>\n<\/div>\n<p class='portfolio-edition'>Numbered Edition,<br> Delivered with authentication certificate,<br> Made in France<\/p>\n<p><a class=\"disderot-custom-product\" href=\"mailto:support@disderot.com?subject=Tailored Applique 1013\">Tailored consult us<\/a><\/p>\n","protected":false},"featured_media":7070,"template":"","meta":{"_acf_changed":false,"_monsterinsights_skip_tracking":false,"_monsterinsights_sitenote_active":false,"_monsterinsights_sitenote_note":"","_monsterinsights_sitenote_category":0},"product_brand":[],"product_cat":[123,145],"product_tag":[],"class_list":{"0":"post-2839","1":"product","2":"type-product","3":"status-publish","4":"has-post-thumbnail","6":"product_cat-lampe-a-poser","7":"product_cat-roger-fatus","8":"product_shipping_class-140","10":"first","11":"instock","12":"taxable","13":"shipping-taxable","14":"purchasable","15":"product-type-simple"},"acf":[],"yoast_head":"<!-- This site is optimized with the Yoast SEO plugin v27.2 - https:\/\/yoast.com\/product\/yoast-seo-wordpress\/ -->\n<title>Lampe 1021 Roger Fatus<\/title>\n<meta name=\"description\" content=\"Par cette lampe 1021 tr\u00e8s simple, ultra l\u00e9g\u00e8re, Roger Fatus invente l\u2019avant-garde du luminaire des ann\u00e9es 60.\" \/>\n<meta name=\"robots\" content=\"index, follow, max-snippet:-1, max-image-preview:large, max-video-preview:-1\" \/>\n<link rel=\"canonical\" href=\"https:\/\/disderot.com\/en\/produit\/lampe-1021-roger-fatus\/\" \/>\n<meta property=\"og:locale\" content=\"en_US\" \/>\n<meta property=\"og:type\" content=\"article\" \/>\n<meta property=\"og:title\" content=\"Lampe 1021 Roger Fatus\" \/>\n<meta property=\"og:description\" content=\"Par cette lampe 1021 tr\u00e8s simple, ultra l\u00e9g\u00e8re, Roger Fatus invente l\u2019avant-garde du luminaire des ann\u00e9es 60.\" \/>\n<meta property=\"og:url\" content=\"https:\/\/disderot.com\/en\/produit\/lampe-1021-roger-fatus\/\" \/>\n<meta property=\"og:site_name\" content=\"Disderot\" \/>\n<meta property=\"article:modified_time\" content=\"2025-03-07T10:19:55+00:00\" \/>\n<meta property=\"og:image\" content=\"https:\/\/disderot.com\/wp-content\/uploads\/2020\/06\/1021-ch-ima1.jpg\" \/>\n\t<meta property=\"og:image:width\" content=\"2000\" \/>\n\t<meta property=\"og:image:height\" content=\"2000\" \/>\n\t<meta property=\"og:image:type\" content=\"image\/jpeg\" \/>\n<meta name=\"twitter:card\" content=\"summary_large_image\" \/>\n<meta name=\"twitter:site\" content=\"@disderot_now\" \/>\n<meta name=\"twitter:label1\" content=\"Est. reading time\" \/>\n\t<meta name=\"twitter:data1\" content=\"1 minute\" \/>\n<script type=\"application\/ld+json\" class=\"yoast-schema-graph\">{\"@context\":\"https:\/\/schema.org\",\"@graph\":[{\"@type\":\"WebPage\",\"@id\":\"https:\/\/disderot.com\/en\/produit\/lampe-1021-roger-fatus\/\",\"url\":\"https:\/\/disderot.com\/en\/produit\/lampe-1021-roger-fatus\/\",\"name\":\"Lampe 1021 Roger Fatus\",\"isPartOf\":{\"@id\":\"https:\/\/disderot.com\/en\/#website\"},\"primaryImageOfPage\":{\"@id\":\"https:\/\/disderot.com\/en\/produit\/lampe-1021-roger-fatus\/#primaryimage\"},\"image\":{\"@id\":\"https:\/\/disderot.com\/produit\/lampe-1021-roger-fatus\/#primaryimage\"},\"thumbnailUrl\":\"https:\/\/disderot.com\/wp-content\/uploads\/2020\/06\/1021-ch-ima1.jpg\",\"datePublished\":\"2017-02-10T10:19:51+00:00\",\"dateModified\":\"2025-03-07T10:19:55+00:00\",\"description\":\"Par cette lampe 1021 tr\u00e8s simple, ultra l\u00e9g\u00e8re, Roger Fatus invente l\u2019avant-garde du luminaire des ann\u00e9es 60.\",\"breadcrumb\":{\"@id\":\"https:\/\/disderot.com\/en\/produit\/lampe-1021-roger-fatus\/#breadcrumb\"},\"inLanguage\":\"en-US\",\"potentialAction\":[{\"@type\":\"ReadAction\",\"target\":[[\"https:\/\/disderot.com\/en\/produit\/lampe-1021-roger-fatus\/\"]]}]},{\"@type\":\"ImageObject\",\"inLanguage\":\"en-US\",\"@id\":\"https:\/\/disderot.com\/en\/produit\/lampe-1021-roger-fatus\/#primaryimage\",\"url\":\"https:\/\/disderot.com\/wp-content\/uploads\/2020\/06\/1021-ch-ima1.jpg\",\"contentUrl\":\"https:\/\/disderot.com\/wp-content\/uploads\/2020\/06\/1021-ch-ima1.jpg\",\"width\":2000,\"height\":2000,\"caption\":\"Lampe \u00e0 poser 1021 de Roger Fatus\"},{\"@type\":\"BreadcrumbList\",\"@id\":\"https:\/\/disderot.com\/en\/produit\/lampe-1021-roger-fatus\/#breadcrumb\",\"itemListElement\":[{\"@type\":\"ListItem\",\"position\":1,\"name\":\"Accueil\",\"item\":\"https:\/\/disderot.com\/en\/\"},{\"@type\":\"ListItem\",\"position\":2,\"name\":\"Boutique\",\"item\":\"https:\/\/disderot.com\/en\/boutique\/\"},{\"@type\":\"ListItem\",\"position\":3,\"name\":\"LAMPE \u00c0 POSER 1021\"}]},{\"@type\":\"WebSite\",\"@id\":\"https:\/\/disderot.com\/en\/#website\",\"url\":\"https:\/\/disderot.com\/en\/\",\"name\":\"Disderot\",\"description\":\"Luminaires de collections\",\"inLanguage\":\"en-US\"}]}<\/script>\n<!-- \/ Yoast SEO plugin. -->","yoast_head_json":{"title":"Lampe 1021 Roger Fatus","description":"Par cette lampe 1021 tr\u00e8s simple, ultra l\u00e9g\u00e8re, Roger Fatus invente l\u2019avant-garde du luminaire des ann\u00e9es 60.","robots":{"index":"index","follow":"follow","max-snippet":"max-snippet:-1","max-image-preview":"max-image-preview:large","max-video-preview":"max-video-preview:-1"},"canonical":"https:\/\/disderot.com\/en\/produit\/lampe-1021-roger-fatus\/","og_locale":"en_US","og_type":"article","og_title":"Lampe 1021 Roger Fatus","og_description":"Par cette lampe 1021 tr\u00e8s simple, ultra l\u00e9g\u00e8re, Roger Fatus invente l\u2019avant-garde du luminaire des ann\u00e9es 60.","og_url":"https:\/\/disderot.com\/en\/produit\/lampe-1021-roger-fatus\/","og_site_name":"Disderot","article_modified_time":"2025-03-07T10:19:55+00:00","og_image":[{"width":2000,"height":2000,"url":"https:\/\/disderot.com\/wp-content\/uploads\/2020\/06\/1021-ch-ima1.jpg","type":"image\/jpeg"}],"twitter_card":"summary_large_image","twitter_site":"@disderot_now","twitter_misc":{"Est. reading time":"1 minute"},"schema":{"@context":"https:\/\/schema.org","@graph":[{"@type":"WebPage","@id":"https:\/\/disderot.com\/en\/produit\/lampe-1021-roger-fatus\/","url":"https:\/\/disderot.com\/en\/produit\/lampe-1021-roger-fatus\/","name":"Lampe 1021 Roger Fatus","isPartOf":{"@id":"https:\/\/disderot.com\/en\/#website"},"primaryImageOfPage":{"@id":"https:\/\/disderot.com\/en\/produit\/lampe-1021-roger-fatus\/#primaryimage"},"image":{"@id":"https:\/\/disderot.com\/produit\/lampe-1021-roger-fatus\/#primaryimage"},"thumbnailUrl":"https:\/\/disderot.com\/wp-content\/uploads\/2020\/06\/1021-ch-ima1.jpg","datePublished":"2017-02-10T10:19:51+00:00","dateModified":"2025-03-07T10:19:55+00:00","description":"Par cette lampe 1021 tr\u00e8s simple, ultra l\u00e9g\u00e8re, Roger Fatus invente l\u2019avant-garde du luminaire des ann\u00e9es 60.","breadcrumb":{"@id":"https:\/\/disderot.com\/en\/produit\/lampe-1021-roger-fatus\/#breadcrumb"},"inLanguage":"en-US","potentialAction":[{"@type":"ReadAction","target":[["https:\/\/disderot.com\/en\/produit\/lampe-1021-roger-fatus\/"]]}]},{"@type":"ImageObject","inLanguage":"en-US","@id":"https:\/\/disderot.com\/en\/produit\/lampe-1021-roger-fatus\/#primaryimage","url":"https:\/\/disderot.com\/wp-content\/uploads\/2020\/06\/1021-ch-ima1.jpg","contentUrl":"https:\/\/disderot.com\/wp-content\/uploads\/2020\/06\/1021-ch-ima1.jpg","width":2000,"height":2000,"caption":"Lampe \u00e0 poser 1021 de Roger Fatus"},{"@type":"BreadcrumbList","@id":"https:\/\/disderot.com\/en\/produit\/lampe-1021-roger-fatus\/#breadcrumb","itemListElement":[{"@type":"ListItem","position":1,"name":"Accueil","item":"https:\/\/disderot.com\/en\/"},{"@type":"ListItem","position":2,"name":"Boutique","item":"https:\/\/disderot.com\/en\/boutique\/"},{"@type":"ListItem","position":3,"name":"LAMPE \u00c0 POSER 1021"}]},{"@type":"WebSite","@id":"https:\/\/disderot.com\/en\/#website","url":"https:\/\/disderot.com\/en\/","name":"Disderot","description":"Luminaires de collections","inLanguage":"en-US"}]}},"_links":{"self":[{"href":"https:\/\/disderot.com\/en\/wp-json\/wp\/v2\/product\/2839","targetHints":{"allow":["GET"]}}],"collection":[{"href":"https:\/\/disderot.com\/en\/wp-json\/wp\/v2\/product"}],"about":[{"href":"https:\/\/disderot.com\/en\/wp-json\/wp\/v2\/types\/product"}],"wp:featuredmedia":[{"embeddable":true,"href":"https:\/\/disderot.com\/en\/wp-json\/wp\/v2\/media\/7070"}],"wp:attachment":[{"href":"https:\/\/disderot.com\/en\/wp-json\/wp\/v2\/media?parent=2839"}],"wp:term":[{"taxonomy":"product_brand","embeddable":true,"href":"https:\/\/disderot.com\/en\/wp-json\/wp\/v2\/product_brand?post=2839"},{"taxonomy":"product_cat","embeddable":true,"href":"https:\/\/disderot.com\/en\/wp-json\/wp\/v2\/product_cat?post=2839"},{"taxonomy":"product_tag","embeddable":true,"href":"https:\/\/disderot.com\/en\/wp-json\/wp\/v2\/product_tag?post=2839"}],"curies":[{"name":"wp","href":"https:\/\/api.w.org\/{rel}","templated":true}]}}