{"id":7804,"date":"2022-08-12T14:03:38","date_gmt":"2022-08-12T14:03:38","guid":{"rendered":"https:\/\/disderot.com\/?page_id=7804"},"modified":"2022-08-16T13:18:52","modified_gmt":"2022-08-16T13:18:52","slug":"manufactures-de-lux","status":"publish","type":"page","link":"https:\/\/disderot.com\/en\/manufactures-de-lux\/","title":{"rendered":"MANUFACTURES DE LUX"},"content":{"rendered":"<div class=\"wpb-content-wrapper\"><p><\/p>\n<p>[vc_row][vc_column][vc_empty_space height=&#8221;30px&#8221;][vc_single_image image=&#8221;7873&#8243; alignment=&#8221;center&#8221;][\/vc_column][\/vc_row][vc_row][vc_column][vc_column_text]<\/p>\n<h3 style=\"text-align: center;\"><strong>Manufactures de Lux<\/strong><br \/>\nThe new label for the French edition of iconic lighting<\/h3>\n<p>[\/vc_column_text][vc_empty_space height=&#8221;30px&#8221;][\/vc_column][\/vc_row][vc_row css=&#8221;.vc_custom_1660653902025{background-image: url(https:\/\/disderot.com\/wp-content\/uploads\/2022\/08\/slide-mdl2.png?id=7908) !important;background-position: center !important;background-repeat: no-repeat !important;background-size: cover !important;}&#8221;][vc_column width=&#8221;1\/4&#8243;][vc_empty_space height=&#8221;300px&#8221;][\/vc_column][vc_column width=&#8221;1\/2&#8243;][\/vc_column][vc_column width=&#8221;1\/4&#8243;][\/vc_column][\/vc_row][vc_row][vc_column width=&#8221;1\/6&#8243;][\/vc_column][vc_column width=&#8221;2\/3&#8243;][vc_empty_space height=&#8221;70px&#8221;][vc_column_text]<\/p>\n<h3 style=\"text-align: center;\"><span style=\"font-size: 22px;\"><span style=\"color: #000000;\">Initiated by the editions <strong>Disderot<\/strong>, <a style=\"color: #000000;\" href=\"https:\/\/www.serge-mouille.com\/\" target=\"_blank\" rel=\"noopener\"><strong>Serge Mouille<\/strong><\/a> and <a href=\"https:\/\/www.rispal.com\/fr\/accueil\/\" target=\"_blank\" rel=\"noopener\"><strong>Rispal<\/strong><\/a> around common values, this group of emblematic editors aims to represent French know-how in the creation and reissue of lighting in order to promote its influence in France and abroad internationally.<\/span><\/span><\/h3>\n<p>[\/vc_column_text][vc_empty_space height=&#8221;50px&#8221;][\/vc_column][vc_column width=&#8221;1\/6&#8243;][\/vc_column][\/vc_row][vc_row][vc_column width=&#8221;1\/6&#8243;][\/vc_column][vc_column width=&#8221;2\/3&#8243;][vc_row_inner][vc_column_inner width=&#8221;1\/2&#8243;][vc_single_image image=&#8221;7819&#8243; img_size=&#8221;large&#8221;][\/vc_column_inner][vc_column_inner width=&#8221;1\/2&#8243;][vc_column_text]<\/p>\n<h3><span style=\"font-size: 22px;\"><strong>History of the initial Meeting<\/strong><\/span><\/h3>\n<p><span style=\"font-size: 14px;\"><span style=\"color: #000000;\">It is initially a meeting of individuals, sharing a common goal of passion, concerned with preserving the heritage of the French glory of the1930\u2019s.<br \/>\nThis meeting took place during \u2018 Maison et Object\u2019 last January, and more specifically thanks to a conference addressing the battle against counterfeits, a very pertinent topic for all three producers.<br \/>\nFrom this point the friendship that has been created between the three houses and their staff, their willingness to preserve the philosophy, heritage and drive which today unites the three brands under the same label.<br \/>\n<\/span><\/span>[\/vc_column_text][vc_column_text]<span style=\"font-size: 12px;\"><em><strong>From left to right:<\/strong><\/em><br \/>\nlamp floor N\u00b014.950 Mante religieuse from Fran\u00e7ois Rispal &#8211; 1950 \/Ed. Rispal, lamp floor 2093-225 from Olivier Mourgue &#8211; 1967 \/Ed. Disderot, lamp floor B211 from Michel Buffet &#8211; 1952 \/Ed. Lignes de d\u00e9marcation, lamp floor Corduroy III &#8211; 2019 \/Ed. Fosfens, straight floor lamp &#8211; 1953 from Serge Mouille \/ Ed. Serge Mouille<\/span>[\/vc_column_text][\/vc_column_inner][\/vc_row_inner][\/vc_column][vc_column width=&#8221;1\/6&#8243;][\/vc_column][\/vc_row][vc_row][vc_column width=&#8221;1\/6&#8243;][\/vc_column][vc_column width=&#8221;2\/3&#8243;][vc_column_text]<\/p>\n<h3><span style=\"font-size: 22px;\"><strong>Manufactures de Lux :<\/strong><\/span><br \/>\nA brand synonymous with the upmost precision gained via common values.<\/h3>\n<p><span style=\"font-size: 14px;\"><span style=\"color: #000000;\">The brand name \u2018Manufactures de Lux\u2019 is created around social values at the heart of the brands, represented by their image and fine quality of the lighting produced.<br \/>\nThis stems from the creation of this precision that the founders and designers of all three brands possess.<br \/>\nGreat care has been taken to use high quality materials, using highly skilled French production techniques respecting both quality and tradition as well as demanding attention to detail in the small volume production. Each light has a serial number and is supplied with a certificate of authenticity.<br \/>\nWithin the context of this brand, the term \u2018manufacture\u2019 reflects the production in a small workshop using fine craftsmanship. The word \u201cLux\u201d &#8211; Luxury pertains to the Latin roots of the word light which transcends a rarity and refinement created by the 3 prestigious brands.<br \/>\nManufactures de Lux\u2019 translates as the willingness of the three brands to promote the French appreciation and knowledge via production in a small workshop by skilled craftsmen.<br \/>\nThis process is understood by Anglo Saxons. The monogram is a hexagon, reminding us of the close attachment of the three French brands and their origins.<br \/>\n<\/span><\/span>[\/vc_column_text][vc_column_text]<\/p>\n<h3><span style=\"font-size: 22px;\"><strong>A New Brand Name<\/strong><\/span><br \/>\nToday, the brand regroups six brands<\/h3>\n<p><span style=\"font-size: 14px;\"><span style=\"color: #000000;\"><strong>Disderot, \u00c9ditions Serge Mouille, Rispal, <a href=\"https:\/\/fosfens.fr\/\" target=\"_blank\" rel=\"noopener\">Fosfens<\/a>, <a href=\"https:\/\/magic-circus.fr\/fr\/\" target=\"_blank\" rel=\"noopener\">Lignes de D\u00e9marcation<\/a><\/strong> et r\u00e9cemment la maison <strong><a href=\"https:\/\/magic-circus.fr\/fr\/\" target=\"_blank\" rel=\"noopener\">Magic Circus<\/a><\/strong>. The groups intend to welcome other brands under the umbrella. Sharing the same values and founding requirements based around a dynamism and shared actions to serve the requirements of deign led market. The objective is to perpetuate timeless creations in the form of French lighting, signifying the French know-how and contribute to expanding its reach.<br \/>\n<\/span><\/span>[\/vc_column_text][\/vc_column][vc_column width=&#8221;1\/6&#8243;][\/vc_column][\/vc_row][vc_row][vc_column width=&#8221;1\/6&#8243;][\/vc_column][vc_column width=&#8221;2\/3&#8243;][vc_empty_space height=&#8221;30px&#8221;][vc_separator][vc_empty_space height=&#8221;30px&#8221;][vc_column_text]<\/p>\n<h4>MDL LEAFLET<\/h4>\n<p><a href=\"http:\/\/manufacturesdelux.com\/\" target=\"_blank\" rel=\"noopener\"><em>www.manufacturesdelux.com<\/em><\/a>[\/vc_column_text][vc_btn title=&#8221;PDF&#8221; link=&#8221;url:https%3A%2F%2Fdisderot.com%2Fwp-content%2Fuploads%2F2022%2F08%2Fbrochure-mdl-2022_compressed.pdf|title:MDL%20LEAFLET|target:_blank&#8221;][vc_single_image image=&#8221;7861&#8243; img_size=&#8221;medium&#8221;][\/vc_column][vc_column width=&#8221;1\/6&#8243;][\/vc_column][\/vc_row]<\/p>\n<p><\/p>\n<\/div>","protected":false},"excerpt":{"rendered":"<p>[vc_row][vc_column][vc_empty_space height=&#8221;30px&#8221;][vc_single_image image=&#8221;7873&#8243; alignment=&#8221;center&#8221;][\/vc_column][\/vc_row][vc_row][vc_column][vc_column_text] Manufactures de Lux The new label for the French edition of iconic lighting [\/vc_column_text][vc_empty_space height=&#8221;30px&#8221;][\/vc_column][\/vc_row][vc_row css=&#8221;.vc_custom_1660653902025{background-image: url(https:\/\/disderot.com\/wp-content\/uploads\/2022\/08\/slide-mdl2.png?id=7908) !important;background-position: center !important;background-repeat: no-repeat !important;background-size: cover !important;}&#8221;][vc_column width=&#8221;1\/4&#8243;][vc_empty_space height=&#8221;300px&#8221;][\/vc_column][vc_column width=&#8221;1\/2&#8243;][\/vc_column][vc_column width=&#8221;1\/4&#8243;][\/vc_column][\/vc_row][vc_row][vc_column width=&#8221;1\/6&#8243;][\/vc_column][vc_column width=&#8221;2\/3&#8243;][vc_empty_space height=&#8221;70px&#8221;][vc_column_text] Initiated by the editions Disderot, Serge Mouille and Rispal around common values, this group of emblematic editors aims to represent [&hellip;]<\/p>\n","protected":false},"author":1,"featured_media":0,"parent":0,"menu_order":0,"comment_status":"closed","ping_status":"closed","template":"","meta":{"_acf_changed":false,"_monsterinsights_skip_tracking":false,"_monsterinsights_sitenote_active":false,"_monsterinsights_sitenote_note":"","_monsterinsights_sitenote_category":0,"footnotes":""},"class_list":["post-7804","page","type-page","status-publish","hentry"],"acf":[],"yoast_head":"<!-- This site is optimized with the Yoast SEO plugin v27.2 - https:\/\/yoast.com\/product\/yoast-seo-wordpress\/ -->\n<title>MANUFACTURES DE LUX - Disderot<\/title>\n<meta name=\"description\" content=\"Manufactures de Lux, le nouveau label de l\u2019\u00e9dition fran\u00e7aise de luminaires iconiques. Initi\u00e9 par Disderot, Serge Mouille et Rispal.\" \/>\n<meta name=\"robots\" content=\"index, follow, max-snippet:-1, max-image-preview:large, max-video-preview:-1\" \/>\n<link rel=\"canonical\" href=\"https:\/\/disderot.com\/en\/manufactures-de-lux\/\" \/>\n<meta property=\"og:locale\" content=\"en_US\" \/>\n<meta property=\"og:type\" content=\"article\" \/>\n<meta property=\"og:title\" content=\"MANUFACTURES DE LUX - Disderot\" \/>\n<meta property=\"og:description\" content=\"Manufactures de Lux, le nouveau label de l\u2019\u00e9dition fran\u00e7aise de luminaires iconiques. Initi\u00e9 par Disderot, Serge Mouille et Rispal.\" \/>\n<meta property=\"og:url\" content=\"https:\/\/disderot.com\/en\/manufactures-de-lux\/\" \/>\n<meta property=\"og:site_name\" content=\"Disderot\" \/>\n<meta property=\"article:modified_time\" content=\"2022-08-16T13:18:52+00:00\" \/>\n<meta name=\"twitter:card\" content=\"summary_large_image\" \/>\n<meta name=\"twitter:site\" content=\"@disderot_now\" \/>\n<meta name=\"twitter:label1\" content=\"Est. reading time\" \/>\n\t<meta name=\"twitter:data1\" content=\"3 minutes\" \/>\n<script type=\"application\/ld+json\" class=\"yoast-schema-graph\">{\"@context\":\"https:\/\/schema.org\",\"@graph\":[{\"@type\":\"WebPage\",\"@id\":\"https:\/\/disderot.com\/en\/manufactures-de-lux\/\",\"url\":\"https:\/\/disderot.com\/en\/manufactures-de-lux\/\",\"name\":\"MANUFACTURES DE LUX - Disderot\",\"isPartOf\":{\"@id\":\"https:\/\/disderot.com\/en\/#website\"},\"datePublished\":\"2022-08-12T14:03:38+00:00\",\"dateModified\":\"2022-08-16T13:18:52+00:00\",\"description\":\"Manufactures de Lux, le nouveau label de l\u2019\u00e9dition fran\u00e7aise de luminaires iconiques. Initi\u00e9 par Disderot, Serge Mouille et Rispal.\",\"breadcrumb\":{\"@id\":\"https:\/\/disderot.com\/en\/manufactures-de-lux\/#breadcrumb\"},\"inLanguage\":\"en-US\",\"potentialAction\":[{\"@type\":\"ReadAction\",\"target\":[[\"https:\/\/disderot.com\/en\/manufactures-de-lux\/\"]]}]},{\"@type\":\"BreadcrumbList\",\"@id\":\"https:\/\/disderot.com\/en\/manufactures-de-lux\/#breadcrumb\",\"itemListElement\":[{\"@type\":\"ListItem\",\"position\":1,\"name\":\"Accueil\",\"item\":\"https:\/\/disderot.com\/en\/\"},{\"@type\":\"ListItem\",\"position\":2,\"name\":\"MANUFACTURES DE LUX\"}]},{\"@type\":\"WebSite\",\"@id\":\"https:\/\/disderot.com\/en\/#website\",\"url\":\"https:\/\/disderot.com\/en\/\",\"name\":\"Disderot\",\"description\":\"Luminaires de collections\",\"inLanguage\":\"en-US\"}]}<\/script>\n<!-- \/ Yoast SEO plugin. -->","yoast_head_json":{"title":"MANUFACTURES DE LUX - Disderot","description":"Manufactures de Lux, le nouveau label de l\u2019\u00e9dition fran\u00e7aise de luminaires iconiques. Initi\u00e9 par Disderot, Serge Mouille et Rispal.","robots":{"index":"index","follow":"follow","max-snippet":"max-snippet:-1","max-image-preview":"max-image-preview:large","max-video-preview":"max-video-preview:-1"},"canonical":"https:\/\/disderot.com\/en\/manufactures-de-lux\/","og_locale":"en_US","og_type":"article","og_title":"MANUFACTURES DE LUX - Disderot","og_description":"Manufactures de Lux, le nouveau label de l\u2019\u00e9dition fran\u00e7aise de luminaires iconiques. Initi\u00e9 par Disderot, Serge Mouille et Rispal.","og_url":"https:\/\/disderot.com\/en\/manufactures-de-lux\/","og_site_name":"Disderot","article_modified_time":"2022-08-16T13:18:52+00:00","twitter_card":"summary_large_image","twitter_site":"@disderot_now","twitter_misc":{"Est. reading time":"3 minutes"},"schema":{"@context":"https:\/\/schema.org","@graph":[{"@type":"WebPage","@id":"https:\/\/disderot.com\/en\/manufactures-de-lux\/","url":"https:\/\/disderot.com\/en\/manufactures-de-lux\/","name":"MANUFACTURES DE LUX - Disderot","isPartOf":{"@id":"https:\/\/disderot.com\/en\/#website"},"datePublished":"2022-08-12T14:03:38+00:00","dateModified":"2022-08-16T13:18:52+00:00","description":"Manufactures de Lux, le nouveau label de l\u2019\u00e9dition fran\u00e7aise de luminaires iconiques. Initi\u00e9 par Disderot, Serge Mouille et Rispal.","breadcrumb":{"@id":"https:\/\/disderot.com\/en\/manufactures-de-lux\/#breadcrumb"},"inLanguage":"en-US","potentialAction":[{"@type":"ReadAction","target":[["https:\/\/disderot.com\/en\/manufactures-de-lux\/"]]}]},{"@type":"BreadcrumbList","@id":"https:\/\/disderot.com\/en\/manufactures-de-lux\/#breadcrumb","itemListElement":[{"@type":"ListItem","position":1,"name":"Accueil","item":"https:\/\/disderot.com\/en\/"},{"@type":"ListItem","position":2,"name":"MANUFACTURES DE LUX"}]},{"@type":"WebSite","@id":"https:\/\/disderot.com\/en\/#website","url":"https:\/\/disderot.com\/en\/","name":"Disderot","description":"Luminaires de collections","inLanguage":"en-US"}]}},"_links":{"self":[{"href":"https:\/\/disderot.com\/en\/wp-json\/wp\/v2\/pages\/7804","targetHints":{"allow":["GET"]}}],"collection":[{"href":"https:\/\/disderot.com\/en\/wp-json\/wp\/v2\/pages"}],"about":[{"href":"https:\/\/disderot.com\/en\/wp-json\/wp\/v2\/types\/page"}],"author":[{"embeddable":true,"href":"https:\/\/disderot.com\/en\/wp-json\/wp\/v2\/users\/1"}],"replies":[{"embeddable":true,"href":"https:\/\/disderot.com\/en\/wp-json\/wp\/v2\/comments?post=7804"}],"version-history":[{"count":100,"href":"https:\/\/disderot.com\/en\/wp-json\/wp\/v2\/pages\/7804\/revisions"}],"predecessor-version":[{"id":7914,"href":"https:\/\/disderot.com\/en\/wp-json\/wp\/v2\/pages\/7804\/revisions\/7914"}],"wp:attachment":[{"href":"https:\/\/disderot.com\/en\/wp-json\/wp\/v2\/media?parent=7804"}],"curies":[{"name":"wp","href":"https:\/\/api.w.org\/{rel}","templated":true}]}}