{"id":6084,"date":"2018-02-09T17:12:26","date_gmt":"2018-02-09T17:12:26","guid":{"rendered":"https:\/\/disderot.com\/?page_id=6084"},"modified":"2020-10-07T07:55:08","modified_gmt":"2020-10-07T07:55:08","slug":"presse","status":"publish","type":"page","link":"https:\/\/disderot.com\/en\/presse\/","title":{"rendered":"PRESS"},"content":{"rendered":"<div class=\"wpb-content-wrapper\"><p><\/p>\n<p>[vc_row txt_section_align=&#8221;txt-center&#8221;][vc_column txt_column_align=&#8221;txt-center&#8221; delay=&#8221;0ms&#8221;][vc_empty_space height=&#8221;100px&#8221;]<div class=\"porto-u-heading  wpb_custom_95aa9a11c17ad45cfabaf210d84ee7cc porto-u-55ca8359258f9a412be7e73af65d2aac \"><div class=\"porto-u-main-heading\"><h5  >DISDEROT<\/h5><\/div><style>.porto-u-55ca8359258f9a412be7e73af65d2aac.porto-u-heading{text-align:center}<\/style><\/div>[vc_separator el_width=&#8221;10&#8243;]<div class=\"porto-u-heading  wpb_custom_95aa9a11c17ad45cfabaf210d84ee7cc porto-u-55ca8359258f9a412be7e73af65d2aac \"><div class=\"porto-u-main-heading\"><h2  >PRESS CLIPPINGS 2018<\/h2><\/div><style>.porto-u-55ca8359258f9a412be7e73af65d2aac.porto-u-heading{text-align:center}<\/style><\/div>[vc_empty_space height=&#8221;40px&#8221;][\/vc_column][\/vc_row][vc_row][vc_column width=&#8221;1\/4&#8243;][vc_single_image image=&#8221;6330&#8243; style=&#8221;vc_box_border&#8221;][\/vc_column][vc_column width=&#8221;3\/4&#8243;][vc_column_text]ELLE D\u00c9CO NEWS &#8211; LUMI\u00c8RE R\u00c9FL\u00c9CHIE<br \/>\n<strong>Elle D\u00e9coration<\/strong><br \/>\nseptembre 2018[\/vc_column_text][vc_column_text]<a class='to-button tiny standard square to-button-border to-icon-anim' style='color: #7c7c7c; background: none !important; border-color: #7c7c7c;' href='https:\/\/disderot.com\/wp-content\/uploads\/2018\/08\/coupures-Disderot-2018-aout-elledecoration.pdf' target='_blank'><span style='color: #7c7c7c;'>Download the press clipping<\/span><i class='to-button-icon fa fa fa-angle-right'><\/i><\/a>[\/vc_column_text][\/vc_column][\/vc_row][vc_row][vc_column width=&#8221;1\/4&#8243;][\/vc_column][vc_column width=&#8221;3\/4&#8243;][vc_empty_space height=&#8221;19px&#8221;][vc_separator color=&#8221;black&#8221; el_width=&#8221;10&#8243;][vc_empty_space height=&#8221;19px&#8221;][\/vc_column][\/vc_row][vc_row][vc_column width=&#8221;1\/4&#8243;][vc_single_image image=&#8221;6178&#8243; style=&#8221;vc_box_border&#8221;][\/vc_column][vc_column width=&#8221;3\/4&#8243;][vc_column_text]DISDEROT RELANCE L\u2019EDITION DES MYTHIQUES LAMPES FLEURS DU DESIGNER OLIVIER MOURGUE<br \/>\n<strong>AUTHENTIC DESIGN<\/strong><br \/>\nJuillet 2018[\/vc_column_text][vc_column_text]<a class='to-button tiny standard square to-button-border to-icon-anim' style='color: #7c7c7c; background: none !important; border-color: #7c7c7c;' href='https:\/\/disderot.com\/wp-content\/uploads\/2018\/08\/coupures-Disderot-2018-juillet-authenticdesign.pdf' target='_blank'><span style='color: #7c7c7c;'>Download the press clipping<\/span><i class='to-button-icon fa fa fa-angle-right'><\/i><\/a>[\/vc_column_text][vc_column_text]<a class=\"to-button tiny standard square to-button-border to-icon-anim .no-ajaxy\" style=\"color: #7c7c7c; background: none !important; border-color: #7c7c7c;\" href=\"http:\/\/www.authenticdesign.fr\/2018\/07\/disderot-lampes-fleurs-olivier-mourgue\/\" target=\"blank\" rel=\"noopener noreferrer\" data-bgcolor=\"#7c7c7c\" data-color=\"#7c7c7c\"><span style=\"color: #7c7c7c;\">Read the article from authenticdesign.fr<\/span><\/a>[\/vc_column_text][\/vc_column][\/vc_row][vc_row][vc_column width=&#8221;1\/4&#8243;][\/vc_column][vc_column width=&#8221;3\/4&#8243;][vc_empty_space height=&#8221;19px&#8221;][vc_separator color=&#8221;black&#8221; el_width=&#8221;10&#8243;][vc_empty_space height=&#8221;19px&#8221;][\/vc_column][\/vc_row][vc_row][vc_column width=&#8221;1\/4&#8243;][vc_single_image image=&#8221;6091&#8243; style=&#8221;vc_box_border&#8221;][\/vc_column][vc_column width=&#8221;3\/4&#8243;][vc_column_text]LUMI\u00c8RE GRAPHIQUE ET JAPONISANTE<br \/>\n<b>LE JOURNAL DE LA MAISON<\/b><br \/>\nF\u00e9vrier\/mars 2018[\/vc_column_text][vc_column_text]<a class='to-button tiny standard square to-button-border to-icon-anim' style='color: #7c7c7c; background: none !important; border-color: #7c7c7c;' href='https:\/\/disderot.com\/wp-content\/uploads\/2018\/02\/coupures-Disderot-2018-janvier-lejournaldelamaison.pdf' target='_blank'><span style='color: #7c7c7c;'>Download the press clipping<\/span><i class='to-button-icon fa fa fa-angle-right'><\/i><\/a>[\/vc_column_text][\/vc_column][\/vc_row][vc_row][vc_column width=&#8221;1\/4&#8243;][\/vc_column][vc_column width=&#8221;3\/4&#8243;][vc_empty_space height=&#8221;19px&#8221;][vc_separator color=&#8221;black&#8221; el_width=&#8221;10&#8243;][vc_empty_space height=&#8221;19px&#8221;][\/vc_column][\/vc_row][vc_row][vc_column width=&#8221;1\/4&#8243;][vc_single_image image=&#8221;6097&#8243; style=&#8221;vc_box_border&#8221;][\/vc_column][vc_column width=&#8221;3\/4&#8243;][vc_column_text]LA R\u00c9\u00c9DITION UNE RECETTE M\u00c9MORABLE<br \/>\n<strong>Les\u00a0<\/strong><b>\u00c9CHOS WEEK-END<\/b><br \/>\n19\/20 janvier 2018[\/vc_column_text][vc_column_text]<a class='to-button tiny standard square to-button-border to-icon-anim' style='color: #7c7c7c; background: none !important; border-color: #7c7c7c;' href='https:\/\/disderot.com\/wp-content\/uploads\/2018\/02\/coupures-Disderot-2018-janvier-lesechosweekend.pdf' target='_blank'><span style='color: #7c7c7c;'>Download the press clipping<\/span><i class='to-button-icon fa fa fa-angle-right'><\/i><\/a>[\/vc_column_text][\/vc_column][\/vc_row][vc_row][vc_column width=&#8221;1\/4&#8243;][\/vc_column][vc_column width=&#8221;3\/4&#8243;][vc_empty_space height=&#8221;19px&#8221;][vc_separator color=&#8221;black&#8221; el_width=&#8221;10&#8243;][vc_empty_space height=&#8221;19px&#8221;][\/vc_column][\/vc_row][vc_row][vc_column width=&#8221;1\/4&#8243;][vc_single_image image=&#8221;6105&#8243; style=&#8221;vc_box_border&#8221;][\/vc_column][vc_column width=&#8221;3\/4&#8243;][vc_column_text]DIRK JAN ROL, DESIGNER AT WORK<br \/>\n<b>IDEAT<\/b><br \/>\nJanvier 2018[\/vc_column_text][vc_column_text]<a class=\"to-button tiny standard square to-button-border to-icon-anim .no-ajaxy\" style=\"color: #7c7c7c; background: none !important; border-color: #7c7c7c;\" href=\"http:\/\/ideat.thegoodhub.com\/video\/video-dirk-jan-rol-designer-at-work\/\" target=\"blank\" rel=\"noopener noreferrer\" data-bgcolor=\"#7c7c7c\" data-color=\"#7c7c7c\"><span style=\"color: #7c7c7c;\">See the video<\/span><i class=\"to-button-icon fa fa fa-angle-right\"><\/i><\/a>[\/vc_column_text][\/vc_column][\/vc_row][vc_row][vc_column width=&#8221;1\/4&#8243;][\/vc_column][vc_column width=&#8221;3\/4&#8243;][vc_empty_space height=&#8221;19px&#8221;][vc_separator color=&#8221;black&#8221; el_width=&#8221;10&#8243;][vc_empty_space height=&#8221;19px&#8221;][\/vc_column][\/vc_row][vc_row txt_section_color=&#8221;dark&#8221; txt_section_align=&#8221;txt-left&#8221;][vc_column width=&#8221;1\/4&#8243;][\/vc_column][vc_column width=&#8221;3\/4&#8243;][vc_column_text]<\/p>\n<pre><strong><a href=\"https:\/\/disderot.com\/presse-2017\/\">Press clippings\u00a02017<\/a><\/strong><\/pre>\n<p>[\/vc_column_text][\/vc_column][\/vc_row]<\/p>\n<p><\/p>\n<\/div>","protected":false},"excerpt":{"rendered":"<p>[vc_row txt_section_align=&#8221;txt-center&#8221;][vc_column txt_column_align=&#8221;txt-center&#8221; delay=&#8221;0ms&#8221;][vc_empty_space height=&#8221;100px&#8221;][vc_separator el_width=&#8221;10&#8243;][vc_empty_space height=&#8221;40px&#8221;][\/vc_column][\/vc_row][vc_row][vc_column width=&#8221;1\/4&#8243;][vc_single_image image=&#8221;6330&#8243; style=&#8221;vc_box_border&#8221;][\/vc_column][vc_column width=&#8221;3\/4&#8243;][vc_column_text]ELLE D\u00c9CO NEWS &#8211; LUMI\u00c8RE R\u00c9FL\u00c9CHIE Elle D\u00e9coration septembre 2018[\/vc_column_text][vc_column_text][\/vc_column_text][\/vc_column][\/vc_row][vc_row][vc_column width=&#8221;1\/4&#8243;][\/vc_column][vc_column width=&#8221;3\/4&#8243;][vc_empty_space height=&#8221;19px&#8221;][vc_separator color=&#8221;black&#8221; el_width=&#8221;10&#8243;][vc_empty_space height=&#8221;19px&#8221;][\/vc_column][\/vc_row][vc_row][vc_column width=&#8221;1\/4&#8243;][vc_single_image image=&#8221;6178&#8243; style=&#8221;vc_box_border&#8221;][\/vc_column][vc_column width=&#8221;3\/4&#8243;][vc_column_text]DISDEROT RELANCE L\u2019EDITION DES MYTHIQUES LAMPES FLEURS DU DESIGNER OLIVIER MOURGUE AUTHENTIC DESIGN Juillet 2018[\/vc_column_text][vc_column_text][\/vc_column_text][vc_column_text]Read the article from authenticdesign.fr[\/vc_column_text][\/vc_column][\/vc_row][vc_row][vc_column width=&#8221;1\/4&#8243;][\/vc_column][vc_column width=&#8221;3\/4&#8243;][vc_empty_space height=&#8221;19px&#8221;][vc_separator color=&#8221;black&#8221; el_width=&#8221;10&#8243;][vc_empty_space height=&#8221;19px&#8221;][\/vc_column][\/vc_row][vc_row][vc_column width=&#8221;1\/4&#8243;][vc_single_image [&hellip;]<\/p>\n","protected":false},"author":1,"featured_media":0,"parent":0,"menu_order":0,"comment_status":"closed","ping_status":"closed","template":"","meta":{"_acf_changed":false,"_monsterinsights_skip_tracking":false,"_monsterinsights_sitenote_active":false,"_monsterinsights_sitenote_note":"","_monsterinsights_sitenote_category":0,"footnotes":""},"class_list":["post-6084","page","type-page","status-publish","hentry"],"acf":[],"yoast_head":"<!-- This site is optimized with the Yoast SEO plugin v27.2 - https:\/\/yoast.com\/product\/yoast-seo-wordpress\/ -->\n<title>Dans la Presse en 2018 - Disderot<\/title>\n<meta name=\"description\" content=\"Parce que Disderot perp\u00e9tue aujourd&#039;hui l&#039;esprit intemporel du design fran\u00e7ais iconique des ann\u00e9es 50 \u00e0 70 en les mettant en valeur des d\u00e9cennies apr\u00e8s leur cr\u00e9ation, ses produits ont \u00e9t\u00e9 \u00e9voqu\u00e9s par des magazines d\u00e9di\u00e9s au design fran\u00e7ais et international. Cette page regroupe les articles parus en 2018.\" \/>\n<meta name=\"robots\" content=\"index, follow, max-snippet:-1, max-image-preview:large, max-video-preview:-1\" \/>\n<link rel=\"canonical\" href=\"https:\/\/disderot.com\/en\/presse\/\" \/>\n<meta property=\"og:locale\" content=\"en_US\" \/>\n<meta property=\"og:type\" content=\"article\" \/>\n<meta property=\"og:title\" content=\"Dans la Presse en 2018 - Disderot\" \/>\n<meta property=\"og:description\" content=\"Parce que Disderot perp\u00e9tue aujourd&#039;hui l&#039;esprit intemporel du design fran\u00e7ais iconique des ann\u00e9es 50 \u00e0 70 en les mettant en valeur des d\u00e9cennies apr\u00e8s leur cr\u00e9ation, ses produits ont \u00e9t\u00e9 \u00e9voqu\u00e9s par des magazines d\u00e9di\u00e9s au design fran\u00e7ais et international. Cette page regroupe les articles parus en 2018.\" \/>\n<meta property=\"og:url\" content=\"https:\/\/disderot.com\/en\/presse\/\" \/>\n<meta property=\"og:site_name\" content=\"Disderot\" \/>\n<meta property=\"article:modified_time\" content=\"2020-10-07T07:55:08+00:00\" \/>\n<meta name=\"twitter:card\" content=\"summary_large_image\" \/>\n<meta name=\"twitter:site\" content=\"@disderot_now\" \/>\n<meta name=\"twitter:label1\" content=\"Est. reading time\" \/>\n\t<meta name=\"twitter:data1\" content=\"5 minutes\" \/>\n<script type=\"application\/ld+json\" class=\"yoast-schema-graph\">{\"@context\":\"https:\/\/schema.org\",\"@graph\":[{\"@type\":\"WebPage\",\"@id\":\"https:\/\/disderot.com\/en\/presse\/\",\"url\":\"https:\/\/disderot.com\/en\/presse\/\",\"name\":\"Dans la Presse en 2018 - Disderot\",\"isPartOf\":{\"@id\":\"https:\/\/disderot.com\/en\/#website\"},\"datePublished\":\"2018-02-09T17:12:26+00:00\",\"dateModified\":\"2020-10-07T07:55:08+00:00\",\"description\":\"Parce que Disderot perp\u00e9tue aujourd'hui l'esprit intemporel du design fran\u00e7ais iconique des ann\u00e9es 50 \u00e0 70 en les mettant en valeur des d\u00e9cennies apr\u00e8s leur cr\u00e9ation, ses produits ont \u00e9t\u00e9 \u00e9voqu\u00e9s par des magazines d\u00e9di\u00e9s au design fran\u00e7ais et international. Cette page regroupe les articles parus en 2018.\",\"breadcrumb\":{\"@id\":\"https:\/\/disderot.com\/en\/presse\/#breadcrumb\"},\"inLanguage\":\"en-US\",\"potentialAction\":[{\"@type\":\"ReadAction\",\"target\":[[\"https:\/\/disderot.com\/en\/presse\/\"]]}]},{\"@type\":\"BreadcrumbList\",\"@id\":\"https:\/\/disderot.com\/en\/presse\/#breadcrumb\",\"itemListElement\":[{\"@type\":\"ListItem\",\"position\":1,\"name\":\"Accueil\",\"item\":\"https:\/\/disderot.com\/en\/\"},{\"@type\":\"ListItem\",\"position\":2,\"name\":\"PRESSE 2018\"}]},{\"@type\":\"WebSite\",\"@id\":\"https:\/\/disderot.com\/en\/#website\",\"url\":\"https:\/\/disderot.com\/en\/\",\"name\":\"Disderot\",\"description\":\"Luminaires de collections\",\"inLanguage\":\"en-US\"}]}<\/script>\n<!-- \/ Yoast SEO plugin. -->","yoast_head_json":{"title":"Dans la Presse en 2018 - Disderot","description":"Parce que Disderot perp\u00e9tue aujourd'hui l'esprit intemporel du design fran\u00e7ais iconique des ann\u00e9es 50 \u00e0 70 en les mettant en valeur des d\u00e9cennies apr\u00e8s leur cr\u00e9ation, ses produits ont \u00e9t\u00e9 \u00e9voqu\u00e9s par des magazines d\u00e9di\u00e9s au design fran\u00e7ais et international. Cette page regroupe les articles parus en 2018.","robots":{"index":"index","follow":"follow","max-snippet":"max-snippet:-1","max-image-preview":"max-image-preview:large","max-video-preview":"max-video-preview:-1"},"canonical":"https:\/\/disderot.com\/en\/presse\/","og_locale":"en_US","og_type":"article","og_title":"Dans la Presse en 2018 - Disderot","og_description":"Parce que Disderot perp\u00e9tue aujourd'hui l'esprit intemporel du design fran\u00e7ais iconique des ann\u00e9es 50 \u00e0 70 en les mettant en valeur des d\u00e9cennies apr\u00e8s leur cr\u00e9ation, ses produits ont \u00e9t\u00e9 \u00e9voqu\u00e9s par des magazines d\u00e9di\u00e9s au design fran\u00e7ais et international. Cette page regroupe les articles parus en 2018.","og_url":"https:\/\/disderot.com\/en\/presse\/","og_site_name":"Disderot","article_modified_time":"2020-10-07T07:55:08+00:00","twitter_card":"summary_large_image","twitter_site":"@disderot_now","twitter_misc":{"Est. reading time":"5 minutes"},"schema":{"@context":"https:\/\/schema.org","@graph":[{"@type":"WebPage","@id":"https:\/\/disderot.com\/en\/presse\/","url":"https:\/\/disderot.com\/en\/presse\/","name":"Dans la Presse en 2018 - Disderot","isPartOf":{"@id":"https:\/\/disderot.com\/en\/#website"},"datePublished":"2018-02-09T17:12:26+00:00","dateModified":"2020-10-07T07:55:08+00:00","description":"Parce que Disderot perp\u00e9tue aujourd'hui l'esprit intemporel du design fran\u00e7ais iconique des ann\u00e9es 50 \u00e0 70 en les mettant en valeur des d\u00e9cennies apr\u00e8s leur cr\u00e9ation, ses produits ont \u00e9t\u00e9 \u00e9voqu\u00e9s par des magazines d\u00e9di\u00e9s au design fran\u00e7ais et international. Cette page regroupe les articles parus en 2018.","breadcrumb":{"@id":"https:\/\/disderot.com\/en\/presse\/#breadcrumb"},"inLanguage":"en-US","potentialAction":[{"@type":"ReadAction","target":[["https:\/\/disderot.com\/en\/presse\/"]]}]},{"@type":"BreadcrumbList","@id":"https:\/\/disderot.com\/en\/presse\/#breadcrumb","itemListElement":[{"@type":"ListItem","position":1,"name":"Accueil","item":"https:\/\/disderot.com\/en\/"},{"@type":"ListItem","position":2,"name":"PRESSE 2018"}]},{"@type":"WebSite","@id":"https:\/\/disderot.com\/en\/#website","url":"https:\/\/disderot.com\/en\/","name":"Disderot","description":"Luminaires de collections","inLanguage":"en-US"}]}},"_links":{"self":[{"href":"https:\/\/disderot.com\/en\/wp-json\/wp\/v2\/pages\/6084","targetHints":{"allow":["GET"]}}],"collection":[{"href":"https:\/\/disderot.com\/en\/wp-json\/wp\/v2\/pages"}],"about":[{"href":"https:\/\/disderot.com\/en\/wp-json\/wp\/v2\/types\/page"}],"author":[{"embeddable":true,"href":"https:\/\/disderot.com\/en\/wp-json\/wp\/v2\/users\/1"}],"replies":[{"embeddable":true,"href":"https:\/\/disderot.com\/en\/wp-json\/wp\/v2\/comments?post=6084"}],"version-history":[{"count":73,"href":"https:\/\/disderot.com\/en\/wp-json\/wp\/v2\/pages\/6084\/revisions"}],"predecessor-version":[{"id":7378,"href":"https:\/\/disderot.com\/en\/wp-json\/wp\/v2\/pages\/6084\/revisions\/7378"}],"wp:attachment":[{"href":"https:\/\/disderot.com\/en\/wp-json\/wp\/v2\/media?parent=6084"}],"curies":[{"name":"wp","href":"https:\/\/api.w.org\/{rel}","templated":true}]}}