{"id":5663,"date":"2017-08-29T17:49:05","date_gmt":"2017-08-29T17:49:05","guid":{"rendered":"https:\/\/disderot.com\/?page_id=5663"},"modified":"2018-10-09T12:06:01","modified_gmt":"2018-10-09T12:06:01","slug":"mentions-legales","status":"publish","type":"page","link":"https:\/\/disderot.com\/en\/mentions-legales\/","title":{"rendered":"Legal information"},"content":{"rendered":"<div class=\"wpb-content-wrapper\"><p>[vc_row parallax=&#8221;&#8221; parallax_image=&#8221;&#8221;][vc_column width=&#8221;1\/4&#8243;][\/vc_column][vc_column width=&#8221;3\/4&#8243;][vc_column_text]<strong><br \/>\nThe site www.disderot.com that you are currently viewing is the property of:<\/strong><\/p>\n<p><strong>DISDEROT\u2028<\/strong><br \/>\nPassage Saint Paul<br \/>\n75004 Paris &#8211; FRANCE<\/p>\n<p>Telephone : + 33 (0)1 44 78 94 01<br \/>\nEmail : <a href=\"mailto:contact@disderot.fr\">contact@disderot.fr<\/a><\/p>\n<p><strong>This site is hosted by the company<br \/>\n<\/strong>Digital Ocean<br \/>\n101 Avenue of the Americas<br \/>\nNew York 10013<br \/>\nUnited States of America<\/p>\n<p><em>The server containing the data of the site is located in Amsterdam (European Union).<\/em><\/p>\n<p><strong>Director of the publication<\/strong><br \/>\nStephan Clout<\/p>\n<p><strong>Copyright<br \/>\n<\/strong><br \/>\nCopyright \u00a9 Disderot applies to the whole content of www.disderot.com website.<br \/>\nCopyright \u00a9 ADAGP Paris 2017 applies to all images representing Michel Mortier on the site www.disderot.com.<\/p>\n<p><strong>Personal Data<\/strong><\/p>\n<p>In certain circumstances, you may be asked to fill out a form, either to receive additional information or to access to our services.<br \/>\nThese forms require from the users to provide a minimum of contact informations.<br \/>\nThose informations are necessary to provide the services and will only be used in connection with the activities of Disderot.<br \/>\nAll information will be kept confidential and will be used only internally.<\/p>\n<p>In accordance with the law n \u00b0 78-17 of January 6, 1978 &#8220;Informatique et Libert\u00e9s&#8221;, you have a right to access and rectify data concerned by you by contacting Disderot at the following address: <a href=\"mailto:contact@disderot.fr\">contact@disderot.fr<\/a><\/p>\n<p><strong>Intellectual property <\/strong><\/p>\n<p>L.122-4 of the Intellectual Property Code Access to the www.disderot.fr website gives you a private and non-exclusive right to use This site. All the elements published on this site, including texts, photographs, infographies, logos, plans &#8230; constituting works within the meaning of the intellectual property code.<br \/>\nConsequently, any representation or reproduction, in whole or in part, which may be made without the consent of the authors or their successors in title, is unlawful. Failure to comply with these prohibitions is likely to constitute an act of infringement involving the civil and criminal liability of any offender.<\/p>\n<p><strong>Site availability<\/strong><\/p>\n<p>Disderot is committed to making its best efforts to ensure that users have access to the site at all times.<br \/>\nDisderot can not be held responsible, in case of unavailability of the site, for any reason whatsoever.<\/p>\n<p><strong>Links to other sites<\/strong><\/p>\n<p>Disderot offers on its site www.disderot.com links to third-party sites. These links are established in agreement with the sites concerned at a time when Disderot may have considered it appropriate to do so, given the contents and services of these sites.<\/p>\n<p>Disderot can not be held responsible for the content of these sites and the use that may be made by the users.[\/vc_column_text][\/vc_column][\/vc_row]<\/p>\n<\/div>","protected":false},"excerpt":{"rendered":"<p>[vc_row parallax=&#8221;&#8221; parallax_image=&#8221;&#8221;][vc_column width=&#8221;1\/4&#8243;][\/vc_column][vc_column width=&#8221;3\/4&#8243;][vc_column_text] The site www.disderot.com that you are currently viewing is the property of: DISDEROT\u2028 Passage Saint Paul 75004 Paris &#8211; FRANCE Telephone : + 33 (0)1 44 78 94 01 Email : contact@disderot.fr This site is hosted by the company Digital Ocean 101 Avenue of the Americas New York 10013 United [&hellip;]<\/p>\n","protected":false},"author":1,"featured_media":0,"parent":0,"menu_order":0,"comment_status":"closed","ping_status":"closed","template":"","meta":{"_acf_changed":false,"_monsterinsights_skip_tracking":false,"_monsterinsights_sitenote_active":false,"_monsterinsights_sitenote_note":"","_monsterinsights_sitenote_category":0,"footnotes":""},"class_list":["post-5663","page","type-page","status-publish","hentry"],"acf":[],"yoast_head":"<!-- This site is optimized with the Yoast SEO plugin v27.2 - https:\/\/yoast.com\/product\/yoast-seo-wordpress\/ -->\n<title>Legal information - Disderot<\/title>\n<meta name=\"description\" content=\"Le site disderot.com que vous consultez actuellement est la propri\u00e9t\u00e9 de : Disderot, Passage Saint Paul 75004 Paris - FRANCE. Pour contacter l&#039;administration de ce site, \u00e9crire \u00e0 contact@disderot.fr\" \/>\n<meta name=\"robots\" content=\"index, follow, max-snippet:-1, max-image-preview:large, max-video-preview:-1\" \/>\n<link rel=\"canonical\" href=\"https:\/\/disderot.com\/en\/mentions-legales\/\" \/>\n<meta property=\"og:locale\" content=\"en_US\" \/>\n<meta property=\"og:type\" content=\"article\" \/>\n<meta property=\"og:title\" content=\"Legal information - Disderot\" \/>\n<meta property=\"og:description\" content=\"Le site disderot.com que vous consultez actuellement est la propri\u00e9t\u00e9 de : Disderot, Passage Saint Paul 75004 Paris - FRANCE. Pour contacter l&#039;administration de ce site, \u00e9crire \u00e0 contact@disderot.fr\" \/>\n<meta property=\"og:url\" content=\"https:\/\/disderot.com\/en\/mentions-legales\/\" \/>\n<meta property=\"og:site_name\" content=\"Disderot\" \/>\n<meta property=\"article:modified_time\" content=\"2018-10-09T12:06:01+00:00\" \/>\n<meta name=\"twitter:card\" content=\"summary_large_image\" \/>\n<meta name=\"twitter:site\" content=\"@disderot_now\" \/>\n<meta name=\"twitter:label1\" content=\"Est. reading time\" \/>\n\t<meta name=\"twitter:data1\" content=\"5 minutes\" \/>\n<script type=\"application\/ld+json\" class=\"yoast-schema-graph\">{\"@context\":\"https:\/\/schema.org\",\"@graph\":[{\"@type\":\"WebPage\",\"@id\":\"https:\/\/disderot.com\/en\/mentions-legales\/\",\"url\":\"https:\/\/disderot.com\/en\/mentions-legales\/\",\"name\":\"Legal information - Disderot\",\"isPartOf\":{\"@id\":\"https:\/\/disderot.com\/en\/#website\"},\"datePublished\":\"2017-08-29T17:49:05+00:00\",\"dateModified\":\"2018-10-09T12:06:01+00:00\",\"description\":\"Le site disderot.com que vous consultez actuellement est la propri\u00e9t\u00e9 de : Disderot, Passage Saint Paul 75004 Paris - FRANCE. Pour contacter l'administration de ce site, \u00e9crire \u00e0 contact@disderot.fr\",\"breadcrumb\":{\"@id\":\"https:\/\/disderot.com\/en\/mentions-legales\/#breadcrumb\"},\"inLanguage\":\"en-US\",\"potentialAction\":[{\"@type\":\"ReadAction\",\"target\":[[\"https:\/\/disderot.com\/en\/mentions-legales\/\"]]}]},{\"@type\":\"BreadcrumbList\",\"@id\":\"https:\/\/disderot.com\/en\/mentions-legales\/#breadcrumb\",\"itemListElement\":[{\"@type\":\"ListItem\",\"position\":1,\"name\":\"Accueil\",\"item\":\"https:\/\/disderot.com\/en\/\"},{\"@type\":\"ListItem\",\"position\":2,\"name\":\"Mentions l\u00e9gales\"}]},{\"@type\":\"WebSite\",\"@id\":\"https:\/\/disderot.com\/en\/#website\",\"url\":\"https:\/\/disderot.com\/en\/\",\"name\":\"Disderot\",\"description\":\"Luminaires de collections\",\"inLanguage\":\"en-US\"}]}<\/script>\n<!-- \/ Yoast SEO plugin. -->","yoast_head_json":{"title":"Legal information - Disderot","description":"Le site disderot.com que vous consultez actuellement est la propri\u00e9t\u00e9 de : Disderot, Passage Saint Paul 75004 Paris - FRANCE. Pour contacter l'administration de ce site, \u00e9crire \u00e0 contact@disderot.fr","robots":{"index":"index","follow":"follow","max-snippet":"max-snippet:-1","max-image-preview":"max-image-preview:large","max-video-preview":"max-video-preview:-1"},"canonical":"https:\/\/disderot.com\/en\/mentions-legales\/","og_locale":"en_US","og_type":"article","og_title":"Legal information - Disderot","og_description":"Le site disderot.com que vous consultez actuellement est la propri\u00e9t\u00e9 de : Disderot, Passage Saint Paul 75004 Paris - FRANCE. Pour contacter l'administration de ce site, \u00e9crire \u00e0 contact@disderot.fr","og_url":"https:\/\/disderot.com\/en\/mentions-legales\/","og_site_name":"Disderot","article_modified_time":"2018-10-09T12:06:01+00:00","twitter_card":"summary_large_image","twitter_site":"@disderot_now","twitter_misc":{"Est. reading time":"5 minutes"},"schema":{"@context":"https:\/\/schema.org","@graph":[{"@type":"WebPage","@id":"https:\/\/disderot.com\/en\/mentions-legales\/","url":"https:\/\/disderot.com\/en\/mentions-legales\/","name":"Legal information - Disderot","isPartOf":{"@id":"https:\/\/disderot.com\/en\/#website"},"datePublished":"2017-08-29T17:49:05+00:00","dateModified":"2018-10-09T12:06:01+00:00","description":"Le site disderot.com que vous consultez actuellement est la propri\u00e9t\u00e9 de : Disderot, Passage Saint Paul 75004 Paris - FRANCE. Pour contacter l'administration de ce site, \u00e9crire \u00e0 contact@disderot.fr","breadcrumb":{"@id":"https:\/\/disderot.com\/en\/mentions-legales\/#breadcrumb"},"inLanguage":"en-US","potentialAction":[{"@type":"ReadAction","target":[["https:\/\/disderot.com\/en\/mentions-legales\/"]]}]},{"@type":"BreadcrumbList","@id":"https:\/\/disderot.com\/en\/mentions-legales\/#breadcrumb","itemListElement":[{"@type":"ListItem","position":1,"name":"Accueil","item":"https:\/\/disderot.com\/en\/"},{"@type":"ListItem","position":2,"name":"Mentions l\u00e9gales"}]},{"@type":"WebSite","@id":"https:\/\/disderot.com\/en\/#website","url":"https:\/\/disderot.com\/en\/","name":"Disderot","description":"Luminaires de collections","inLanguage":"en-US"}]}},"_links":{"self":[{"href":"https:\/\/disderot.com\/en\/wp-json\/wp\/v2\/pages\/5663","targetHints":{"allow":["GET"]}}],"collection":[{"href":"https:\/\/disderot.com\/en\/wp-json\/wp\/v2\/pages"}],"about":[{"href":"https:\/\/disderot.com\/en\/wp-json\/wp\/v2\/types\/page"}],"author":[{"embeddable":true,"href":"https:\/\/disderot.com\/en\/wp-json\/wp\/v2\/users\/1"}],"replies":[{"embeddable":true,"href":"https:\/\/disderot.com\/en\/wp-json\/wp\/v2\/comments?post=5663"}],"version-history":[{"count":22,"href":"https:\/\/disderot.com\/en\/wp-json\/wp\/v2\/pages\/5663\/revisions"}],"predecessor-version":[{"id":6376,"href":"https:\/\/disderot.com\/en\/wp-json\/wp\/v2\/pages\/5663\/revisions\/6376"}],"wp:attachment":[{"href":"https:\/\/disderot.com\/en\/wp-json\/wp\/v2\/media?parent=5663"}],"curies":[{"name":"wp","href":"https:\/\/api.w.org\/{rel}","templated":true}]}}