{"id":5602,"date":"2017-08-28T15:31:42","date_gmt":"2017-08-28T15:31:42","guid":{"rendered":"https:\/\/disderot.com\/?page_id=5602"},"modified":"2020-07-21T13:10:46","modified_gmt":"2020-07-21T13:10:46","slug":"pierre-paulin","status":"publish","type":"page","link":"https:\/\/disderot.com\/en\/pierre-paulin\/","title":{"rendered":"Pierre Paulin"},"content":{"rendered":"<div class=\"wpb-content-wrapper\"><p>[vc_row wrap_container=&#8221;yes&#8221; txt_section_align=&#8221;txt-center&#8221;][vc_column txt_column_align=&#8221;txt-center&#8221; delay=&#8221;0ms&#8221;][vc_empty_space height=&#8221;100px&#8221;]<div class=\"porto-u-heading  wpb_custom_95aa9a11c17ad45cfabaf210d84ee7cc porto-u-55ca8359258f9a412be7e73af65d2aac \"><div class=\"porto-u-main-heading\"><h5  >DESIGNER<\/h5><\/div><style>.porto-u-55ca8359258f9a412be7e73af65d2aac.porto-u-heading{text-align:center}<\/style><\/div>[vc_separator el_width=&#8221;10&#8243;]<div class=\"porto-u-heading  wpb_custom_95aa9a11c17ad45cfabaf210d84ee7cc porto-u-55ca8359258f9a412be7e73af65d2aac \"><div class=\"porto-u-main-heading\"><h2  >PIERRE PAULIN<\/h2><\/div><div class=\"porto-u-sub-heading\" style=\"\">If Pierre Paulin is undoubtedly the best known French designer of his generation, it is not without reasons. Many fairies looked at his youth: an aerodynamic engineer uncle and another stone sculptor, studies of interior architecture in the future Camondo school and ceramics in Vallauris, two masters, Maxime Old and Marcel Gascoin and finally the early discovery of Scandinavian and American design and lifestyles. A perfect cocktail that brings creativity and rigor, knowledge of the past and the contemporary, sense of volumes and space, the taste for technique and proportion sens.<\/div><style>.porto-u-55ca8359258f9a412be7e73af65d2aac.porto-u-heading{text-align:center}<\/style><\/div>[vc_row_inner][vc_column_inner width=&#8221;1\/3&#8243;][vc_single_image image=&#8221;5432&#8243; img_size=&#8221;medium&#8221; alignment=&#8221;center&#8221; style=&#8221;vc_box_circle&#8221;][\/vc_column_inner][vc_column_inner width=&#8221;2\/3&#8243;][vc_column_text]<div class=\"to-pull-quote left to-pull-quote-border\" style=\"width:40%;\"><\/p>\n<p style=\"text-align: center;\"><strong>Pierre Paulin<br \/>\n<\/strong>1927-2009<\/p>\n<p><\/div>[\/vc_column_text][vc_column_text]<\/p>\n<p style=\"text-align: left;\">Thanks to the influence of Marcel Gascoin, Pierre Paulin turns very quickly to the standard furniture for the greatest number. His first wood creations opened the doors of one of the first industrial furniture, Thonet for whom he invents a full range of desks, chairs and coffee tables in metal. This experience led him to the artistic direction of Artifort, the Dutch brand for which he created some of the most famous seats of the century such as the 560 called Mushroom or the Ribbon Chair, the 582. This collection of incredible armchairs for Artifort brings him an international notoriety that is not for nothing in the choice of the Pompidous\u2019couple who asks him to remake their private apartments of the Elysee. He adapts his research on textiles and three-dimensional structures to separate himself from classified walls and designs a perfectly coherent, elegant and modern whole made of lights and soft and warm colors, which radiating comfort. This is his most publicized project but many others follow. Alone or in partnership with other creators of his generation, he participated in the organization of LA Maison de La Radio, to the re organization of the Louvre Museum rooms , the office of Fran\u00e7ois Mitterrand or the Constitutional Council.<\/p>\n<p style=\"text-align: left;\">He founded with his wife Ma\u00efa one of the first French global design agencies and can be considered, as such, one of the leading French industrial designers.<\/p>\n<p style=\"text-align: left;\">Although he is best known for his chairs, Pierre Paulin has also designed very modern lighting throughout his career, always sober, elegant and perfectly functional. This is what Disderot wants to show by republishing some of his most interesting models.<\/p>\n<p>[\/vc_column_text][\/vc_column_inner][\/vc_row_inner][vc_empty_space height=&#8221;60px&#8221;][\/vc_column][\/vc_row][vc_row wrap_container=&#8221;yes&#8221;][vc_column txt_column_align=&#8221;txt-center&#8221; delay=&#8221;0ms&#8221;]<div class=\"porto-u-heading  wpb_custom_95aa9a11c17ad45cfabaf210d84ee7cc porto-u-55ca8359258f9a412be7e73af65d2aac \"><div class=\"porto-u-main-heading\"><h5  >PIERRE PAULIN<\/h5><\/div><style>.porto-u-55ca8359258f9a412be7e73af65d2aac.porto-u-heading{text-align:center}<\/style><\/div>[vc_separator el_width=&#8221;10&#8243;]<div class=\"porto-u-heading  wpb_custom_95aa9a11c17ad45cfabaf210d84ee7cc porto-u-55ca8359258f9a412be7e73af65d2aac \"><div class=\"porto-u-main-heading\"><h2  >WALL LAMP<br \/>\n6135PM &amp; 6135GM<\/h2><\/div><style>.porto-u-55ca8359258f9a412be7e73af65d2aac.porto-u-heading{text-align:center}<\/style><\/div>[vc_row_inner][vc_column_inner width=&#8221;1\/2&#8243;][vc_single_image image=&#8221;6894&#8243; img_size=&#8221;large&#8221; alignment=&#8221;center&#8221;][vc_column_text]<\/p>\n<p style=\"text-align: left;\"><strong>6135PM WALL LAMP<\/strong><\/p>\n<p style=\"text-align: right;\"><a class='to-button tiny standard square to-button-border to-icon-anim' style='color: #7c7c7c; background: none !important; border-color: #7c7c7c;' href='https:\/\/disderot.com\/en\/produit\/applique-6135-pm-pierre-paulin-edition-disderot\/' target='_self'><span style='color: #7c7c7c;'>Find out more<\/span><\/a><\/p>\n<p>[\/vc_column_text][\/vc_column_inner][vc_column_inner width=&#8221;1\/2&#8243;][vc_single_image image=&#8221;6907&#8243; img_size=&#8221;large&#8221; onclick=&#8221;custom_link&#8221;][vc_column_text]<\/p>\n<p style=\"text-align: left;\"><strong>6135GM WALL LAMP<\/strong><\/p>\n<p style=\"text-align: right;\"><a class='to-button tiny standard square to-button-border to-icon-anim' style='color: #7c7c7c; background: none !important; border-color: #7c7c7c;' href='https:\/\/disderot.com\/en\/produit\/applique-6135-gm-pierre-paulin\/' target='_self'><span style='color: #7c7c7c;'>Find out more<\/span><\/a><\/p>\n<p>[\/vc_column_text][\/vc_column_inner][\/vc_row_inner][\/vc_column][\/vc_row]<\/p>\n<\/div>","protected":false},"excerpt":{"rendered":"<p>[vc_row wrap_container=&#8221;yes&#8221; txt_section_align=&#8221;txt-center&#8221;][vc_column txt_column_align=&#8221;txt-center&#8221; delay=&#8221;0ms&#8221;][vc_empty_space height=&#8221;100px&#8221;][vc_separator el_width=&#8221;10&#8243;][vc_row_inner][vc_column_inner width=&#8221;1\/3&#8243;][vc_single_image image=&#8221;5432&#8243; img_size=&#8221;medium&#8221; alignment=&#8221;center&#8221; style=&#8221;vc_box_circle&#8221;][\/vc_column_inner][vc_column_inner width=&#8221;2\/3&#8243;][vc_column_text][\/vc_column_text][vc_column_text] Thanks to the influence of Marcel Gascoin, Pierre Paulin turns very quickly to the standard furniture for the greatest number. His first wood creations opened the doors of one of the first industrial furniture, Thonet for whom he invents a full range [&hellip;]<\/p>\n","protected":false},"author":1,"featured_media":0,"parent":0,"menu_order":0,"comment_status":"closed","ping_status":"closed","template":"","meta":{"_acf_changed":false,"_monsterinsights_skip_tracking":false,"_monsterinsights_sitenote_active":false,"_monsterinsights_sitenote_note":"","_monsterinsights_sitenote_category":0,"footnotes":""},"class_list":["post-5602","page","type-page","status-publish","hentry"],"acf":[],"yoast_head":"<!-- This site is optimized with the Yoast SEO plugin v27.2 - https:\/\/yoast.com\/product\/yoast-seo-wordpress\/ -->\n<title>Pierre Paulin - Disderot<\/title>\n<meta name=\"description\" content=\"Si Pierre Paulin est sans doute le designer fran\u00e7ais le plus connu de sa g\u00e9n\u00e9ration, ce n\u2019est pas sans raisons. De grands ma\u00eetres issus de nombreux domaines et la d\u00e9couverte tr\u00e8s t\u00f4t du design et des modes de vie scandinaves et am\u00e9ricains forment un cocktail parfait qui lui apportent la sublime cr\u00e9ativit\u00e9 d&#039;un design\" \/>\n<meta name=\"robots\" content=\"index, follow, max-snippet:-1, max-image-preview:large, max-video-preview:-1\" \/>\n<link rel=\"canonical\" href=\"https:\/\/disderot.com\/en\/pierre-paulin\/\" \/>\n<meta property=\"og:locale\" content=\"en_US\" \/>\n<meta property=\"og:type\" content=\"article\" \/>\n<meta property=\"og:title\" content=\"Pierre Paulin - Disderot\" \/>\n<meta property=\"og:description\" content=\"Si Pierre Paulin est sans doute le designer fran\u00e7ais le plus connu de sa g\u00e9n\u00e9ration, ce n\u2019est pas sans raisons. De grands ma\u00eetres issus de nombreux domaines et la d\u00e9couverte tr\u00e8s t\u00f4t du design et des modes de vie scandinaves et am\u00e9ricains forment un cocktail parfait qui lui apportent la sublime cr\u00e9ativit\u00e9 d&#039;un design\" \/>\n<meta property=\"og:url\" content=\"https:\/\/disderot.com\/en\/pierre-paulin\/\" \/>\n<meta property=\"og:site_name\" content=\"Disderot\" \/>\n<meta property=\"article:modified_time\" content=\"2020-07-21T13:10:46+00:00\" \/>\n<meta name=\"twitter:card\" content=\"summary_large_image\" \/>\n<meta name=\"twitter:site\" content=\"@disderot_now\" \/>\n<meta name=\"twitter:label1\" content=\"Est. reading time\" \/>\n\t<meta name=\"twitter:data1\" content=\"7 minutes\" \/>\n<script type=\"application\/ld+json\" class=\"yoast-schema-graph\">{\"@context\":\"https:\/\/schema.org\",\"@graph\":[{\"@type\":\"WebPage\",\"@id\":\"https:\/\/disderot.com\/en\/pierre-paulin\/\",\"url\":\"https:\/\/disderot.com\/en\/pierre-paulin\/\",\"name\":\"Pierre Paulin - Disderot\",\"isPartOf\":{\"@id\":\"https:\/\/disderot.com\/en\/#website\"},\"datePublished\":\"2017-08-28T15:31:42+00:00\",\"dateModified\":\"2020-07-21T13:10:46+00:00\",\"description\":\"Si Pierre Paulin est sans doute le designer fran\u00e7ais le plus connu de sa g\u00e9n\u00e9ration, ce n\u2019est pas sans raisons. De grands ma\u00eetres issus de nombreux domaines et la d\u00e9couverte tr\u00e8s t\u00f4t du design et des modes de vie scandinaves et am\u00e9ricains forment un cocktail parfait qui lui apportent la sublime cr\u00e9ativit\u00e9 d'un design\",\"breadcrumb\":{\"@id\":\"https:\/\/disderot.com\/en\/pierre-paulin\/#breadcrumb\"},\"inLanguage\":\"en-US\",\"potentialAction\":[{\"@type\":\"ReadAction\",\"target\":[[\"https:\/\/disderot.com\/en\/pierre-paulin\/\"]]}]},{\"@type\":\"BreadcrumbList\",\"@id\":\"https:\/\/disderot.com\/en\/pierre-paulin\/#breadcrumb\",\"itemListElement\":[{\"@type\":\"ListItem\",\"position\":1,\"name\":\"Accueil\",\"item\":\"https:\/\/disderot.com\/en\/\"},{\"@type\":\"ListItem\",\"position\":2,\"name\":\"Pierre Paulin\"}]},{\"@type\":\"WebSite\",\"@id\":\"https:\/\/disderot.com\/en\/#website\",\"url\":\"https:\/\/disderot.com\/en\/\",\"name\":\"Disderot\",\"description\":\"Luminaires de collections\",\"inLanguage\":\"en-US\"}]}<\/script>\n<!-- \/ Yoast SEO plugin. -->","yoast_head_json":{"title":"Pierre Paulin - Disderot","description":"Si Pierre Paulin est sans doute le designer fran\u00e7ais le plus connu de sa g\u00e9n\u00e9ration, ce n\u2019est pas sans raisons. De grands ma\u00eetres issus de nombreux domaines et la d\u00e9couverte tr\u00e8s t\u00f4t du design et des modes de vie scandinaves et am\u00e9ricains forment un cocktail parfait qui lui apportent la sublime cr\u00e9ativit\u00e9 d'un design","robots":{"index":"index","follow":"follow","max-snippet":"max-snippet:-1","max-image-preview":"max-image-preview:large","max-video-preview":"max-video-preview:-1"},"canonical":"https:\/\/disderot.com\/en\/pierre-paulin\/","og_locale":"en_US","og_type":"article","og_title":"Pierre Paulin - Disderot","og_description":"Si Pierre Paulin est sans doute le designer fran\u00e7ais le plus connu de sa g\u00e9n\u00e9ration, ce n\u2019est pas sans raisons. De grands ma\u00eetres issus de nombreux domaines et la d\u00e9couverte tr\u00e8s t\u00f4t du design et des modes de vie scandinaves et am\u00e9ricains forment un cocktail parfait qui lui apportent la sublime cr\u00e9ativit\u00e9 d'un design","og_url":"https:\/\/disderot.com\/en\/pierre-paulin\/","og_site_name":"Disderot","article_modified_time":"2020-07-21T13:10:46+00:00","twitter_card":"summary_large_image","twitter_site":"@disderot_now","twitter_misc":{"Est. reading time":"7 minutes"},"schema":{"@context":"https:\/\/schema.org","@graph":[{"@type":"WebPage","@id":"https:\/\/disderot.com\/en\/pierre-paulin\/","url":"https:\/\/disderot.com\/en\/pierre-paulin\/","name":"Pierre Paulin - Disderot","isPartOf":{"@id":"https:\/\/disderot.com\/en\/#website"},"datePublished":"2017-08-28T15:31:42+00:00","dateModified":"2020-07-21T13:10:46+00:00","description":"Si Pierre Paulin est sans doute le designer fran\u00e7ais le plus connu de sa g\u00e9n\u00e9ration, ce n\u2019est pas sans raisons. De grands ma\u00eetres issus de nombreux domaines et la d\u00e9couverte tr\u00e8s t\u00f4t du design et des modes de vie scandinaves et am\u00e9ricains forment un cocktail parfait qui lui apportent la sublime cr\u00e9ativit\u00e9 d'un design","breadcrumb":{"@id":"https:\/\/disderot.com\/en\/pierre-paulin\/#breadcrumb"},"inLanguage":"en-US","potentialAction":[{"@type":"ReadAction","target":[["https:\/\/disderot.com\/en\/pierre-paulin\/"]]}]},{"@type":"BreadcrumbList","@id":"https:\/\/disderot.com\/en\/pierre-paulin\/#breadcrumb","itemListElement":[{"@type":"ListItem","position":1,"name":"Accueil","item":"https:\/\/disderot.com\/en\/"},{"@type":"ListItem","position":2,"name":"Pierre Paulin"}]},{"@type":"WebSite","@id":"https:\/\/disderot.com\/en\/#website","url":"https:\/\/disderot.com\/en\/","name":"Disderot","description":"Luminaires de collections","inLanguage":"en-US"}]}},"_links":{"self":[{"href":"https:\/\/disderot.com\/en\/wp-json\/wp\/v2\/pages\/5602","targetHints":{"allow":["GET"]}}],"collection":[{"href":"https:\/\/disderot.com\/en\/wp-json\/wp\/v2\/pages"}],"about":[{"href":"https:\/\/disderot.com\/en\/wp-json\/wp\/v2\/types\/page"}],"author":[{"embeddable":true,"href":"https:\/\/disderot.com\/en\/wp-json\/wp\/v2\/users\/1"}],"replies":[{"embeddable":true,"href":"https:\/\/disderot.com\/en\/wp-json\/wp\/v2\/comments?post=5602"}],"version-history":[{"count":20,"href":"https:\/\/disderot.com\/en\/wp-json\/wp\/v2\/pages\/5602\/revisions"}],"predecessor-version":[{"id":7232,"href":"https:\/\/disderot.com\/en\/wp-json\/wp\/v2\/pages\/5602\/revisions\/7232"}],"wp:attachment":[{"href":"https:\/\/disderot.com\/en\/wp-json\/wp\/v2\/media?parent=5602"}],"curies":[{"name":"wp","href":"https:\/\/api.w.org\/{rel}","templated":true}]}}