{"id":5597,"date":"2017-08-28T15:24:02","date_gmt":"2017-08-28T15:24:02","guid":{"rendered":"https:\/\/disderot.com\/?page_id=5597"},"modified":"2022-01-31T15:46:46","modified_gmt":"2022-01-31T15:46:46","slug":"roger-fatus","status":"publish","type":"page","link":"https:\/\/disderot.com\/en\/roger-fatus\/","title":{"rendered":"Roger Fatus"},"content":{"rendered":"<div class=\"wpb-content-wrapper\"><p>[vc_row wrap_container=&#8221;yes&#8221; txt_section_align=&#8221;txt-center&#8221;][vc_column txt_column_align=&#8221;txt-center&#8221; delay=&#8221;0ms&#8221;][vc_empty_space height=&#8221;100px&#8221;]<div class=\"porto-u-heading  wpb_custom_95aa9a11c17ad45cfabaf210d84ee7cc porto-u-55ca8359258f9a412be7e73af65d2aac \"><div class=\"porto-u-main-heading\"><h5  >DESIGNER<\/h5><\/div><style>.porto-u-55ca8359258f9a412be7e73af65d2aac.porto-u-heading{text-align:center}<\/style><\/div>[vc_separator el_width=&#8221;10&#8243;]<div class=\"porto-u-heading  wpb_custom_95aa9a11c17ad45cfabaf210d84ee7cc porto-u-55ca8359258f9a412be7e73af65d2aac \"><div class=\"porto-u-main-heading\"><h2  >ROGER FATUS<\/h2><\/div><div class=\"porto-u-sub-heading\" style=\"\">Roger Fatus was born in 1926. After trying law studies in Lille, he turned to the School of Beaux-ARTs \/in his hometown, Tourcoing, much closer to his concerns. He then studied at the Ecole Nationale Sup\u00e9rieure des Arts D\u00e9coratifs in Paris from which he graduated in 1953. After two years of work in a design office, he joined the agency of Jacques Dumond, talented decorator with modern elegance and the high customer keen of of luxurious large public projects. He is joined by his friend Dirk Jan Rol, whom he met at ENSAD. The agency Jacques Dumond is for many young graduates including Roger Fatus, a school of rigor and a real springboard.<\/div><style>.porto-u-55ca8359258f9a412be7e73af65d2aac.porto-u-heading{text-align:center}<\/style><\/div>[vc_row_inner][vc_column_inner width=&#8221;1\/3&#8243;][vc_single_image image=&#8221;5374&#8243; img_size=&#8221;medium&#8221; alignment=&#8221;center&#8221; style=&#8221;vc_box_circle&#8221;][\/vc_column_inner][vc_column_inner width=&#8221;2\/3&#8243;][vc_column_text]<div class=\"to-pull-quote left to-pull-quote-border\" style=\"width:40%;\"><\/p>\n<p style=\"text-align: center;\"><strong>Roger Fatus<br \/>\n<\/strong>1926<\/p>\n<p><\/div>[\/vc_column_text][vc_column_text]<\/p>\n<p style=\"text-align: left;\">At the instigation of Jacques Dumond, Fatus exhibited at the Salon des Artistes D\u00e9corateurs in 1956, then at the universel Fair in Brussels in 1958, and participated in the equipment of an witness apartment of the architect Pierre Vago in the one of the most innovative urban planning projects of its time, Interbau (a residential district in West Berlin).<\/p>\n<p style=\"text-align: left;\">His career is launched. He opens his agency Rue Madame in Paris and develops different types of projects: private apartments, community development, children&#8217;s furniture edition etc.<br \/>\nHe assisted the development of the tertiary sector in France during the Thirty Glorious and worked for Thomson&#8217;s head office, Path\u00e9 Marconi stores or Fnac. his elegant, functional and rigorous design appeals both large hotel chains than the first Louison Bobet thalassotherapy institute in Quiberon.<\/p>\n<p style=\"text-align: left;\">In 1967 the Mobilier National commissioned him to study a conference table. Realized in the ARC workshops, the Grand Prix du Meuble will be awarded in 1968.<br \/>\nHe works regularly with his brother Marc Fatus architect, and his creations are published at Sentou or at Disderot for lighting.<\/p>\n<p style=\"text-align: left;\">His modern and refined style, the formal and moral rigor of his drawing from the tradition of the modernist decorators of the interwar period and the Union of Modern Artists bring him a real recognition and several awards as the prestigious Prix Ren\u00e9 -Gabriel in 1969. He teaches for several years first at the ENSAD where he came from and then at the Camondo school that he directed from 1982 to 1989.<\/p>\n<p>[\/vc_column_text][\/vc_column_inner][\/vc_row_inner][vc_empty_space height=&#8221;60px&#8221;][\/vc_column][\/vc_row][vc_row wrap_container=&#8221;yes&#8221;][vc_column txt_column_align=&#8221;txt-center&#8221; delay=&#8221;0ms&#8221;]<div class=\"porto-u-heading  wpb_custom_95aa9a11c17ad45cfabaf210d84ee7cc porto-u-55ca8359258f9a412be7e73af65d2aac \"><div class=\"porto-u-main-heading\"><h5  >ROGER FATUS<\/h5><\/div><style>.porto-u-55ca8359258f9a412be7e73af65d2aac.porto-u-heading{text-align:center}<\/style><\/div>[vc_separator el_width=&#8221;10&#8243;]<div class=\"porto-u-heading  wpb_custom_95aa9a11c17ad45cfabaf210d84ee7cc porto-u-55ca8359258f9a412be7e73af65d2aac \"><div class=\"porto-u-main-heading\"><h2  >1021 LAMP &amp; RF503 LAMP FLOOR<\/h2><\/div><style>.porto-u-55ca8359258f9a412be7e73af65d2aac.porto-u-heading{text-align:center}<\/style><\/div>[vc_row_inner][vc_column_inner width=&#8221;1\/2&#8243;][vc_single_image image=&#8221;7023&#8243; img_size=&#8221;large&#8221; alignment=&#8221;center&#8221;][vc_column_text]<\/p>\n<p style=\"text-align: left;\"><strong>1021 LAMP<\/strong><\/p>\n<p style=\"text-align: right;\"><a class='to-button tiny standard square to-button-border to-icon-anim' style='color: #7c7c7c; background: none !important; border-color: #7c7c7c;' href='https:\/\/disderot.com\/en\/produit\/lampe-1021-roger-fatus\/' target='_self'><span style='color: #7c7c7c;'>More<\/span><\/a><\/p>\n<p>[\/vc_column_text][\/vc_column_inner][vc_column_inner width=&#8221;1\/2&#8243;][vc_single_image image=&#8221;7024&#8243; img_size=&#8221;large&#8221; onclick=&#8221;custom_link&#8221;][vc_column_text]<\/p>\n<p style=\"text-align: left;\"><strong>RF503 LAMP FLOOR<\/strong><\/p>\n<p style=\"text-align: right;\"><a href=\"mailto:contact@disderot.fr\">Contact us<\/a><\/p>\n<p>[\/vc_column_text][\/vc_column_inner][\/vc_row_inner][\/vc_column][\/vc_row]<\/p>\n<\/div>","protected":false},"excerpt":{"rendered":"<p>[vc_row wrap_container=&#8221;yes&#8221; txt_section_align=&#8221;txt-center&#8221;][vc_column txt_column_align=&#8221;txt-center&#8221; delay=&#8221;0ms&#8221;][vc_empty_space height=&#8221;100px&#8221;][vc_separator el_width=&#8221;10&#8243;][vc_row_inner][vc_column_inner width=&#8221;1\/3&#8243;][vc_single_image image=&#8221;5374&#8243; img_size=&#8221;medium&#8221; alignment=&#8221;center&#8221; style=&#8221;vc_box_circle&#8221;][\/vc_column_inner][vc_column_inner width=&#8221;2\/3&#8243;][vc_column_text][\/vc_column_text][vc_column_text] At the instigation of Jacques Dumond, Fatus exhibited at the Salon des Artistes D\u00e9corateurs in 1956, then at the universel Fair in Brussels in 1958, and participated in the equipment of an witness apartment of the architect Pierre Vago in the one [&hellip;]<\/p>\n","protected":false},"author":1,"featured_media":0,"parent":0,"menu_order":0,"comment_status":"closed","ping_status":"closed","template":"","meta":{"_acf_changed":false,"_monsterinsights_skip_tracking":false,"_monsterinsights_sitenote_active":false,"_monsterinsights_sitenote_note":"","_monsterinsights_sitenote_category":0,"footnotes":""},"class_list":["post-5597","page","type-page","status-publish","hentry"],"acf":[],"yoast_head":"<!-- This site is optimized with the Yoast SEO plugin v27.2 - https:\/\/yoast.com\/product\/yoast-seo-wordpress\/ -->\n<title>Roger Fatus - Disderot<\/title>\n<meta name=\"description\" content=\"Roger Fatus est n\u00e9 en 1926. Apr\u00e8s deux ann\u00e9es de travail en bureau d\u2019\u00e9tudes, il int\u00e8gre l\u2019agence de Jacques Dumond, d\u00e9corateur talentueux \u00e0 l\u2019\u00e9l\u00e9gance moderne et \u00e0 la client\u00e8le ais\u00e9e adepte des grands projets publics luxueux. Il est rejoint par son ami Dirk Jan Rol, qu\u2019il avait rencontr\u00e9 \u00e0 l\u2019ENSAD.\" \/>\n<meta name=\"robots\" content=\"index, follow, max-snippet:-1, max-image-preview:large, max-video-preview:-1\" \/>\n<link rel=\"canonical\" href=\"https:\/\/disderot.com\/en\/roger-fatus\/\" \/>\n<meta property=\"og:locale\" content=\"en_US\" \/>\n<meta property=\"og:type\" content=\"article\" \/>\n<meta property=\"og:title\" content=\"Roger Fatus - Disderot\" \/>\n<meta property=\"og:description\" content=\"Roger Fatus est n\u00e9 en 1926. Apr\u00e8s deux ann\u00e9es de travail en bureau d\u2019\u00e9tudes, il int\u00e8gre l\u2019agence de Jacques Dumond, d\u00e9corateur talentueux \u00e0 l\u2019\u00e9l\u00e9gance moderne et \u00e0 la client\u00e8le ais\u00e9e adepte des grands projets publics luxueux. Il est rejoint par son ami Dirk Jan Rol, qu\u2019il avait rencontr\u00e9 \u00e0 l\u2019ENSAD.\" \/>\n<meta property=\"og:url\" content=\"https:\/\/disderot.com\/en\/roger-fatus\/\" \/>\n<meta property=\"og:site_name\" content=\"Disderot\" \/>\n<meta property=\"article:modified_time\" content=\"2022-01-31T15:46:46+00:00\" \/>\n<meta name=\"twitter:card\" content=\"summary_large_image\" \/>\n<meta name=\"twitter:site\" content=\"@disderot_now\" \/>\n<meta name=\"twitter:label1\" content=\"Est. reading time\" \/>\n\t<meta name=\"twitter:data1\" content=\"3 minutes\" \/>\n<script type=\"application\/ld+json\" class=\"yoast-schema-graph\">{\"@context\":\"https:\/\/schema.org\",\"@graph\":[{\"@type\":\"WebPage\",\"@id\":\"https:\/\/disderot.com\/en\/roger-fatus\/\",\"url\":\"https:\/\/disderot.com\/en\/roger-fatus\/\",\"name\":\"Roger Fatus - Disderot\",\"isPartOf\":{\"@id\":\"https:\/\/disderot.com\/en\/#website\"},\"datePublished\":\"2017-08-28T15:24:02+00:00\",\"dateModified\":\"2022-01-31T15:46:46+00:00\",\"description\":\"Roger Fatus est n\u00e9 en 1926. Apr\u00e8s deux ann\u00e9es de travail en bureau d\u2019\u00e9tudes, il int\u00e8gre l\u2019agence de Jacques Dumond, d\u00e9corateur talentueux \u00e0 l\u2019\u00e9l\u00e9gance moderne et \u00e0 la client\u00e8le ais\u00e9e adepte des grands projets publics luxueux. Il est rejoint par son ami Dirk Jan Rol, qu\u2019il avait rencontr\u00e9 \u00e0 l\u2019ENSAD.\",\"breadcrumb\":{\"@id\":\"https:\/\/disderot.com\/en\/roger-fatus\/#breadcrumb\"},\"inLanguage\":\"en-US\",\"potentialAction\":[{\"@type\":\"ReadAction\",\"target\":[[\"https:\/\/disderot.com\/en\/roger-fatus\/\"]]}]},{\"@type\":\"BreadcrumbList\",\"@id\":\"https:\/\/disderot.com\/en\/roger-fatus\/#breadcrumb\",\"itemListElement\":[{\"@type\":\"ListItem\",\"position\":1,\"name\":\"Accueil\",\"item\":\"https:\/\/disderot.com\/en\/\"},{\"@type\":\"ListItem\",\"position\":2,\"name\":\"Roger Fatus\"}]},{\"@type\":\"WebSite\",\"@id\":\"https:\/\/disderot.com\/en\/#website\",\"url\":\"https:\/\/disderot.com\/en\/\",\"name\":\"Disderot\",\"description\":\"Luminaires de collections\",\"inLanguage\":\"en-US\"}]}<\/script>\n<!-- \/ Yoast SEO plugin. -->","yoast_head_json":{"title":"Roger Fatus - Disderot","description":"Roger Fatus est n\u00e9 en 1926. Apr\u00e8s deux ann\u00e9es de travail en bureau d\u2019\u00e9tudes, il int\u00e8gre l\u2019agence de Jacques Dumond, d\u00e9corateur talentueux \u00e0 l\u2019\u00e9l\u00e9gance moderne et \u00e0 la client\u00e8le ais\u00e9e adepte des grands projets publics luxueux. Il est rejoint par son ami Dirk Jan Rol, qu\u2019il avait rencontr\u00e9 \u00e0 l\u2019ENSAD.","robots":{"index":"index","follow":"follow","max-snippet":"max-snippet:-1","max-image-preview":"max-image-preview:large","max-video-preview":"max-video-preview:-1"},"canonical":"https:\/\/disderot.com\/en\/roger-fatus\/","og_locale":"en_US","og_type":"article","og_title":"Roger Fatus - Disderot","og_description":"Roger Fatus est n\u00e9 en 1926. Apr\u00e8s deux ann\u00e9es de travail en bureau d\u2019\u00e9tudes, il int\u00e8gre l\u2019agence de Jacques Dumond, d\u00e9corateur talentueux \u00e0 l\u2019\u00e9l\u00e9gance moderne et \u00e0 la client\u00e8le ais\u00e9e adepte des grands projets publics luxueux. Il est rejoint par son ami Dirk Jan Rol, qu\u2019il avait rencontr\u00e9 \u00e0 l\u2019ENSAD.","og_url":"https:\/\/disderot.com\/en\/roger-fatus\/","og_site_name":"Disderot","article_modified_time":"2022-01-31T15:46:46+00:00","twitter_card":"summary_large_image","twitter_site":"@disderot_now","twitter_misc":{"Est. reading time":"3 minutes"},"schema":{"@context":"https:\/\/schema.org","@graph":[{"@type":"WebPage","@id":"https:\/\/disderot.com\/en\/roger-fatus\/","url":"https:\/\/disderot.com\/en\/roger-fatus\/","name":"Roger Fatus - Disderot","isPartOf":{"@id":"https:\/\/disderot.com\/en\/#website"},"datePublished":"2017-08-28T15:24:02+00:00","dateModified":"2022-01-31T15:46:46+00:00","description":"Roger Fatus est n\u00e9 en 1926. Apr\u00e8s deux ann\u00e9es de travail en bureau d\u2019\u00e9tudes, il int\u00e8gre l\u2019agence de Jacques Dumond, d\u00e9corateur talentueux \u00e0 l\u2019\u00e9l\u00e9gance moderne et \u00e0 la client\u00e8le ais\u00e9e adepte des grands projets publics luxueux. Il est rejoint par son ami Dirk Jan Rol, qu\u2019il avait rencontr\u00e9 \u00e0 l\u2019ENSAD.","breadcrumb":{"@id":"https:\/\/disderot.com\/en\/roger-fatus\/#breadcrumb"},"inLanguage":"en-US","potentialAction":[{"@type":"ReadAction","target":[["https:\/\/disderot.com\/en\/roger-fatus\/"]]}]},{"@type":"BreadcrumbList","@id":"https:\/\/disderot.com\/en\/roger-fatus\/#breadcrumb","itemListElement":[{"@type":"ListItem","position":1,"name":"Accueil","item":"https:\/\/disderot.com\/en\/"},{"@type":"ListItem","position":2,"name":"Roger Fatus"}]},{"@type":"WebSite","@id":"https:\/\/disderot.com\/en\/#website","url":"https:\/\/disderot.com\/en\/","name":"Disderot","description":"Luminaires de collections","inLanguage":"en-US"}]}},"_links":{"self":[{"href":"https:\/\/disderot.com\/en\/wp-json\/wp\/v2\/pages\/5597","targetHints":{"allow":["GET"]}}],"collection":[{"href":"https:\/\/disderot.com\/en\/wp-json\/wp\/v2\/pages"}],"about":[{"href":"https:\/\/disderot.com\/en\/wp-json\/wp\/v2\/types\/page"}],"author":[{"embeddable":true,"href":"https:\/\/disderot.com\/en\/wp-json\/wp\/v2\/users\/1"}],"replies":[{"embeddable":true,"href":"https:\/\/disderot.com\/en\/wp-json\/wp\/v2\/comments?post=5597"}],"version-history":[{"count":17,"href":"https:\/\/disderot.com\/en\/wp-json\/wp\/v2\/pages\/5597\/revisions"}],"predecessor-version":[{"id":7702,"href":"https:\/\/disderot.com\/en\/wp-json\/wp\/v2\/pages\/5597\/revisions\/7702"}],"wp:attachment":[{"href":"https:\/\/disderot.com\/en\/wp-json\/wp\/v2\/media?parent=5597"}],"curies":[{"name":"wp","href":"https:\/\/api.w.org\/{rel}","templated":true}]}}