{"id":5593,"date":"2017-08-28T15:10:58","date_gmt":"2017-08-28T15:10:58","guid":{"rendered":"https:\/\/disderot.com\/?page_id=5593"},"modified":"2020-06-28T18:55:41","modified_gmt":"2020-06-28T18:55:41","slug":"rene-jean-caillette","status":"publish","type":"page","link":"https:\/\/disderot.com\/en\/rene-jean-caillette\/","title":{"rendered":"Ren\u00e9-Jean Caillette"},"content":{"rendered":"<div class=\"wpb-content-wrapper\"><p>[vc_row wrap_container=&#8221;yes&#8221; txt_section_align=&#8221;txt-center&#8221;][vc_column txt_column_align=&#8221;txt-center&#8221; delay=&#8221;0ms&#8221;][vc_empty_space height=&#8221;100px&#8221;]<div class=\"porto-u-heading  wpb_custom_95aa9a11c17ad45cfabaf210d84ee7cc porto-u-55ca8359258f9a412be7e73af65d2aac \"><div class=\"porto-u-main-heading\"><h5  >DESIGNER<\/h5><\/div><style>.porto-u-55ca8359258f9a412be7e73af65d2aac.porto-u-heading{text-align:center}<\/style><\/div>[vc_separator el_width=&#8221;10&#8243;]<div class=\"porto-u-heading  wpb_custom_95aa9a11c17ad45cfabaf210d84ee7cc porto-u-55ca8359258f9a412be7e73af65d2aac \"><div class=\"porto-u-main-heading\"><h2  >REN\u00c9-JEAN CAILLETTE<\/h2><\/div><div class=\"porto-u-sub-heading\" style=\"\">Ren\u00e9-Jean Caillette was born in 1919 which makes him the oldest of the generation of young French designers of the 50s. He is one of the few to master the cabinetmaking perfectly by working in his father&#8217;s workshop before to integrate a creative school. First in the entrance examination of the National School of Applied Arts, he graduated major of his promotion in 1937. Student brilliant, accomplished artist, his career is dazzling.<\/div><style>.porto-u-55ca8359258f9a412be7e73af65d2aac.porto-u-heading{text-align:center}<\/style><\/div>[vc_row_inner][vc_column_inner width=&#8221;1\/3&#8243;][vc_single_image image=&#8221;5308&#8243; img_size=&#8221;medium&#8221; alignment=&#8221;center&#8221; style=&#8221;vc_box_circle&#8221;][\/vc_column_inner][vc_column_inner width=&#8221;2\/3&#8243;][vc_column_text]<div class=\"to-pull-quote left to-pull-quote-border\" style=\"width:40%;\"><\/p>\n<p style=\"text-align: center;\"><strong>Ren\u00e9-Jean Caillette<br \/>\n<\/strong>1919-2004<\/p>\n<p><\/div>[\/vc_column_text][vc_column_text]<\/p>\n<p style=\"text-align: left;\">He is at the origin of three of the most influential creative groups of his generation: the group Saint-Honor\u00e9, Group 4 for the publisher Charron and finally the ACMS with the master Marcel Gascoin and his colleague Michel Mortier. He participates all his life in major French and international exhibitions and receives all the awards and the greatest awards: Ren\u00e9-Gabriel prize in 1952, Grand Prix of the 1958 world exhibition for his chair &#8216;Diamond&#8217; and silver medal of the Milan Triennale for its chromed and rattan metal armchair.<\/p>\n<p style=\"text-align: left;\">He designs some mythical furniture that is part of the collections of the most important museums of the world like its famous &#8220;Diamond&#8221; plywood chair, his &#8220;Sylvie&#8221; dining room with a revolutionary base for the 1961 Salon des Arts m\u00e9nagers or an exceptional rosewood and chrome dressing table with three round mirrors that can be seen in the museum Decorative Arts in Paris.<\/p>\n<p style=\"text-align: left;\">His career does not stop there because he is an excellent teacher and teaches for 25 years in the biggest French schools where he trains many of the most influential players in the world of art design and interior architecture today.<\/p>\n<p style=\"text-align: left;\">The art historian Patrick Favardin said of him:<br \/>\n&#8220;It reveals that its aesthetic originates from the very sources of the most refined elegance. The simplicity of his forms is not that of an ascetic minimalism, but the product of an ethic that combines beauty with the greatest discretion.&#8221;<\/p>\n<p style=\"text-align: left;\">He designs several lighting models for the Pierre Disderot Workshops, including a very beautiful floor lamp at the very beginning of the 1950s, a range of ultra modern articulated wall lamps including a variation on the floor and a series of parquet lamps with multiple light bulbs in 1971.<\/p>\n<p>[\/vc_column_text][\/vc_column_inner][\/vc_row_inner][vc_empty_space height=&#8221;60px&#8221;][\/vc_column][\/vc_row][vc_row wrap_container=&#8221;yes&#8221;][vc_column txt_column_align=&#8221;txt-center&#8221; delay=&#8221;0ms&#8221;]<div class=\"porto-u-heading  wpb_custom_95aa9a11c17ad45cfabaf210d84ee7cc porto-u-55ca8359258f9a412be7e73af65d2aac \"><div class=\"porto-u-main-heading\"><h5  >REN\u00c9-JEAN CAILLETTE<\/h5><\/div><style>.porto-u-55ca8359258f9a412be7e73af65d2aac.porto-u-heading{text-align:center}<\/style><\/div>[vc_separator el_width=&#8221;10&#8243;]<div class=\"porto-u-heading  wpb_custom_95aa9a11c17ad45cfabaf210d84ee7cc porto-u-55ca8359258f9a412be7e73af65d2aac \"><div class=\"porto-u-main-heading\"><h2  >WALL LAMP B3,<br \/>\nLAMPADAIRE B4 &amp; SUSPENSION LAMP B5<\/h2><\/div><style>.porto-u-55ca8359258f9a412be7e73af65d2aac.porto-u-heading{text-align:center}<\/style><\/div>[vc_row_inner][vc_column_inner width=&#8221;1\/3&#8243;][vc_single_image image=&#8221;7066&#8243; img_size=&#8221;large&#8221; alignment=&#8221;center&#8221;][vc_column_text]<\/p>\n<p style=\"text-align: left;\"><strong>WALL LAMP B3<\/strong><\/p>\n<p style=\"text-align: right;\"><a class='to-button tiny standard square to-button-border to-icon-anim' style='color: #7c7c7c; background: none !important; border-color: #7c7c7c;' href='https:\/\/disderot.com\/en\/produit\/applique-b3-rene-jean-caillette\/' target='_self'><span style='color: #7c7c7c;'>En savoir +<\/span><\/a><\/p>\n<p>[\/vc_column_text][\/vc_column_inner][vc_column_inner width=&#8221;1\/3&#8243;][vc_single_image image=&#8221;6922&#8243; img_size=&#8221;large&#8221; onclick=&#8221;custom_link&#8221;][vc_column_text]<\/p>\n<p style=\"text-align: left;\"><strong>FLOOR LAMP B4<\/strong><\/p>\n<p style=\"text-align: right;\"><a class='to-button tiny standard square to-button-border to-icon-anim' style='color: #7c7c7c; background: none !important; border-color: #7c7c7c;' href='https:\/\/disderot.com\/en\/produit\/lampadaire-b4\/' target='_self'><span style='color: #7c7c7c;'>En savoir +<\/span><\/a><\/p>\n<p>[\/vc_column_text][\/vc_column_inner][vc_column_inner width=&#8221;1\/3&#8243;][vc_single_image image=&#8221;7054&#8243; img_size=&#8221;large&#8221; onclick=&#8221;custom_link&#8221;][vc_column_text]<\/p>\n<p style=\"text-align: left;\"><b>SUSPENSION LAMP B5<\/b><\/p>\n<p style=\"text-align: right;\"><a class='to-button tiny standard square to-button-border to-icon-anim' style='color: #7c7c7c; background: none !important; border-color: #7c7c7c;' href='https:\/\/disderot.com\/en\/produit\/suspension-b5-rene-jean-caillette\/' target='_self'><span style='color: #7c7c7c;'>En savoir +<\/span><\/a><\/p>\n<p>[\/vc_column_text][\/vc_column_inner][\/vc_row_inner][\/vc_column][\/vc_row]<\/p>\n<\/div>","protected":false},"excerpt":{"rendered":"<p>[vc_row wrap_container=&#8221;yes&#8221; txt_section_align=&#8221;txt-center&#8221;][vc_column txt_column_align=&#8221;txt-center&#8221; delay=&#8221;0ms&#8221;][vc_empty_space height=&#8221;100px&#8221;][vc_separator el_width=&#8221;10&#8243;][vc_row_inner][vc_column_inner width=&#8221;1\/3&#8243;][vc_single_image image=&#8221;5308&#8243; img_size=&#8221;medium&#8221; alignment=&#8221;center&#8221; style=&#8221;vc_box_circle&#8221;][\/vc_column_inner][vc_column_inner width=&#8221;2\/3&#8243;][vc_column_text][\/vc_column_text][vc_column_text] He is at the origin of three of the most influential creative groups of his generation: the group Saint-Honor\u00e9, Group 4 for the publisher Charron and finally the ACMS with the master Marcel Gascoin and his colleague Michel Mortier. He participates all [&hellip;]<\/p>\n","protected":false},"author":1,"featured_media":0,"parent":0,"menu_order":0,"comment_status":"closed","ping_status":"closed","template":"","meta":{"_acf_changed":false,"_monsterinsights_skip_tracking":false,"_monsterinsights_sitenote_active":false,"_monsterinsights_sitenote_note":"","_monsterinsights_sitenote_category":0,"footnotes":""},"class_list":["post-5593","page","type-page","status-publish","hentry"],"acf":[],"yoast_head":"<!-- This site is optimized with the Yoast SEO plugin v27.2 - https:\/\/yoast.com\/product\/yoast-seo-wordpress\/ -->\n<title>Ren\u00e9-Jean Caillette - Disderot<\/title>\n<meta name=\"description\" content=\"Ren\u00e9-Jean Caillette est n\u00e9 en 1919 et arrive premier au concours d\u2019entr\u00e9e de l\u2019\u00c9cole nationale sup\u00e9rieure des arts appliqu\u00e9s, dont il en major de sa promotion en 1937. Etudiant brillant, artiste accompli, sa carri\u00e8re est fulgurante en raison du soin qu&#039;il apporte \u00e0 son design et de son exp\u00e9rience en \u00e9benisterie.\" \/>\n<meta name=\"robots\" content=\"index, follow, max-snippet:-1, max-image-preview:large, max-video-preview:-1\" \/>\n<link rel=\"canonical\" href=\"https:\/\/disderot.com\/en\/rene-jean-caillette\/\" \/>\n<meta property=\"og:locale\" content=\"en_US\" \/>\n<meta property=\"og:type\" content=\"article\" \/>\n<meta property=\"og:title\" content=\"Ren\u00e9-Jean Caillette - Disderot\" \/>\n<meta property=\"og:description\" content=\"Ren\u00e9-Jean Caillette est n\u00e9 en 1919 et arrive premier au concours d\u2019entr\u00e9e de l\u2019\u00c9cole nationale sup\u00e9rieure des arts appliqu\u00e9s, dont il en major de sa promotion en 1937. Etudiant brillant, artiste accompli, sa carri\u00e8re est fulgurante en raison du soin qu&#039;il apporte \u00e0 son design et de son exp\u00e9rience en \u00e9benisterie.\" \/>\n<meta property=\"og:url\" content=\"https:\/\/disderot.com\/en\/rene-jean-caillette\/\" \/>\n<meta property=\"og:site_name\" content=\"Disderot\" \/>\n<meta property=\"article:modified_time\" content=\"2020-06-28T18:55:41+00:00\" \/>\n<meta name=\"twitter:card\" content=\"summary_large_image\" \/>\n<meta name=\"twitter:site\" content=\"@disderot_now\" \/>\n<meta name=\"twitter:label1\" content=\"Est. reading time\" \/>\n\t<meta name=\"twitter:data1\" content=\"7 minutes\" \/>\n<script type=\"application\/ld+json\" class=\"yoast-schema-graph\">{\"@context\":\"https:\/\/schema.org\",\"@graph\":[{\"@type\":\"WebPage\",\"@id\":\"https:\/\/disderot.com\/en\/rene-jean-caillette\/\",\"url\":\"https:\/\/disderot.com\/en\/rene-jean-caillette\/\",\"name\":\"Ren\u00e9-Jean Caillette - Disderot\",\"isPartOf\":{\"@id\":\"https:\/\/disderot.com\/en\/#website\"},\"datePublished\":\"2017-08-28T15:10:58+00:00\",\"dateModified\":\"2020-06-28T18:55:41+00:00\",\"description\":\"Ren\u00e9-Jean Caillette est n\u00e9 en 1919 et arrive premier au concours d\u2019entr\u00e9e de l\u2019\u00c9cole nationale sup\u00e9rieure des arts appliqu\u00e9s, dont il en major de sa promotion en 1937. Etudiant brillant, artiste accompli, sa carri\u00e8re est fulgurante en raison du soin qu'il apporte \u00e0 son design et de son exp\u00e9rience en \u00e9benisterie.\",\"breadcrumb\":{\"@id\":\"https:\/\/disderot.com\/en\/rene-jean-caillette\/#breadcrumb\"},\"inLanguage\":\"en-US\",\"potentialAction\":[{\"@type\":\"ReadAction\",\"target\":[[\"https:\/\/disderot.com\/en\/rene-jean-caillette\/\"]]}]},{\"@type\":\"BreadcrumbList\",\"@id\":\"https:\/\/disderot.com\/en\/rene-jean-caillette\/#breadcrumb\",\"itemListElement\":[{\"@type\":\"ListItem\",\"position\":1,\"name\":\"Accueil\",\"item\":\"https:\/\/disderot.com\/en\/\"},{\"@type\":\"ListItem\",\"position\":2,\"name\":\"Ren\u00e9-Jean Caillette\"}]},{\"@type\":\"WebSite\",\"@id\":\"https:\/\/disderot.com\/en\/#website\",\"url\":\"https:\/\/disderot.com\/en\/\",\"name\":\"Disderot\",\"description\":\"Luminaires de collections\",\"inLanguage\":\"en-US\"}]}<\/script>\n<!-- \/ Yoast SEO plugin. -->","yoast_head_json":{"title":"Ren\u00e9-Jean Caillette - Disderot","description":"Ren\u00e9-Jean Caillette est n\u00e9 en 1919 et arrive premier au concours d\u2019entr\u00e9e de l\u2019\u00c9cole nationale sup\u00e9rieure des arts appliqu\u00e9s, dont il en major de sa promotion en 1937. Etudiant brillant, artiste accompli, sa carri\u00e8re est fulgurante en raison du soin qu'il apporte \u00e0 son design et de son exp\u00e9rience en \u00e9benisterie.","robots":{"index":"index","follow":"follow","max-snippet":"max-snippet:-1","max-image-preview":"max-image-preview:large","max-video-preview":"max-video-preview:-1"},"canonical":"https:\/\/disderot.com\/en\/rene-jean-caillette\/","og_locale":"en_US","og_type":"article","og_title":"Ren\u00e9-Jean Caillette - Disderot","og_description":"Ren\u00e9-Jean Caillette est n\u00e9 en 1919 et arrive premier au concours d\u2019entr\u00e9e de l\u2019\u00c9cole nationale sup\u00e9rieure des arts appliqu\u00e9s, dont il en major de sa promotion en 1937. Etudiant brillant, artiste accompli, sa carri\u00e8re est fulgurante en raison du soin qu'il apporte \u00e0 son design et de son exp\u00e9rience en \u00e9benisterie.","og_url":"https:\/\/disderot.com\/en\/rene-jean-caillette\/","og_site_name":"Disderot","article_modified_time":"2020-06-28T18:55:41+00:00","twitter_card":"summary_large_image","twitter_site":"@disderot_now","twitter_misc":{"Est. reading time":"7 minutes"},"schema":{"@context":"https:\/\/schema.org","@graph":[{"@type":"WebPage","@id":"https:\/\/disderot.com\/en\/rene-jean-caillette\/","url":"https:\/\/disderot.com\/en\/rene-jean-caillette\/","name":"Ren\u00e9-Jean Caillette - Disderot","isPartOf":{"@id":"https:\/\/disderot.com\/en\/#website"},"datePublished":"2017-08-28T15:10:58+00:00","dateModified":"2020-06-28T18:55:41+00:00","description":"Ren\u00e9-Jean Caillette est n\u00e9 en 1919 et arrive premier au concours d\u2019entr\u00e9e de l\u2019\u00c9cole nationale sup\u00e9rieure des arts appliqu\u00e9s, dont il en major de sa promotion en 1937. Etudiant brillant, artiste accompli, sa carri\u00e8re est fulgurante en raison du soin qu'il apporte \u00e0 son design et de son exp\u00e9rience en \u00e9benisterie.","breadcrumb":{"@id":"https:\/\/disderot.com\/en\/rene-jean-caillette\/#breadcrumb"},"inLanguage":"en-US","potentialAction":[{"@type":"ReadAction","target":[["https:\/\/disderot.com\/en\/rene-jean-caillette\/"]]}]},{"@type":"BreadcrumbList","@id":"https:\/\/disderot.com\/en\/rene-jean-caillette\/#breadcrumb","itemListElement":[{"@type":"ListItem","position":1,"name":"Accueil","item":"https:\/\/disderot.com\/en\/"},{"@type":"ListItem","position":2,"name":"Ren\u00e9-Jean Caillette"}]},{"@type":"WebSite","@id":"https:\/\/disderot.com\/en\/#website","url":"https:\/\/disderot.com\/en\/","name":"Disderot","description":"Luminaires de collections","inLanguage":"en-US"}]}},"_links":{"self":[{"href":"https:\/\/disderot.com\/en\/wp-json\/wp\/v2\/pages\/5593","targetHints":{"allow":["GET"]}}],"collection":[{"href":"https:\/\/disderot.com\/en\/wp-json\/wp\/v2\/pages"}],"about":[{"href":"https:\/\/disderot.com\/en\/wp-json\/wp\/v2\/types\/page"}],"author":[{"embeddable":true,"href":"https:\/\/disderot.com\/en\/wp-json\/wp\/v2\/users\/1"}],"replies":[{"embeddable":true,"href":"https:\/\/disderot.com\/en\/wp-json\/wp\/v2\/comments?post=5593"}],"version-history":[{"count":19,"href":"https:\/\/disderot.com\/en\/wp-json\/wp\/v2\/pages\/5593\/revisions"}],"predecessor-version":[{"id":7194,"href":"https:\/\/disderot.com\/en\/wp-json\/wp\/v2\/pages\/5593\/revisions\/7194"}],"wp:attachment":[{"href":"https:\/\/disderot.com\/en\/wp-json\/wp\/v2\/media?parent=5593"}],"curies":[{"name":"wp","href":"https:\/\/api.w.org\/{rel}","templated":true}]}}