{"id":5584,"date":"2017-08-28T10:48:07","date_gmt":"2017-08-28T10:48:07","guid":{"rendered":"https:\/\/disderot.com\/?page_id=5584"},"modified":"2025-03-10T14:21:07","modified_gmt":"2025-03-10T14:21:07","slug":"abraham-et-rol","status":"publish","type":"page","link":"https:\/\/disderot.com\/en\/abraham-et-rol\/","title":{"rendered":"Abraham et Rol"},"content":{"rendered":"<div class=\"wpb-content-wrapper\"><p>[vc_row wrap_container=&#8221;yes&#8221; txt_section_align=&#8221;txt-center&#8221;][vc_column txt_column_align=&#8221;txt-center&#8221; delay=&#8221;0ms&#8221;][vc_empty_space height=&#8221;100px&#8221;]<div class=\"porto-u-heading  wpb_custom_95aa9a11c17ad45cfabaf210d84ee7cc porto-u-55ca8359258f9a412be7e73af65d2aac \"><div class=\"porto-u-main-heading\"><h5  >DESIGNER<\/h5><\/div><style>.porto-u-55ca8359258f9a412be7e73af65d2aac.porto-u-heading{text-align:center}<\/style><\/div>[vc_separator el_width=&#8221;10&#8243;]<div class=\"porto-u-heading  wpb_custom_95aa9a11c17ad45cfabaf210d84ee7cc porto-u-55ca8359258f9a412be7e73af65d2aac \"><div class=\"porto-u-main-heading\"><h2  >Janine Abraham &amp; Dirk Jan Rol<\/h2><\/div><div class=\"porto-u-sub-heading\" style=\"\">Rare couple of designers at that time, Janine Abraham and Dirk Jan Rol worked in symbiosis all their life and Janine can be considered as one of the first women designer in France. She is trained in one of the best French schools, Camondo by some great masters like Maxime Old or Ren\u00e9-Jean Caillette and integrates very quickly the study office of Jacques Dumont.<\/div><style>.porto-u-55ca8359258f9a412be7e73af65d2aac.porto-u-heading{text-align:center}<\/style><\/div>[vc_row_inner][vc_column_inner width=&#8221;1\/3&#8243;][vc_single_image image=&#8221;5452&#8243; img_size=&#8221;medium&#8221; alignment=&#8221;center&#8221; style=&#8221;vc_box_circle&#8221;][\/vc_column_inner][vc_column_inner width=&#8221;2\/3&#8243;][vc_column_text]<div class=\"to-pull-quote left to-pull-quote-border\" style=\"width:40%;\"><\/p>\n<p style=\"text-align: center;\"><strong>ABRAHAM &amp; ROL<br \/>\n<\/strong>Janine Abraham 1929-2005<br \/>\nDirk Jan Rol 1929<\/p>\n<p><\/div>[\/vc_column_text][vc_column_text]<\/p>\n<p style=\"text-align: left;\">Dirk Jan Rol, he began with a cabinetmaker training in Holland, his home country but quickly joined the National School of Decorative Arts in Paris whose artistic influence seduced him. He attended classes by Louis Sognot and Paul Dupr\u00e9 Lafon before joining Jacques Dumont\u2019s studio. Both trained in the rigor, inventiveness, modernity and great tradition of the French decorative arts, their aesthetic connivance quickly turns into an idyll and they get married in 1955, open their own agency and participate in many exhibitions. They are noticed by the creation of some models like a fireside chair in folded metal wire and aluminum, today in the collections of the Georges Pompidou center or the revolutionary rattan armchairs. Their very modern productions are always very remarkable, inspired as much by the traditional Japanese house as by the contemporary American architecture. This art of sophisticated staging and a taste for graphic arts and architecture allow them to design chains like Yves Rocher or Huchers Minvielle. Their talent for using all kinds of materials (aluminum, rattan, metal, plywood, tempered glass, plexiglass) allows them to create some iconic furniture of the 20th century like the sun chair or convertible AR bench. They also become architects and build beautiful villas open to nature because Rol has always dreamed of being a landscaper. They have designed little lighting and none has been published because probably too expensive at the time. Nevertheless, one finds there the love of the wood of Rol, the sense of the treated materials and a search of intimacy very typical of their architecture by the enhancement of the luminous atmosphere.<\/p>\n<p>[\/vc_column_text][\/vc_column_inner][\/vc_row_inner][vc_empty_space height=&#8221;60px&#8221;][\/vc_column][\/vc_row][vc_row txt_section_color=&#8221;light&#8221; txt_section_align=&#8221;txt-center&#8221; to_para_bg=&#8221;image&#8221; to_parallax=&#8221;parallax&#8221; to_para_over_set=&#8221;overlay&#8221; to_para_over_color=&#8221;#000000&#8243; to_para_over_opacity=&#8221;0.4&#8243; to_para_img=&#8221;https:\/\/disderot.com\/wp-content\/uploads\/2019\/06\/dirk-jan-rol.jpg&#8221; css=&#8221;.vc_custom_1593184049773{padding-top: 130px !important;padding-bottom: 130px !important;background-image: url(https:\/\/disderot.com\/wp-content\/uploads\/2019\/06\/dirk-jan-rol.jpg?id=6673) !important;}&#8221; el_class=&#8221;row-background row-background-light&#8221;][vc_column txt_column_align=&#8221;txt-center&#8221; delay=&#8221;0ms&#8221;]<div class=\"porto-u-heading  wpb_custom_95aa9a11c17ad45cfabaf210d84ee7cc porto-u-55ca8359258f9a412be7e73af65d2aac \"><div class=\"porto-u-main-heading\"><h1  >Dirk Jan Rol<\/h1><\/div><style>.porto-u-55ca8359258f9a412be7e73af65d2aac.porto-u-heading{text-align:center}<\/style><\/div>[vc_separator el_width=&#8221;10&#8243;]<div class=\"porto-u-heading  wpb_custom_95aa9a11c17ad45cfabaf210d84ee7cc porto-u-55ca8359258f9a412be7e73af65d2aac \"><div class=\"porto-u-main-heading\"><h3  >\"DESIGNER'S PORTRAIT\" - IDEAT<\/h3><\/div><style>.porto-u-55ca8359258f9a412be7e73af65d2aac.porto-u-heading{text-align:center}<\/style><\/div>[vc_column_text]<\/p>\n<p style=\"text-align: center;\"><a target=\"_blank\" class=\"to-button tiny standard square to-button-border .no-ajaxy\" data-bgcolor=\"#ffffff\" data-color=\"#ffffff\" style=\"color:#ffffff;background:none;border-color:#ffffff\" href=\"https:\/\/ideat.thegoodhub.com\/video\/video-dirk-jan-rol-designer-at-work\/\"><span style=\"color:#ffffff;\">See the video<\/span><\/a><\/p>\n<p>[\/vc_column_text][\/vc_column][\/vc_row][vc_row wrap_container=&#8221;yes&#8221;][vc_column txt_column_align=&#8221;txt-center&#8221; delay=&#8221;0ms&#8221;][vc_empty_space height=&#8221;100px&#8221;]<div class=\"porto-u-heading  wpb_custom_95aa9a11c17ad45cfabaf210d84ee7cc porto-u-55ca8359258f9a412be7e73af65d2aac \"><div class=\"porto-u-main-heading\"><h5  >ABRAHAM &amp; ROL<\/h5><\/div><style>.porto-u-55ca8359258f9a412be7e73af65d2aac.porto-u-heading{text-align:center}<\/style><\/div>[vc_separator el_width=&#8221;10&#8243;]<div class=\"porto-u-heading  wpb_custom_95aa9a11c17ad45cfabaf210d84ee7cc porto-u-55ca8359258f9a412be7e73af65d2aac \"><div class=\"porto-u-main-heading\"><h2  >AR65 LAMP, AR70 &amp; AR1 FLOOR LAMP<\/h2><\/div><style>.porto-u-55ca8359258f9a412be7e73af65d2aac.porto-u-heading{text-align:center}<\/style><\/div>[vc_row_inner][vc_column_inner width=&#8221;1\/3&#8243;][vc_single_image image=&#8221;6433&#8243; img_size=&#8221;large&#8221; alignment=&#8221;center&#8221;][vc_column_text css=&#8221;&#8221; css_params=&#8221;&#8221;]<\/p>\n<p style=\"text-align: left;\"><strong>AR65 LAMP<\/strong><\/p>\n<p style=\"text-align: right;\"><a class='to-button tiny standard square to-button-border to-icon-anim' style='color: #7c7c7c; background: none !important; border-color: #7c7c7c;' href='https:\/\/disderot.com\/en\/portfolio\/lampe-ar65-abraham-et-rol\/' target='_self'><span style='color: #7c7c7c;'>Find out more<\/span><\/a><\/p>\n<p>[\/vc_column_text][\/vc_column_inner][vc_column_inner width=&#8221;1\/3&#8243;][vc_single_image image=&#8221;7442&#8243; img_size=&#8221;large&#8221; onclick=&#8221;custom_link&#8221;][vc_column_text]<\/p>\n<p style=\"text-align: left;\"><strong>AR70 LAMP<\/strong><\/p>\n<p style=\"text-align: right;\"><a class='to-button tiny standard square to-button-border to-icon-anim' style='color: #7c7c7c; background: none !important; border-color: #7c7c7c;' href='https:\/\/disderot.com\/en\/produit\/lampe-ar70-abraham-et-rol\/' target='_self'><span style='color: #7c7c7c;'>Find out more<\/span><\/a><\/p>\n<p>[\/vc_column_text][\/vc_column_inner][vc_column_inner width=&#8221;1\/3&#8243;][vc_single_image image=&#8221;7474&#8243; img_size=&#8221;large&#8221; onclick=&#8221;custom_link&#8221;][vc_column_text css=&#8221;&#8221; css_params=&#8221;&#8221;]<\/p>\n<p style=\"text-align: left;\"><strong>AR71 LAMP<\/strong><\/p>\n<p style=\"text-align: right;\"><a class='to-button tiny standard square to-button-border to-icon-anim' style='color: #7c7c7c; background: none !important; border-color: #7c7c7c;' href='https:\/\/disderot.com\/en\/portfolio\/lampe-ar71-abraham-et-rol\/' target='_self'><span style='color: #7c7c7c;'>Find out more<\/span><\/a><\/p>\n<p>[\/vc_column_text][\/vc_column_inner][\/vc_row_inner][vc_row_inner][vc_column_inner width=&#8221;1\/3&#8243;][\/vc_column_inner][vc_column_inner width=&#8221;1\/3&#8243;][vc_single_image image=&#8221;5640&#8243; img_size=&#8221;large&#8221; onclick=&#8221;custom_link&#8221;][vc_column_text]<\/p>\n<p style=\"text-align: left;\"><strong>AR1 FLOOR LAMP<\/strong><\/p>\n<p style=\"text-align: right;\"><a class='to-button tiny standard square to-button-border to-icon-anim' style='color: #7c7c7c; background: none !important; border-color: #7c7c7c;' href='https:\/\/disderot.com\/en\/produit\/lampadaire-ar1-janine-abraham-et-dirk-jan-rol\/' target='_self'><span style='color: #7c7c7c;'>Find out more<\/span><\/a><\/p>\n<p>[\/vc_column_text][\/vc_column_inner][vc_column_inner width=&#8221;1\/3&#8243;][\/vc_column_inner][\/vc_row_inner][\/vc_column][\/vc_row]<\/p>\n<\/div>","protected":false},"excerpt":{"rendered":"<p>[vc_row wrap_container=&#8221;yes&#8221; txt_section_align=&#8221;txt-center&#8221;][vc_column txt_column_align=&#8221;txt-center&#8221; delay=&#8221;0ms&#8221;][vc_empty_space height=&#8221;100px&#8221;][vc_separator el_width=&#8221;10&#8243;][vc_row_inner][vc_column_inner width=&#8221;1\/3&#8243;][vc_single_image image=&#8221;5452&#8243; img_size=&#8221;medium&#8221; alignment=&#8221;center&#8221; style=&#8221;vc_box_circle&#8221;][\/vc_column_inner][vc_column_inner width=&#8221;2\/3&#8243;][vc_column_text][\/vc_column_text][vc_column_text] Dirk Jan Rol, he began with a cabinetmaker training in Holland, his home country but quickly joined the National School of Decorative Arts in Paris whose artistic influence seduced him. He attended classes by Louis Sognot and Paul Dupr\u00e9 Lafon before joining [&hellip;]<\/p>\n","protected":false},"author":1,"featured_media":0,"parent":0,"menu_order":0,"comment_status":"closed","ping_status":"closed","template":"","meta":{"_acf_changed":false,"_monsterinsights_skip_tracking":false,"_monsterinsights_sitenote_active":false,"_monsterinsights_sitenote_note":"","_monsterinsights_sitenote_category":0,"footnotes":""},"class_list":["post-5584","page","type-page","status-publish","hentry"],"acf":[],"yoast_head":"<!-- This site is optimized with the Yoast SEO plugin v27.2 - https:\/\/yoast.com\/product\/yoast-seo-wordpress\/ -->\n<title>Abraham et Rol - Disderot<\/title>\n<meta name=\"description\" content=\"Rare couple de cr\u00e9ateurs \u00e0 cette \u00e9poque, Janine Abraham et Dirk Jan Rol ont travaill\u00e9 en symbiose toute leur vie et Janine peut \u00eatre consid\u00e9r\u00e9e comme l\u2019une des toutes premi\u00e8res femmes designer en France. Ils sont \u00e0 l&#039;origin de la cr\u00e9ation de nombres d&#039;objets iconiques du design fran\u00e7ais dont des luminaires ...\" \/>\n<meta name=\"robots\" content=\"index, follow, max-snippet:-1, max-image-preview:large, max-video-preview:-1\" \/>\n<link rel=\"canonical\" href=\"https:\/\/disderot.com\/en\/abraham-et-rol\/\" \/>\n<meta property=\"og:locale\" content=\"en_US\" \/>\n<meta property=\"og:type\" content=\"article\" \/>\n<meta property=\"og:title\" content=\"Abraham et Rol - Disderot\" \/>\n<meta property=\"og:description\" content=\"Rare couple de cr\u00e9ateurs \u00e0 cette \u00e9poque, Janine Abraham et Dirk Jan Rol ont travaill\u00e9 en symbiose toute leur vie et Janine peut \u00eatre consid\u00e9r\u00e9e comme l\u2019une des toutes premi\u00e8res femmes designer en France. Ils sont \u00e0 l&#039;origin de la cr\u00e9ation de nombres d&#039;objets iconiques du design fran\u00e7ais dont des luminaires ...\" \/>\n<meta property=\"og:url\" content=\"https:\/\/disderot.com\/en\/abraham-et-rol\/\" \/>\n<meta property=\"og:site_name\" content=\"Disderot\" \/>\n<meta property=\"article:modified_time\" content=\"2025-03-10T14:21:07+00:00\" \/>\n<meta name=\"twitter:card\" content=\"summary_large_image\" \/>\n<meta name=\"twitter:site\" content=\"@disderot_now\" \/>\n<meta name=\"twitter:label1\" content=\"Est. reading time\" \/>\n\t<meta name=\"twitter:data1\" content=\"6 minutes\" \/>\n<script type=\"application\/ld+json\" class=\"yoast-schema-graph\">{\"@context\":\"https:\/\/schema.org\",\"@graph\":[{\"@type\":\"WebPage\",\"@id\":\"https:\/\/disderot.com\/en\/abraham-et-rol\/\",\"url\":\"https:\/\/disderot.com\/en\/abraham-et-rol\/\",\"name\":\"Abraham et Rol - Disderot\",\"isPartOf\":{\"@id\":\"https:\/\/disderot.com\/en\/#website\"},\"datePublished\":\"2017-08-28T10:48:07+00:00\",\"dateModified\":\"2025-03-10T14:21:07+00:00\",\"description\":\"Rare couple de cr\u00e9ateurs \u00e0 cette \u00e9poque, Janine Abraham et Dirk Jan Rol ont travaill\u00e9 en symbiose toute leur vie et Janine peut \u00eatre consid\u00e9r\u00e9e comme l\u2019une des toutes premi\u00e8res femmes designer en France. Ils sont \u00e0 l'origin de la cr\u00e9ation de nombres d'objets iconiques du design fran\u00e7ais dont des luminaires ...\",\"breadcrumb\":{\"@id\":\"https:\/\/disderot.com\/en\/abraham-et-rol\/#breadcrumb\"},\"inLanguage\":\"en-US\",\"potentialAction\":[{\"@type\":\"ReadAction\",\"target\":[[\"https:\/\/disderot.com\/en\/abraham-et-rol\/\"]]}]},{\"@type\":\"BreadcrumbList\",\"@id\":\"https:\/\/disderot.com\/en\/abraham-et-rol\/#breadcrumb\",\"itemListElement\":[{\"@type\":\"ListItem\",\"position\":1,\"name\":\"Accueil\",\"item\":\"https:\/\/disderot.com\/en\/\"},{\"@type\":\"ListItem\",\"position\":2,\"name\":\"Abraham et Rol\"}]},{\"@type\":\"WebSite\",\"@id\":\"https:\/\/disderot.com\/en\/#website\",\"url\":\"https:\/\/disderot.com\/en\/\",\"name\":\"Disderot\",\"description\":\"Luminaires de collections\",\"inLanguage\":\"en-US\"}]}<\/script>\n<!-- \/ Yoast SEO plugin. -->","yoast_head_json":{"title":"Abraham et Rol - Disderot","description":"Rare couple de cr\u00e9ateurs \u00e0 cette \u00e9poque, Janine Abraham et Dirk Jan Rol ont travaill\u00e9 en symbiose toute leur vie et Janine peut \u00eatre consid\u00e9r\u00e9e comme l\u2019une des toutes premi\u00e8res femmes designer en France. Ils sont \u00e0 l'origin de la cr\u00e9ation de nombres d'objets iconiques du design fran\u00e7ais dont des luminaires ...","robots":{"index":"index","follow":"follow","max-snippet":"max-snippet:-1","max-image-preview":"max-image-preview:large","max-video-preview":"max-video-preview:-1"},"canonical":"https:\/\/disderot.com\/en\/abraham-et-rol\/","og_locale":"en_US","og_type":"article","og_title":"Abraham et Rol - Disderot","og_description":"Rare couple de cr\u00e9ateurs \u00e0 cette \u00e9poque, Janine Abraham et Dirk Jan Rol ont travaill\u00e9 en symbiose toute leur vie et Janine peut \u00eatre consid\u00e9r\u00e9e comme l\u2019une des toutes premi\u00e8res femmes designer en France. Ils sont \u00e0 l'origin de la cr\u00e9ation de nombres d'objets iconiques du design fran\u00e7ais dont des luminaires ...","og_url":"https:\/\/disderot.com\/en\/abraham-et-rol\/","og_site_name":"Disderot","article_modified_time":"2025-03-10T14:21:07+00:00","twitter_card":"summary_large_image","twitter_site":"@disderot_now","twitter_misc":{"Est. reading time":"6 minutes"},"schema":{"@context":"https:\/\/schema.org","@graph":[{"@type":"WebPage","@id":"https:\/\/disderot.com\/en\/abraham-et-rol\/","url":"https:\/\/disderot.com\/en\/abraham-et-rol\/","name":"Abraham et Rol - Disderot","isPartOf":{"@id":"https:\/\/disderot.com\/en\/#website"},"datePublished":"2017-08-28T10:48:07+00:00","dateModified":"2025-03-10T14:21:07+00:00","description":"Rare couple de cr\u00e9ateurs \u00e0 cette \u00e9poque, Janine Abraham et Dirk Jan Rol ont travaill\u00e9 en symbiose toute leur vie et Janine peut \u00eatre consid\u00e9r\u00e9e comme l\u2019une des toutes premi\u00e8res femmes designer en France. Ils sont \u00e0 l'origin de la cr\u00e9ation de nombres d'objets iconiques du design fran\u00e7ais dont des luminaires ...","breadcrumb":{"@id":"https:\/\/disderot.com\/en\/abraham-et-rol\/#breadcrumb"},"inLanguage":"en-US","potentialAction":[{"@type":"ReadAction","target":[["https:\/\/disderot.com\/en\/abraham-et-rol\/"]]}]},{"@type":"BreadcrumbList","@id":"https:\/\/disderot.com\/en\/abraham-et-rol\/#breadcrumb","itemListElement":[{"@type":"ListItem","position":1,"name":"Accueil","item":"https:\/\/disderot.com\/en\/"},{"@type":"ListItem","position":2,"name":"Abraham et Rol"}]},{"@type":"WebSite","@id":"https:\/\/disderot.com\/en\/#website","url":"https:\/\/disderot.com\/en\/","name":"Disderot","description":"Luminaires de collections","inLanguage":"en-US"}]}},"_links":{"self":[{"href":"https:\/\/disderot.com\/en\/wp-json\/wp\/v2\/pages\/5584","targetHints":{"allow":["GET"]}}],"collection":[{"href":"https:\/\/disderot.com\/en\/wp-json\/wp\/v2\/pages"}],"about":[{"href":"https:\/\/disderot.com\/en\/wp-json\/wp\/v2\/types\/page"}],"author":[{"embeddable":true,"href":"https:\/\/disderot.com\/en\/wp-json\/wp\/v2\/users\/1"}],"replies":[{"embeddable":true,"href":"https:\/\/disderot.com\/en\/wp-json\/wp\/v2\/comments?post=5584"}],"version-history":[{"count":88,"href":"https:\/\/disderot.com\/en\/wp-json\/wp\/v2\/pages\/5584\/revisions"}],"predecessor-version":[{"id":8260,"href":"https:\/\/disderot.com\/en\/wp-json\/wp\/v2\/pages\/5584\/revisions\/8260"}],"wp:attachment":[{"href":"https:\/\/disderot.com\/en\/wp-json\/wp\/v2\/media?parent=5584"}],"curies":[{"name":"wp","href":"https:\/\/api.w.org\/{rel}","templated":true}]}}