{"id":5579,"date":"2017-08-28T10:38:45","date_gmt":"2017-08-28T10:38:45","guid":{"rendered":"https:\/\/disderot.com\/?page_id=5579"},"modified":"2020-07-10T16:23:50","modified_gmt":"2020-07-10T16:23:50","slug":"pierre-disderot","status":"publish","type":"page","link":"https:\/\/disderot.com\/en\/pierre-disderot\/","title":{"rendered":"Pierre Disderot"},"content":{"rendered":"<div class=\"wpb-content-wrapper\"><p>[vc_row wrap_container=&#8221;yes&#8221; txt_section_align=&#8221;txt-center&#8221;][vc_column txt_column_align=&#8221;txt-center&#8221; delay=&#8221;0ms&#8221;][vc_empty_space height=&#8221;100px&#8221;]<div class=\"porto-u-heading  wpb_custom_95aa9a11c17ad45cfabaf210d84ee7cc porto-u-55ca8359258f9a412be7e73af65d2aac \"><div class=\"porto-u-main-heading\"><h5  >DESIGNER<\/h5><\/div><style>.porto-u-55ca8359258f9a412be7e73af65d2aac.porto-u-heading{text-align:center}<\/style><\/div>[vc_separator el_width=&#8221;10&#8243;]<div class=\"porto-u-heading  wpb_custom_95aa9a11c17ad45cfabaf210d84ee7cc porto-u-55ca8359258f9a412be7e73af65d2aac \"><div class=\"porto-u-main-heading\"><h2  >PIERRE DISDEROT<\/h2><\/div><div class=\"porto-u-sub-heading\" style=\"\">Pierre Disderot holds a special place in twentieth-century French lighting, that of the invention of modern light. He was the creator and publisher of an elegant and modern forefront capable of competing with the best foreign productions. His story was also that of his friendships with the finest French design of the 50s, Pierre Guariche, Joseph-Andre Motte, Alain Richard, Michel Mortier but also later with Olivier Mourgues, Etienne Fermigier or Fran\u00e7ois Arnal.<\/div><style>.porto-u-55ca8359258f9a412be7e73af65d2aac.porto-u-heading{text-align:center}<\/style><\/div>[vc_row_inner][vc_column_inner width=&#8221;1\/3&#8243;][vc_single_image image=&#8221;5501&#8243; img_size=&#8221;medium&#8221; alignment=&#8221;center&#8221; style=&#8221;vc_box_circle&#8221; label=&#8221;&#8221;][\/vc_column_inner][vc_column_inner width=&#8221;2\/3&#8243;][vc_column_text]<div class=\"to-pull-quote left to-pull-quote-border\" style=\"width:40%;\"><\/p>\n<p style=\"text-align: center;\"><strong>Pierre Disderot<br \/>\n<\/strong>1920-1991<\/p>\n<p><\/div>[\/vc_column_text][vc_column_text]<\/p>\n<p style=\"text-align: left;\">Pierre Disderot studied engineering at the Ecole Breguet but demonstrates a great sensitivity to modern architecture, he also joins the Espace group founded in 1951 by Andr\u00e9 Bloc, director of the journal l&#8217;Architecture today. In 1948, he opened Pierre Disderot Workshops, specialized in the manufacture of lighting fixtures. First inspired by the classic creations of his time like those of Perzel or bronziers of arts, he turns very quickly towards more innovative designs.<\/p>\n<p style=\"text-align: left;\">It is his meeting with Marcel Gascoin who offers him the opportunity to discover two talented young designers, Michel Mortier and Pierre Guariche, members of his design office. From then on, the trio launches the first range of &#8216;rational&#8217; lighting fixtures Then follow other successful collaborations for almost 30 years: Joseph-Andr\u00e9 Motte, Gautier Delaye, Jacques Dumond, Bernard Durussel, Pierre Paulin, Roger Fatus &#8230; Many forefront models are born in his workshops. In 1955, he participated in the exciting adventure of the ARP founded the previous year by the trio Guariche, Motte and Mortier in order to federate editors acquired a demanding modernity.<\/p>\n<p style=\"text-align: left;\">Pierre Disderot has the ability to know how to surround himself with the best of his time, to know how to listen to their talents, like Pierre Guariche&#8217;s with metal, and to offer them the technological tool they dream of. Excellent designer himself, Pierre Disderot is much more than an industrialist for this generation of designers, he has understood their requirements for functionality, their uncompromising modernity and their rigorous and innovative aesthetics.<\/p>\n<p style=\"text-align: left;\">This professional, artistic and friendly collaboration gives rise to one of the most beautiful French creative symbiosis of the twentieth century and some of the most beautiful luminaries in the world. For more than three decades, Pierre Disderot has been the benchmark for lighting, whether for the home or for collective or architectural lighting. He participates in many prestigious projects which he ensures the lightingdesign , one of the best known being the liner.<\/p>\n<p>[\/vc_column_text][\/vc_column_inner][\/vc_row_inner][vc_empty_space height=&#8221;60px&#8221;][\/vc_column][\/vc_row][vc_row wrap_container=&#8221;yes&#8221;][vc_column txt_column_align=&#8221;txt-center&#8221; delay=&#8221;0ms&#8221;]<div class=\"porto-u-heading  wpb_custom_95aa9a11c17ad45cfabaf210d84ee7cc porto-u-55ca8359258f9a412be7e73af65d2aac \"><div class=\"porto-u-main-heading\"><h5  >PIERRE DISDEROT<\/h5><\/div><style>.porto-u-55ca8359258f9a412be7e73af65d2aac.porto-u-heading{text-align:center}<\/style><\/div>[vc_separator el_width=&#8221;10&#8243;]<div class=\"porto-u-heading  wpb_custom_95aa9a11c17ad45cfabaf210d84ee7cc porto-u-55ca8359258f9a412be7e73af65d2aac \"><div class=\"porto-u-main-heading\"><h2  >1013 LAMP<br \/>\n&amp; 2059 WALL LAMP<\/h2><\/div><style>.porto-u-55ca8359258f9a412be7e73af65d2aac.porto-u-heading{text-align:center}<\/style><\/div>[vc_row_inner][vc_column_inner width=&#8221;1\/2&#8243;][vc_single_image image=&#8221;6429&#8243; img_size=&#8221;large&#8221; alignment=&#8221;center&#8221;][vc_column_text]<\/p>\n<p style=\"text-align: left;\"><strong>2059 WALL LAMP<\/strong><\/p>\n<p style=\"text-align: right;\"><a class='to-button tiny standard square to-button-border to-icon-anim' style='color: #7c7c7c; background: none !important; border-color: #7c7c7c;' href='https:\/\/disderot.com\/en\/produit\/2059-applique-pierre-disderot\/' target='_self'><span style='color: #7c7c7c;'>En savoir +<\/span><\/a><\/p>\n<p>[\/vc_column_text][\/vc_column_inner][vc_column_inner width=&#8221;1\/2&#8243;][vc_single_image image=&#8221;6761&#8243; img_size=&#8221;large&#8221; onclick=&#8221;custom_link&#8221;][vc_column_text]<\/p>\n<p style=\"text-align: left;\"><strong>1013 LAMP<\/strong><\/p>\n<p style=\"text-align: right;\"><a class='to-button tiny standard square to-button-border to-icon-anim' style='color: #7c7c7c; background: none !important; border-color: #7c7c7c;' href='https:\/\/disderot.com\/en\/produit\/lampe-1013-pierre-disderot\/' target='_self'><span style='color: #7c7c7c;'>En savoir +<\/span><\/a><\/p>\n<p>[\/vc_column_text][\/vc_column_inner][\/vc_row_inner][\/vc_column][\/vc_row]<\/p>\n<\/div>","protected":false},"excerpt":{"rendered":"<p>[vc_row wrap_container=&#8221;yes&#8221; txt_section_align=&#8221;txt-center&#8221;][vc_column txt_column_align=&#8221;txt-center&#8221; delay=&#8221;0ms&#8221;][vc_empty_space height=&#8221;100px&#8221;][vc_separator el_width=&#8221;10&#8243;][vc_row_inner][vc_column_inner width=&#8221;1\/3&#8243;][vc_single_image image=&#8221;5501&#8243; img_size=&#8221;medium&#8221; alignment=&#8221;center&#8221; style=&#8221;vc_box_circle&#8221; label=&#8221;&#8221;][\/vc_column_inner][vc_column_inner width=&#8221;2\/3&#8243;][vc_column_text][\/vc_column_text][vc_column_text] Pierre Disderot studied engineering at the Ecole Breguet but demonstrates a great sensitivity to modern architecture, he also joins the Espace group founded in 1951 by Andr\u00e9 Bloc, director of the journal l&#8217;Architecture today. In 1948, he opened Pierre Disderot Workshops, [&hellip;]<\/p>\n","protected":false},"author":1,"featured_media":0,"parent":0,"menu_order":0,"comment_status":"closed","ping_status":"closed","template":"","meta":{"_acf_changed":false,"_monsterinsights_skip_tracking":false,"_monsterinsights_sitenote_active":false,"_monsterinsights_sitenote_note":"","_monsterinsights_sitenote_category":0,"footnotes":""},"class_list":["post-5579","page","type-page","status-publish","hentry"],"acf":[],"yoast_head":"<!-- This site is optimized with the Yoast SEO plugin v27.2 - https:\/\/yoast.com\/product\/yoast-seo-wordpress\/ -->\n<title>Pierre Disderot - Disderot<\/title>\n<meta name=\"description\" content=\"Pierre Disderot tient une place \u00e0 part dans le luminaire fran\u00e7ais du 20eme si\u00e8cle, celle de l\u2019invention de la lumi\u00e8re moderne. Il a \u00e9t\u00e9 le cr\u00e9ateur et l\u2019\u00e9diteur d\u2019une avant-garde \u00e9l\u00e9gante et moderne capable de rivaliser avec les meilleures productions \u00e9trang\u00e8res. Issu de la fine fleur du design fran\u00e7ais des ann\u00e9es 50,\" \/>\n<meta name=\"robots\" content=\"index, follow, max-snippet:-1, max-image-preview:large, max-video-preview:-1\" \/>\n<link rel=\"canonical\" href=\"https:\/\/disderot.com\/en\/pierre-disderot\/\" \/>\n<meta property=\"og:locale\" content=\"en_US\" \/>\n<meta property=\"og:type\" content=\"article\" \/>\n<meta property=\"og:title\" content=\"Pierre Disderot - Disderot\" \/>\n<meta property=\"og:description\" content=\"Pierre Disderot tient une place \u00e0 part dans le luminaire fran\u00e7ais du 20eme si\u00e8cle, celle de l\u2019invention de la lumi\u00e8re moderne. Il a \u00e9t\u00e9 le cr\u00e9ateur et l\u2019\u00e9diteur d\u2019une avant-garde \u00e9l\u00e9gante et moderne capable de rivaliser avec les meilleures productions \u00e9trang\u00e8res. Issu de la fine fleur du design fran\u00e7ais des ann\u00e9es 50,\" \/>\n<meta property=\"og:url\" content=\"https:\/\/disderot.com\/en\/pierre-disderot\/\" \/>\n<meta property=\"og:site_name\" content=\"Disderot\" \/>\n<meta property=\"article:modified_time\" content=\"2020-07-10T16:23:50+00:00\" \/>\n<meta name=\"twitter:card\" content=\"summary_large_image\" \/>\n<meta name=\"twitter:site\" content=\"@disderot_now\" \/>\n<meta name=\"twitter:label1\" content=\"Est. reading time\" \/>\n\t<meta name=\"twitter:data1\" content=\"7 minutes\" \/>\n<script type=\"application\/ld+json\" class=\"yoast-schema-graph\">{\"@context\":\"https:\/\/schema.org\",\"@graph\":[{\"@type\":\"WebPage\",\"@id\":\"https:\/\/disderot.com\/en\/pierre-disderot\/\",\"url\":\"https:\/\/disderot.com\/en\/pierre-disderot\/\",\"name\":\"Pierre Disderot - Disderot\",\"isPartOf\":{\"@id\":\"https:\/\/disderot.com\/en\/#website\"},\"datePublished\":\"2017-08-28T10:38:45+00:00\",\"dateModified\":\"2020-07-10T16:23:50+00:00\",\"description\":\"Pierre Disderot tient une place \u00e0 part dans le luminaire fran\u00e7ais du 20eme si\u00e8cle, celle de l\u2019invention de la lumi\u00e8re moderne. Il a \u00e9t\u00e9 le cr\u00e9ateur et l\u2019\u00e9diteur d\u2019une avant-garde \u00e9l\u00e9gante et moderne capable de rivaliser avec les meilleures productions \u00e9trang\u00e8res. Issu de la fine fleur du design fran\u00e7ais des ann\u00e9es 50,\",\"breadcrumb\":{\"@id\":\"https:\/\/disderot.com\/en\/pierre-disderot\/#breadcrumb\"},\"inLanguage\":\"en-US\",\"potentialAction\":[{\"@type\":\"ReadAction\",\"target\":[[\"https:\/\/disderot.com\/en\/pierre-disderot\/\"]]}]},{\"@type\":\"BreadcrumbList\",\"@id\":\"https:\/\/disderot.com\/en\/pierre-disderot\/#breadcrumb\",\"itemListElement\":[{\"@type\":\"ListItem\",\"position\":1,\"name\":\"Accueil\",\"item\":\"https:\/\/disderot.com\/en\/\"},{\"@type\":\"ListItem\",\"position\":2,\"name\":\"Pierre Disderot\"}]},{\"@type\":\"WebSite\",\"@id\":\"https:\/\/disderot.com\/en\/#website\",\"url\":\"https:\/\/disderot.com\/en\/\",\"name\":\"Disderot\",\"description\":\"Luminaires de collections\",\"inLanguage\":\"en-US\"}]}<\/script>\n<!-- \/ Yoast SEO plugin. -->","yoast_head_json":{"title":"Pierre Disderot - Disderot","description":"Pierre Disderot tient une place \u00e0 part dans le luminaire fran\u00e7ais du 20eme si\u00e8cle, celle de l\u2019invention de la lumi\u00e8re moderne. Il a \u00e9t\u00e9 le cr\u00e9ateur et l\u2019\u00e9diteur d\u2019une avant-garde \u00e9l\u00e9gante et moderne capable de rivaliser avec les meilleures productions \u00e9trang\u00e8res. Issu de la fine fleur du design fran\u00e7ais des ann\u00e9es 50,","robots":{"index":"index","follow":"follow","max-snippet":"max-snippet:-1","max-image-preview":"max-image-preview:large","max-video-preview":"max-video-preview:-1"},"canonical":"https:\/\/disderot.com\/en\/pierre-disderot\/","og_locale":"en_US","og_type":"article","og_title":"Pierre Disderot - Disderot","og_description":"Pierre Disderot tient une place \u00e0 part dans le luminaire fran\u00e7ais du 20eme si\u00e8cle, celle de l\u2019invention de la lumi\u00e8re moderne. Il a \u00e9t\u00e9 le cr\u00e9ateur et l\u2019\u00e9diteur d\u2019une avant-garde \u00e9l\u00e9gante et moderne capable de rivaliser avec les meilleures productions \u00e9trang\u00e8res. Issu de la fine fleur du design fran\u00e7ais des ann\u00e9es 50,","og_url":"https:\/\/disderot.com\/en\/pierre-disderot\/","og_site_name":"Disderot","article_modified_time":"2020-07-10T16:23:50+00:00","twitter_card":"summary_large_image","twitter_site":"@disderot_now","twitter_misc":{"Est. reading time":"7 minutes"},"schema":{"@context":"https:\/\/schema.org","@graph":[{"@type":"WebPage","@id":"https:\/\/disderot.com\/en\/pierre-disderot\/","url":"https:\/\/disderot.com\/en\/pierre-disderot\/","name":"Pierre Disderot - Disderot","isPartOf":{"@id":"https:\/\/disderot.com\/en\/#website"},"datePublished":"2017-08-28T10:38:45+00:00","dateModified":"2020-07-10T16:23:50+00:00","description":"Pierre Disderot tient une place \u00e0 part dans le luminaire fran\u00e7ais du 20eme si\u00e8cle, celle de l\u2019invention de la lumi\u00e8re moderne. Il a \u00e9t\u00e9 le cr\u00e9ateur et l\u2019\u00e9diteur d\u2019une avant-garde \u00e9l\u00e9gante et moderne capable de rivaliser avec les meilleures productions \u00e9trang\u00e8res. Issu de la fine fleur du design fran\u00e7ais des ann\u00e9es 50,","breadcrumb":{"@id":"https:\/\/disderot.com\/en\/pierre-disderot\/#breadcrumb"},"inLanguage":"en-US","potentialAction":[{"@type":"ReadAction","target":[["https:\/\/disderot.com\/en\/pierre-disderot\/"]]}]},{"@type":"BreadcrumbList","@id":"https:\/\/disderot.com\/en\/pierre-disderot\/#breadcrumb","itemListElement":[{"@type":"ListItem","position":1,"name":"Accueil","item":"https:\/\/disderot.com\/en\/"},{"@type":"ListItem","position":2,"name":"Pierre Disderot"}]},{"@type":"WebSite","@id":"https:\/\/disderot.com\/en\/#website","url":"https:\/\/disderot.com\/en\/","name":"Disderot","description":"Luminaires de collections","inLanguage":"en-US"}]}},"_links":{"self":[{"href":"https:\/\/disderot.com\/en\/wp-json\/wp\/v2\/pages\/5579","targetHints":{"allow":["GET"]}}],"collection":[{"href":"https:\/\/disderot.com\/en\/wp-json\/wp\/v2\/pages"}],"about":[{"href":"https:\/\/disderot.com\/en\/wp-json\/wp\/v2\/types\/page"}],"author":[{"embeddable":true,"href":"https:\/\/disderot.com\/en\/wp-json\/wp\/v2\/users\/1"}],"replies":[{"embeddable":true,"href":"https:\/\/disderot.com\/en\/wp-json\/wp\/v2\/comments?post=5579"}],"version-history":[{"count":19,"href":"https:\/\/disderot.com\/en\/wp-json\/wp\/v2\/pages\/5579\/revisions"}],"predecessor-version":[{"id":7208,"href":"https:\/\/disderot.com\/en\/wp-json\/wp\/v2\/pages\/5579\/revisions\/7208"}],"wp:attachment":[{"href":"https:\/\/disderot.com\/en\/wp-json\/wp\/v2\/media?parent=5579"}],"curies":[{"name":"wp","href":"https:\/\/api.w.org\/{rel}","templated":true}]}}