{"id":5479,"date":"2017-08-27T16:31:31","date_gmt":"2017-08-27T16:31:31","guid":{"rendered":"https:\/\/disderot.com\/?page_id=5479"},"modified":"2020-07-21T14:16:50","modified_gmt":"2020-07-21T14:16:50","slug":"disderot","status":"publish","type":"page","link":"https:\/\/disderot.com\/en\/disderot\/","title":{"rendered":"Disderot"},"content":{"rendered":"<div class=\"wpb-content-wrapper\"><p>[vc_row wrap_container=&#8221;yes&#8221; txt_section_align=&#8221;txt-center&#8221;][vc_column txt_column_align=&#8221;txt-center&#8221; delay=&#8221;0ms&#8221;][vc_empty_space height=&#8221;100px&#8221;]<div class=\"porto-u-heading  wpb_custom_95aa9a11c17ad45cfabaf210d84ee7cc porto-u-55ca8359258f9a412be7e73af65d2aac \"><div class=\"porto-u-main-heading\"><h5  >DISDEROT<\/h5><\/div><style>.porto-u-55ca8359258f9a412be7e73af65d2aac.porto-u-heading{text-align:center}<\/style><\/div>[vc_separator el_width=&#8221;10&#8243;]<div class=\"porto-u-heading  wpb_custom_95aa9a11c17ad45cfabaf210d84ee7cc porto-u-55ca8359258f9a412be7e73af65d2aac \"><div class=\"porto-u-main-heading\"><h2  >COLLECTIBLE LIGHTINGS<\/h2><\/div><div class=\"porto-u-sub-heading\" style=\"\">Disderot perpetuate the timeless spirit of French creation from the 50s to the 70s with this made in France collection, respecting the tradition and quality. Gathering wall light, lamps, ceiling lamps and desk lamps. Each edited model is numbered and accompanied by a certificate of authenticity. This collection bring back to life the creations of : Ateliers Pierre Disderot.<\/div><style>.porto-u-55ca8359258f9a412be7e73af65d2aac.porto-u-heading{text-align:center}<\/style><\/div>[vc_row_inner][vc_column_inner][vc_column_text]<div class=\"to-pull-quote left to-pull-quote-border\" style=\"width:40%;\"><\/p>\n<p style=\"text-align: center;\"><strong>DISDEROT 2017<\/strong><\/p>\n<p><\/div>[\/vc_column_text][vc_column_text]<\/p>\n<p style=\"text-align: left;\">When the lighting company Soka bought the Ateliers Pierre Disderot in 1984 to become Soka Disderot, it was with the idea of \u200b\u200bperpetuating the work of one of the greatest French luminaire companies.<br \/>\nToday, its current leaders, faithful to the founding values, re-issuing few mythical models conforming to the originals, identical to the smallest details under the brand Disderot.<\/p>\n<p style=\"text-align: left;\">Disderot perpetuate the timeless spirit of French creation from the 50s to the 70s with this made in France collection, respecting the tradition and quality. Gathering wall light, lamps, ceiling lamps and desk lamps.<br \/>\nEach edited model is numbered and accompanied by a certificate of authenticity.<\/p>\n<p style=\"text-align: left;\">This collection of the greatest French designers from the 1950s to the 1970s resurfaced the creations of the Ateliers Pierre Disderot with respect for original works and craftsmanship.<\/p>\n<p>[\/vc_column_text][\/vc_column_inner][\/vc_row_inner][vc_empty_space height=&#8221;100px&#8221;]<div class=\"porto-u-heading  wpb_custom_95aa9a11c17ad45cfabaf210d84ee7cc porto-u-55ca8359258f9a412be7e73af65d2aac \"><div class=\"porto-u-main-heading\"><h5  >LES ATELIERS PIERRE DISDEROT<\/h5><\/div><style>.porto-u-55ca8359258f9a412be7e73af65d2aac.porto-u-heading{text-align:center}<\/style><\/div>[vc_separator el_width=&#8221;10&#8243;]<div class=\"porto-u-heading  wpb_custom_95aa9a11c17ad45cfabaf210d84ee7cc porto-u-55ca8359258f9a412be7e73af65d2aac \"><div class=\"porto-u-main-heading\"><h2  >COLLECTIBLE LIGHTINGS<\/h2><\/div><div class=\"porto-u-sub-heading\" style=\"\">Pierre Disderot was born in Paris in 1920 from Italian parents and took electricity course at the school Breguet. But his great sensitivity to architecture directs him towards architects and their fixtures. He joined the Groupe Espace founded in 1951 by Andr\u00e9 Bloc, the director of the magazine L&#8217;Architecture d&#8217;aujourd&#8217;hui.<\/div><style>.porto-u-55ca8359258f9a412be7e73af65d2aac.porto-u-heading{text-align:center}<\/style><\/div>[vc_row_inner][vc_column_inner width=&#8221;1\/3&#8243;][vc_single_image image=&#8221;5501&#8243; img_size=&#8221;medium&#8221; alignment=&#8221;center&#8221; style=&#8221;vc_box_circle&#8221;][\/vc_column_inner][vc_column_inner width=&#8221;2\/3&#8243;][vc_column_text]<div class=\"to-pull-quote left to-pull-quote-border\" style=\"width:40%;\"><\/p>\n<p style=\"text-align: center;\"><strong>PIERRE DISDEROT<\/strong><\/p>\n<p><\/div>[\/vc_column_text][vc_column_text]<br \/>\nHe opened his first studio in Cachan in 1948 and his first works are marked by the classic modernism typical of the bronzers of the late 1940s but do not fit well with his progressive spirit.<br \/>\nIt is his meeting with one of the masters of modernity of that time, Marcel Gascoin and his young team of the ARHEC (rational development of housing and communities) including Michel Mortier and Pierre Guariche who is at the origin of the radical turning point. From this collaboration come models recognized today as the greatest successes of the 1950s.<br \/>\nHis partnership with members of the ARP (Plastic Research Workshop), Pierre Guariche, Joseph-Andre Motte, Michel Mortier but also Alain Richard gives birth to a multitude of models that reinvent the lighting of the house. The technique of metal bends to their aesthetic vision itself in the service of a functional requirement.<br \/>\nOne of his strengths is to be able to understand the novelty and the interest of the modernity of the proposals of these young creators because he is himself an excellent designer of models. All his life, he will design lighting fixtures that will have nothing to envy to those of his teams. Many of his luminaries, as well as those of Guariche, Motte, Richard and Mortier appear in the most beautiful museums and unleash the enthusiasm of collectors.<br \/>\nPierre Disderot adheres to the project of bringing together furniture, seating and lighting editors who share this same conception of modernity and their joint publicity is a manifesto. These are, for example, the magnificent shops of Charles Minvielle architected and directed by Dirk Jan Rol.<br \/>\nThe activity of the workshops is a great success and Pierre Disderot has the collaboration of Pierre Paulin, Jacques Dumont, Ren\u00e9-Jean Caillette, then in the 60&#8217;s Etienne Fermigier, Roger Fatus, Olivier Mourgue and then Fran\u00e7ois Arnal.<\/p>\n<p>[\/vc_column_text][vc_single_image image=&#8221;5510&#8243; img_size=&#8221;full&#8221; alignment=&#8221;center&#8221;][vc_column_text]<\/p>\n<p style=\"text-align: left;\"><em>Pierre Disderot-\u00a0Salon du meuble, 1966<\/em><\/p>\n<p style=\"text-align: left;\">Beyond this edition of models, the Disderot workshops respond to numerous bespoke orders from interior designers or architects and win prestigious private and public commissions such as the France liner, Orly airport, UNESCO or Paris. House of the radio.<br \/>\nIf the workshops have up to 80 people, the sale remains craft and most orders are taken at the Salon des arts m\u00e9nagers. In 1967-68, the factory expanded and moved to Choisy-le-Roi, the warehouse are large, subtly organized by Alain Richard who was also the creator of the graphic charter and Disderot catalogs.<br \/>\nAlways in search of the tip of modernity, Pierre Disderot buys licenses for new products such as this acetate thread glued by a drip of acetone on a wooden mold that gives birth to the brand Rotaflex under the direction of his Brother Jean Disderot. Pierre Guariche, Joseph-Andre Motte, Michel Mortier and of course the ARP seize it and produce some of the most beautiful models in this famous modern material, bright, unbreakable, easy to clean and with\u00a0the light is so warm. The simplest of these consumer models were produced in large series because they were not expensive.<\/p>\n<p style=\"text-align: left;\">Pierre Disderot sold his workshops in 1984 and devoted himself to teaching and union activities. He died in 1991.<\/p>\n<p>&nbsp;<\/p>\n<p>[\/vc_column_text][\/vc_column_inner][\/vc_row_inner][\/vc_column][\/vc_row]<\/p>\n<\/div>","protected":false},"excerpt":{"rendered":"<p>[vc_row wrap_container=&#8221;yes&#8221; txt_section_align=&#8221;txt-center&#8221;][vc_column txt_column_align=&#8221;txt-center&#8221; delay=&#8221;0ms&#8221;][vc_empty_space height=&#8221;100px&#8221;][vc_separator el_width=&#8221;10&#8243;][vc_row_inner][vc_column_inner][vc_column_text][\/vc_column_text][vc_column_text] When the lighting company Soka bought the Ateliers Pierre Disderot in 1984 to become Soka Disderot, it was with the idea of \u200b\u200bperpetuating the work of one of the greatest French luminaire companies. Today, its current leaders, faithful to the founding values, re-issuing few mythical models conforming to [&hellip;]<\/p>\n","protected":false},"author":1,"featured_media":0,"parent":0,"menu_order":0,"comment_status":"closed","ping_status":"closed","template":"","meta":{"_acf_changed":false,"_monsterinsights_skip_tracking":false,"_monsterinsights_sitenote_active":false,"_monsterinsights_sitenote_note":"","_monsterinsights_sitenote_category":0,"footnotes":""},"class_list":["post-5479","page","type-page","status-publish","hentry"],"acf":[],"yoast_head":"<!-- This site is optimized with the Yoast SEO plugin v27.2 - https:\/\/yoast.com\/product\/yoast-seo-wordpress\/ -->\n<title>Disderot - Disderot<\/title>\n<meta name=\"description\" content=\"Disderot refait aujourd\u2019hui vivre les cr\u00e9ations de luminaires iconiques des Ateliers Pierre Disderot des ann\u00e9es 50 \u00e0 70 avec cette collection fabriqu\u00e9e en France, dans le respect de la tradition et de la qualit\u00e9. Elle r\u00e9unit appliques murales, lampadaires, plafonniers et lampes de bureau.\" \/>\n<meta name=\"robots\" content=\"index, follow, max-snippet:-1, max-image-preview:large, max-video-preview:-1\" \/>\n<link rel=\"canonical\" href=\"https:\/\/disderot.com\/en\/disderot\/\" \/>\n<meta property=\"og:locale\" content=\"en_US\" \/>\n<meta property=\"og:type\" content=\"article\" \/>\n<meta property=\"og:title\" content=\"Disderot - Disderot\" \/>\n<meta property=\"og:description\" content=\"Disderot refait aujourd\u2019hui vivre les cr\u00e9ations de luminaires iconiques des Ateliers Pierre Disderot des ann\u00e9es 50 \u00e0 70 avec cette collection fabriqu\u00e9e en France, dans le respect de la tradition et de la qualit\u00e9. Elle r\u00e9unit appliques murales, lampadaires, plafonniers et lampes de bureau.\" \/>\n<meta property=\"og:url\" content=\"https:\/\/disderot.com\/en\/disderot\/\" \/>\n<meta property=\"og:site_name\" content=\"Disderot\" \/>\n<meta property=\"article:modified_time\" content=\"2020-07-21T14:16:50+00:00\" \/>\n<meta name=\"twitter:card\" content=\"summary_large_image\" \/>\n<meta name=\"twitter:site\" content=\"@disderot_now\" \/>\n<meta name=\"twitter:label1\" content=\"Est. reading time\" \/>\n\t<meta name=\"twitter:data1\" content=\"10 minutes\" \/>\n<script type=\"application\/ld+json\" class=\"yoast-schema-graph\">{\"@context\":\"https:\/\/schema.org\",\"@graph\":[{\"@type\":\"WebPage\",\"@id\":\"https:\/\/disderot.com\/en\/disderot\/\",\"url\":\"https:\/\/disderot.com\/en\/disderot\/\",\"name\":\"Disderot - Disderot\",\"isPartOf\":{\"@id\":\"https:\/\/disderot.com\/en\/#website\"},\"datePublished\":\"2017-08-27T16:31:31+00:00\",\"dateModified\":\"2020-07-21T14:16:50+00:00\",\"description\":\"Disderot refait aujourd\u2019hui vivre les cr\u00e9ations de luminaires iconiques des Ateliers Pierre Disderot des ann\u00e9es 50 \u00e0 70 avec cette collection fabriqu\u00e9e en France, dans le respect de la tradition et de la qualit\u00e9. Elle r\u00e9unit appliques murales, lampadaires, plafonniers et lampes de bureau.\",\"breadcrumb\":{\"@id\":\"https:\/\/disderot.com\/en\/disderot\/#breadcrumb\"},\"inLanguage\":\"en-US\",\"potentialAction\":[{\"@type\":\"ReadAction\",\"target\":[[\"https:\/\/disderot.com\/en\/disderot\/\"]]}]},{\"@type\":\"BreadcrumbList\",\"@id\":\"https:\/\/disderot.com\/en\/disderot\/#breadcrumb\",\"itemListElement\":[{\"@type\":\"ListItem\",\"position\":1,\"name\":\"Accueil\",\"item\":\"https:\/\/disderot.com\/en\/\"},{\"@type\":\"ListItem\",\"position\":2,\"name\":\"Disderot\"}]},{\"@type\":\"WebSite\",\"@id\":\"https:\/\/disderot.com\/en\/#website\",\"url\":\"https:\/\/disderot.com\/en\/\",\"name\":\"Disderot\",\"description\":\"Luminaires de collections\",\"inLanguage\":\"en-US\"}]}<\/script>\n<!-- \/ Yoast SEO plugin. -->","yoast_head_json":{"title":"Disderot - Disderot","description":"Disderot refait aujourd\u2019hui vivre les cr\u00e9ations de luminaires iconiques des Ateliers Pierre Disderot des ann\u00e9es 50 \u00e0 70 avec cette collection fabriqu\u00e9e en France, dans le respect de la tradition et de la qualit\u00e9. Elle r\u00e9unit appliques murales, lampadaires, plafonniers et lampes de bureau.","robots":{"index":"index","follow":"follow","max-snippet":"max-snippet:-1","max-image-preview":"max-image-preview:large","max-video-preview":"max-video-preview:-1"},"canonical":"https:\/\/disderot.com\/en\/disderot\/","og_locale":"en_US","og_type":"article","og_title":"Disderot - Disderot","og_description":"Disderot refait aujourd\u2019hui vivre les cr\u00e9ations de luminaires iconiques des Ateliers Pierre Disderot des ann\u00e9es 50 \u00e0 70 avec cette collection fabriqu\u00e9e en France, dans le respect de la tradition et de la qualit\u00e9. Elle r\u00e9unit appliques murales, lampadaires, plafonniers et lampes de bureau.","og_url":"https:\/\/disderot.com\/en\/disderot\/","og_site_name":"Disderot","article_modified_time":"2020-07-21T14:16:50+00:00","twitter_card":"summary_large_image","twitter_site":"@disderot_now","twitter_misc":{"Est. reading time":"10 minutes"},"schema":{"@context":"https:\/\/schema.org","@graph":[{"@type":"WebPage","@id":"https:\/\/disderot.com\/en\/disderot\/","url":"https:\/\/disderot.com\/en\/disderot\/","name":"Disderot - Disderot","isPartOf":{"@id":"https:\/\/disderot.com\/en\/#website"},"datePublished":"2017-08-27T16:31:31+00:00","dateModified":"2020-07-21T14:16:50+00:00","description":"Disderot refait aujourd\u2019hui vivre les cr\u00e9ations de luminaires iconiques des Ateliers Pierre Disderot des ann\u00e9es 50 \u00e0 70 avec cette collection fabriqu\u00e9e en France, dans le respect de la tradition et de la qualit\u00e9. Elle r\u00e9unit appliques murales, lampadaires, plafonniers et lampes de bureau.","breadcrumb":{"@id":"https:\/\/disderot.com\/en\/disderot\/#breadcrumb"},"inLanguage":"en-US","potentialAction":[{"@type":"ReadAction","target":[["https:\/\/disderot.com\/en\/disderot\/"]]}]},{"@type":"BreadcrumbList","@id":"https:\/\/disderot.com\/en\/disderot\/#breadcrumb","itemListElement":[{"@type":"ListItem","position":1,"name":"Accueil","item":"https:\/\/disderot.com\/en\/"},{"@type":"ListItem","position":2,"name":"Disderot"}]},{"@type":"WebSite","@id":"https:\/\/disderot.com\/en\/#website","url":"https:\/\/disderot.com\/en\/","name":"Disderot","description":"Luminaires de collections","inLanguage":"en-US"}]}},"_links":{"self":[{"href":"https:\/\/disderot.com\/en\/wp-json\/wp\/v2\/pages\/5479","targetHints":{"allow":["GET"]}}],"collection":[{"href":"https:\/\/disderot.com\/en\/wp-json\/wp\/v2\/pages"}],"about":[{"href":"https:\/\/disderot.com\/en\/wp-json\/wp\/v2\/types\/page"}],"author":[{"embeddable":true,"href":"https:\/\/disderot.com\/en\/wp-json\/wp\/v2\/users\/1"}],"replies":[{"embeddable":true,"href":"https:\/\/disderot.com\/en\/wp-json\/wp\/v2\/comments?post=5479"}],"version-history":[{"count":55,"href":"https:\/\/disderot.com\/en\/wp-json\/wp\/v2\/pages\/5479\/revisions"}],"predecessor-version":[{"id":7236,"href":"https:\/\/disderot.com\/en\/wp-json\/wp\/v2\/pages\/5479\/revisions\/7236"}],"wp:attachment":[{"href":"https:\/\/disderot.com\/en\/wp-json\/wp\/v2\/media?parent=5479"}],"curies":[{"name":"wp","href":"https:\/\/api.w.org\/{rel}","templated":true}]}}